{"id":5547,"date":"2026-03-17T16:13:43","date_gmt":"2026-03-17T16:13:43","guid":{"rendered":"https:\/\/expovero.com\/?post_type=product&#038;p=5547"},"modified":"2026-03-24T12:33:18","modified_gmt":"2026-03-24T12:33:18","slug":"standhostess-zweisprachig","status":"publish","type":"product","link":"https:\/\/expovero.com\/en\/product\/standhostess-zweisprachig\/","title":{"rendered":"Standhostess zweisprachig"},"content":{"rendered":"<p><strong>T\u00e4glicher Tarif:<\/strong><br \/>\n9:00 Uhr \u2013 18:00 Uhr<\/p>\n<p><strong>Verantwortungsbereiche:<\/strong><br \/>\nEmpfangen und Begr\u00fc\u00dfen von G\u00e4sten, Austausch von Informationen,<br \/>\nPlanung von Terminen in Absprache mit den Kunden<\/p>\n<p><strong>Sprachen:<\/strong><br \/>\nDeutsch, Englisch opt. weitere Sprache<\/p>\n<p>Honorar: 32,77 \u20ac \/ Stunde<br \/>\nTagessatz: \u20ac 294.97<\/p>","protected":false},"excerpt":{"rendered":"<p>T\u00e4glicher Tarif: 9:00 Uhr \u2013 18:00 Uhr Verantwortungsbereiche: Empfangen und Begr\u00fc\u00dfen von G\u00e4sten, Austausch von Informationen, Planung von Terminen in Absprache mit den Kunden Sprachen: Deutsch, Englisch opt. weitere Sprache Honorar: 32,77 \u20ac \/ Stunde Tagessatz: \u20ac 294.97<\/p>","protected":false},"featured_media":5548,"template":"","meta":{"content-type":""},"product_brand":[],"product_cat":[55,166],"product_tag":[],"class_list":{"0":"post-5547","1":"product","2":"type-product","3":"status-publish","4":"has-post-thumbnail","6":"product_cat-personal","7":"product_cat-standpersonal","9":"first","10":"instock","11":"taxable","12":"shipping-taxable","13":"purchasable","14":"product-type-simple"},"_links":{"self":[{"href":"https:\/\/expovero.com\/en\/wp-json\/wp\/v2\/product\/5547","targetHints":{"allow":["GET"]}}],"collection":[{"href":"https:\/\/expovero.com\/en\/wp-json\/wp\/v2\/product"}],"about":[{"href":"https:\/\/expovero.com\/en\/wp-json\/wp\/v2\/types\/product"}],"wp:featuredmedia":[{"embeddable":true,"href":"https:\/\/expovero.com\/en\/wp-json\/wp\/v2\/media\/5548"}],"wp:attachment":[{"href":"https:\/\/expovero.com\/en\/wp-json\/wp\/v2\/media?parent=5547"}],"wp:term":[{"taxonomy":"product_brand","embeddable":true,"href":"https:\/\/expovero.com\/en\/wp-json\/wp\/v2\/product_brand?post=5547"},{"taxonomy":"product_cat","embeddable":true,"href":"https:\/\/expovero.com\/en\/wp-json\/wp\/v2\/product_cat?post=5547"},{"taxonomy":"product_tag","embeddable":true,"href":"https:\/\/expovero.com\/en\/wp-json\/wp\/v2\/product_tag?post=5547"}],"curies":[{"name":"wp","href":"https:\/\/api.w.org\/{rel}","templated":true}]}}