{"id":5541,"date":"2026-03-17T15:55:27","date_gmt":"2026-03-17T15:55:27","guid":{"rendered":"https:\/\/expovero.com\/?post_type=product&#038;p=5541"},"modified":"2026-03-24T12:32:31","modified_gmt":"2026-03-24T12:32:31","slug":"standhost-dreisprachig","status":"publish","type":"product","link":"https:\/\/expovero.com\/en\/product\/standhost-dreisprachig\/","title":{"rendered":"Standhost dreisprachig"},"content":{"rendered":"<p><strong>T\u00e4glicher Tarif:<\/strong><br \/>\n9:00 Uhr \u2013 18:00 Uhr<\/p>\n<p><strong>Verantwortungsbereiche:<\/strong><br \/>\nEmpfangen und Begr\u00fc\u00dfen von G\u00e4sten, Austausch von Informationen,<br \/>\nPlanung von Terminen in Absprache mit den Kunden<\/p>\n<p><strong>Sprachen:<\/strong><br \/>\nDeutsch, Englisch und eine weitere Sprache<\/p>\n<p>Honorar: 37,69 \u20ac \/ Stunde<br \/>\nTagessatz: \u20ac 339,21<\/p>","protected":false},"excerpt":{"rendered":"<p>T\u00e4glicher Tarif: 9:00 Uhr \u2013 18:00 Uhr Verantwortungsbereiche: Empfangen und Begr\u00fc\u00dfen von G\u00e4sten, Austausch von Informationen, Planung von Terminen in Absprache mit den Kunden Sprachen: Deutsch, Englisch und eine weitere Sprache Honorar: 37,69 \u20ac \/ Stunde Tagessatz: \u20ac 339,21<\/p>","protected":false},"featured_media":5542,"template":"","meta":{"content-type":""},"product_brand":[],"product_cat":[55,166],"product_tag":[],"class_list":{"0":"post-5541","1":"product","2":"type-product","3":"status-publish","4":"has-post-thumbnail","6":"product_cat-personal","7":"product_cat-standpersonal","9":"first","10":"instock","11":"taxable","12":"shipping-taxable","13":"purchasable","14":"product-type-simple"},"_links":{"self":[{"href":"https:\/\/expovero.com\/en\/wp-json\/wp\/v2\/product\/5541","targetHints":{"allow":["GET"]}}],"collection":[{"href":"https:\/\/expovero.com\/en\/wp-json\/wp\/v2\/product"}],"about":[{"href":"https:\/\/expovero.com\/en\/wp-json\/wp\/v2\/types\/product"}],"wp:featuredmedia":[{"embeddable":true,"href":"https:\/\/expovero.com\/en\/wp-json\/wp\/v2\/media\/5542"}],"wp:attachment":[{"href":"https:\/\/expovero.com\/en\/wp-json\/wp\/v2\/media?parent=5541"}],"wp:term":[{"taxonomy":"product_brand","embeddable":true,"href":"https:\/\/expovero.com\/en\/wp-json\/wp\/v2\/product_brand?post=5541"},{"taxonomy":"product_cat","embeddable":true,"href":"https:\/\/expovero.com\/en\/wp-json\/wp\/v2\/product_cat?post=5541"},{"taxonomy":"product_tag","embeddable":true,"href":"https:\/\/expovero.com\/en\/wp-json\/wp\/v2\/product_tag?post=5541"}],"curies":[{"name":"wp","href":"https:\/\/api.w.org\/{rel}","templated":true}]}}