{"id":5535,"date":"2026-03-17T15:50:39","date_gmt":"2026-03-17T15:50:39","guid":{"rendered":"https:\/\/expovero.com\/?post_type=product&#038;p=5535"},"modified":"2026-03-24T12:29:59","modified_gmt":"2026-03-24T12:29:59","slug":"beikoch-beikochin","status":"publish","type":"product","link":"https:\/\/expovero.com\/en\/product\/beikoch-beikochin\/","title":{"rendered":"Beikoch \/ Beik\u00f6chin"},"content":{"rendered":"<p>Geniessen Sie Ihre Gerichte a la Carte angerichtet auf Ihrem Messestand.<\/p>\n<p>Unsere K\u00f6che kommen direkt aus unserer K\u00fcche zu Ihnen und bringen Ihre kulinarische Vielf\u00e4ltigkeit zu Ihnen an den Stand.<\/p>\n<p>Das Menu wird selbstverst\u00e4ndlich zuvor mit Ihnen besprochen, Sie k\u00f6nnen alle unsere Speisen aus dem Produktkatalog bestellen.<\/p>\n<p>&nbsp;<\/p>\n<p><strong>T\u00e4glicher Tarif:<\/strong><br \/>\n9:00 Uhr \u2013 18:00 Uhr<\/p>\n<p><strong>Aufgabenbereiche:<\/strong><br \/>\nZubereitung von Speisen in der K\u00fcche<\/p>\n<p><strong>Sprachen:<\/strong><br \/>\nDeutsch, Englisch<\/p>\n<p>Entgelt: 41,00 \u20ac \/ Stunde<br \/>\nTagessatz: \u20ac 369,00<\/p>","protected":false},"excerpt":{"rendered":"<p>Geniessen Sie Ihre Gerichte a la Carte angerichtet auf Ihrem Messestand. Unsere K\u00f6che kommen direkt aus unserer K\u00fcche zu Ihnen und bringen Ihre kulinarische Vielf\u00e4ltigkeit zu Ihnen an den Stand. Das Menu wird selbstverst\u00e4ndlich zuvor mit Ihnen besprochen, Sie k\u00f6nnen alle unsere Speisen aus dem Produktkatalog bestellen. &nbsp; T\u00e4glicher Tarif: 9:00 Uhr \u2013 18:00 Uhr [&hellip;]<\/p>\n","protected":false},"featured_media":5536,"template":"","meta":{"content-type":""},"product_brand":[],"product_cat":[165,55],"product_tag":[],"class_list":{"0":"post-5535","1":"product","2":"type-product","3":"status-publish","4":"has-post-thumbnail","6":"product_cat-kuchenpersonal","7":"product_cat-personal","9":"first","10":"instock","11":"taxable","12":"shipping-taxable","13":"purchasable","14":"product-type-simple"},"_links":{"self":[{"href":"https:\/\/expovero.com\/en\/wp-json\/wp\/v2\/product\/5535","targetHints":{"allow":["GET"]}}],"collection":[{"href":"https:\/\/expovero.com\/en\/wp-json\/wp\/v2\/product"}],"about":[{"href":"https:\/\/expovero.com\/en\/wp-json\/wp\/v2\/types\/product"}],"wp:featuredmedia":[{"embeddable":true,"href":"https:\/\/expovero.com\/en\/wp-json\/wp\/v2\/media\/5536"}],"wp:attachment":[{"href":"https:\/\/expovero.com\/en\/wp-json\/wp\/v2\/media?parent=5535"}],"wp:term":[{"taxonomy":"product_brand","embeddable":true,"href":"https:\/\/expovero.com\/en\/wp-json\/wp\/v2\/product_brand?post=5535"},{"taxonomy":"product_cat","embeddable":true,"href":"https:\/\/expovero.com\/en\/wp-json\/wp\/v2\/product_cat?post=5535"},{"taxonomy":"product_tag","embeddable":true,"href":"https:\/\/expovero.com\/en\/wp-json\/wp\/v2\/product_tag?post=5535"}],"curies":[{"name":"wp","href":"https:\/\/api.w.org\/{rel}","templated":true}]}}