{"id":5533,"date":"2026-03-17T15:35:23","date_gmt":"2026-03-17T15:35:23","guid":{"rendered":"https:\/\/expovero.com\/?post_type=product&#038;p=5533"},"modified":"2026-03-24T12:33:41","modified_gmt":"2026-03-24T12:33:41","slug":"senior-projekt-manager-m-w-d","status":"publish","type":"product","link":"https:\/\/expovero.com\/en\/product\/senior-projekt-manager-m-w-d\/","title":{"rendered":"Senior Projekt Manager (m\/w\/d)"},"content":{"rendered":"<p>Die Planung und die die Durchf\u00fchrung von Events und oder Messen darf nicht dem Zufall \u00fcberlassen werden. Daher empfehlen wir Ihnen bei jeder gr\u00f6\u00dferen Veranstaltung einen Projekt Manager zu beauftragen. Unerwartete Herausforderungen werden vor Ort gel\u00f6st, es wird sich um das kleinste Detail gek\u00fcmmert und ist f\u00fcr Sie eine immense Entlastung.<\/p>\n<p>Sprachen: Deutsch und Englisch<\/p>\n<p>Stundensatz: 50,00 \u20ac<\/p>\n<p>Tagessatz: \u00a0 450,00 \u20ac<\/p>","protected":false},"excerpt":{"rendered":"<p>Die Planung und die die Durchf\u00fchrung von Events und oder Messen darf nicht dem Zufall \u00fcberlassen werden. Daher empfehlen wir Ihnen bei jeder gr\u00f6\u00dferen Veranstaltung einen Projekt Manager zu beauftragen. Unerwartete Herausforderungen werden vor Ort gel\u00f6st, es wird sich um das kleinste Detail gek\u00fcmmert und ist f\u00fcr Sie eine immense Entlastung. Sprachen: Deutsch und Englisch [&hellip;]<\/p>\n","protected":false},"featured_media":5534,"template":"","meta":{"content-type":""},"product_brand":[],"product_cat":[167,55],"product_tag":[],"class_list":{"0":"post-5533","1":"product","2":"type-product","3":"status-publish","4":"has-post-thumbnail","6":"product_cat-organisation","7":"product_cat-personal","9":"first","10":"instock","11":"taxable","12":"shipping-taxable","13":"purchasable","14":"product-type-simple"},"_links":{"self":[{"href":"https:\/\/expovero.com\/en\/wp-json\/wp\/v2\/product\/5533","targetHints":{"allow":["GET"]}}],"collection":[{"href":"https:\/\/expovero.com\/en\/wp-json\/wp\/v2\/product"}],"about":[{"href":"https:\/\/expovero.com\/en\/wp-json\/wp\/v2\/types\/product"}],"wp:featuredmedia":[{"embeddable":true,"href":"https:\/\/expovero.com\/en\/wp-json\/wp\/v2\/media\/5534"}],"wp:attachment":[{"href":"https:\/\/expovero.com\/en\/wp-json\/wp\/v2\/media?parent=5533"}],"wp:term":[{"taxonomy":"product_brand","embeddable":true,"href":"https:\/\/expovero.com\/en\/wp-json\/wp\/v2\/product_brand?post=5533"},{"taxonomy":"product_cat","embeddable":true,"href":"https:\/\/expovero.com\/en\/wp-json\/wp\/v2\/product_cat?post=5533"},{"taxonomy":"product_tag","embeddable":true,"href":"https:\/\/expovero.com\/en\/wp-json\/wp\/v2\/product_tag?post=5533"}],"curies":[{"name":"wp","href":"https:\/\/api.w.org\/{rel}","templated":true}]}}