{"id":5531,"date":"2026-03-17T15:33:09","date_gmt":"2026-03-17T15:33:09","guid":{"rendered":"https:\/\/expovero.com\/?post_type=product&#038;p=5531"},"modified":"2026-03-24T12:33:49","modified_gmt":"2026-03-24T12:33:49","slug":"logistiker","status":"publish","type":"product","link":"https:\/\/expovero.com\/en\/product\/logistiker\/","title":{"rendered":"Logistiker"},"content":{"rendered":"<p>Ihr gesamtes Equipment und Getr\u00e4nkelager wird t\u00e4glich durch den Logistiker kontrolliert. Er sorgt f\u00fcr Nachbestellungen, informiert die zust\u00e4ndigen Ansprechpartner \u00fcber m\u00f6gliche Engp\u00e4sse und sorgt f\u00fcr umgehenden Nachschub, um die dauerhafte Versorgung nicht zu unterbrechen.<\/p>\n<p>Zeit: 9:00 \u2013 18:00<\/p>\n<p>Gage pro Stunde: 31,00 \u20ac<\/p>\n<p>Gesamt: \u00a0279,00 \u20ac<\/p>","protected":false},"excerpt":{"rendered":"<p>Ihr gesamtes Equipment und Getr\u00e4nkelager wird t\u00e4glich durch den Logistiker kontrolliert. Er sorgt f\u00fcr Nachbestellungen, informiert die zust\u00e4ndigen Ansprechpartner \u00fcber m\u00f6gliche Engp\u00e4sse und sorgt f\u00fcr umgehenden Nachschub, um die dauerhafte Versorgung nicht zu unterbrechen. Zeit: 9:00 \u2013 18:00 Gage pro Stunde: 31,00 \u20ac Gesamt: \u00a0279,00 \u20ac<\/p>","protected":false},"featured_media":5532,"template":"","meta":{"content-type":""},"product_brand":[],"product_cat":[167,55],"product_tag":[],"class_list":{"0":"post-5531","1":"product","2":"type-product","3":"status-publish","4":"has-post-thumbnail","6":"product_cat-organisation","7":"product_cat-personal","9":"first","10":"instock","11":"taxable","12":"shipping-taxable","13":"purchasable","14":"product-type-simple"},"_links":{"self":[{"href":"https:\/\/expovero.com\/en\/wp-json\/wp\/v2\/product\/5531","targetHints":{"allow":["GET"]}}],"collection":[{"href":"https:\/\/expovero.com\/en\/wp-json\/wp\/v2\/product"}],"about":[{"href":"https:\/\/expovero.com\/en\/wp-json\/wp\/v2\/types\/product"}],"wp:featuredmedia":[{"embeddable":true,"href":"https:\/\/expovero.com\/en\/wp-json\/wp\/v2\/media\/5532"}],"wp:attachment":[{"href":"https:\/\/expovero.com\/en\/wp-json\/wp\/v2\/media?parent=5531"}],"wp:term":[{"taxonomy":"product_brand","embeddable":true,"href":"https:\/\/expovero.com\/en\/wp-json\/wp\/v2\/product_brand?post=5531"},{"taxonomy":"product_cat","embeddable":true,"href":"https:\/\/expovero.com\/en\/wp-json\/wp\/v2\/product_cat?post=5531"},{"taxonomy":"product_tag","embeddable":true,"href":"https:\/\/expovero.com\/en\/wp-json\/wp\/v2\/product_tag?post=5531"}],"curies":[{"name":"wp","href":"https:\/\/api.w.org\/{rel}","templated":true}]}}