{"id":5044,"date":"2026-03-09T23:26:37","date_gmt":"2026-03-09T23:26:37","guid":{"rendered":"https:\/\/expovero.com\/?post_type=product&#038;p=5044"},"modified":"2026-03-24T12:33:57","modified_gmt":"2026-03-24T12:33:57","slug":"auf-abbauhelfer","status":"publish","type":"product","link":"https:\/\/expovero.com\/en\/product\/auf-abbauhelfer\/","title":{"rendered":"Auf\/ Abbauhelfer"},"content":{"rendered":"<p>Wenn Sie f\u00fcr Ihren Messestand Auf und oder Abbau Hilfe ben\u00f6tigen, dann brauchen Sie einen Helfer, der genug Erfahrung hat um Sie auf dem Stand tatkr\u00e4ftig zu unterst\u00fctzen.<\/p>\n<p>Tagesbuchung: 9:00 \u2013 18:00 Uhr<\/p>\n<p>Stundensatz: 32,77 \u20ac<\/p>\n<p>Tagessatz: 294,93 \u20ac<\/p>","protected":false},"excerpt":{"rendered":"<p>Wenn Sie f\u00fcr Ihren Messestand Auf und oder Abbau Hilfe ben\u00f6tigen, dann brauchen Sie einen Helfer, der genug Erfahrung hat um Sie auf dem Stand tatkr\u00e4ftig zu unterst\u00fctzen. Tagesbuchung: 9:00 \u2013 18:00 Uhr Stundensatz: 32,77 \u20ac Tagessatz: 294,93 \u20ac<\/p>","protected":false},"featured_media":5529,"template":"","meta":{"content-type":""},"product_brand":[],"product_cat":[167,55],"product_tag":[],"class_list":{"0":"post-5044","1":"product","2":"type-product","3":"status-publish","4":"has-post-thumbnail","6":"product_cat-organisation","7":"product_cat-personal","9":"first","10":"instock","11":"taxable","12":"shipping-taxable","13":"purchasable","14":"product-type-simple"},"_links":{"self":[{"href":"https:\/\/expovero.com\/en\/wp-json\/wp\/v2\/product\/5044","targetHints":{"allow":["GET"]}}],"collection":[{"href":"https:\/\/expovero.com\/en\/wp-json\/wp\/v2\/product"}],"about":[{"href":"https:\/\/expovero.com\/en\/wp-json\/wp\/v2\/types\/product"}],"wp:featuredmedia":[{"embeddable":true,"href":"https:\/\/expovero.com\/en\/wp-json\/wp\/v2\/media\/5529"}],"wp:attachment":[{"href":"https:\/\/expovero.com\/en\/wp-json\/wp\/v2\/media?parent=5044"}],"wp:term":[{"taxonomy":"product_brand","embeddable":true,"href":"https:\/\/expovero.com\/en\/wp-json\/wp\/v2\/product_brand?post=5044"},{"taxonomy":"product_cat","embeddable":true,"href":"https:\/\/expovero.com\/en\/wp-json\/wp\/v2\/product_cat?post=5044"},{"taxonomy":"product_tag","embeddable":true,"href":"https:\/\/expovero.com\/en\/wp-json\/wp\/v2\/product_tag?post=5044"}],"curies":[{"name":"wp","href":"https:\/\/api.w.org\/{rel}","templated":true}]}}