{"id":8972,"date":"2026-03-28T14:04:05","date_gmt":"2026-03-28T14:04:05","guid":{"rendered":"https:\/\/expovero.com\/?page_id=8972"},"modified":"2026-04-27T10:21:39","modified_gmt":"2026-04-27T10:21:39","slug":"impressum","status":"publish","type":"page","link":"https:\/\/expovero.com\/en\/impressum\/","title":{"rendered":"Impressum"},"content":{"rendered":"<div data-elementor-type=\"wp-page\" data-elementor-id=\"8972\" class=\"elementor elementor-8972\">\n\t\t\t\t<div class=\"porto_stretch_css stretch_row_css elementor-element elementor-element-1f1e028 e-con-full e-flex e-con e-parent\" data-id=\"1f1e028\" data-element_type=\"container\" data-e-type=\"container\" data-settings=\"{&quot;background_background&quot;:&quot;classic&quot;}\">\r\n\t\t\t\t<div class=\"elementor-element elementor-element-a07c1f4 elementor-invisible elementor-widget elementor-widget-heading\" data-id=\"a07c1f4\" data-element_type=\"widget\" data-e-type=\"widget\" data-settings=\"{&quot;_animation&quot;:&quot;fadeInUp&quot;,&quot;_animation_delay&quot;:200}\" data-widget_type=\"heading.default\">\n\t\t\t\t\t<h2 class=\"elementor-heading-title elementor-size-default\">Impressum<\/h2>\t\t\t\t<\/div>\n\t\t\t\t<\/div>\n\t\t<div class=\"elementor-element elementor-element-a938219 e-flex e-con-boxed e-con e-parent\" data-id=\"a938219\" data-element_type=\"container\" data-e-type=\"container\">\r\n\t\t\t\t\t<div class=\"e-con-inner\">\r\n\t\t<div class=\"elementor-element elementor-element-805eca4 e-con-full e-flex e-con e-child\" data-id=\"805eca4\" data-element_type=\"container\" data-e-type=\"container\">\r\n\t\t\t\t<div class=\"elementor-element elementor-element-bd42d36 elementor-widget elementor-widget-text-editor\" data-id=\"bd42d36\" data-element_type=\"widget\" data-e-type=\"widget\" data-widget_type=\"text-editor.default\">\n\t\t\t\t\t\t\t\t\t<div class=\"expo-legal\">\n\n<h2>Angaben gem\u00e4\u00df \u00a7 5 DDG<\/h2>\n\n<strong>expovero GmbH<\/strong><br><br>\n\nHans B\u00f6ckler Strasse 20<br>\n47877 Willich<br><br>\n\n<strong>Vertreten durch:<\/strong><br>\nAnna Juric<br><br>\n\n<strong>Registereintrag:<\/strong><br>\nEintragung im Handelsregister.<br>\nRegistergericht: Krefeld<br>\nRegisternummer: TBA<br><br>\n\n<strong>Umsatzsteuer-ID:<\/strong><br>\nUmsatzsteuer-Identifikationsnummer gem\u00e4\u00df \u00a727a Umsatzsteuergesetz: beantragt<br><br>\n\n<strong>Wirtschafts-ID:<\/strong><br>\n&#8211;<br><br>\n\n<strong>Verbraucherstreitbeilegung \/ Universalschlichtungsstelle<\/strong><br>\nWir nehmen nicht an Streitbeilegungsverfahren vor einer Verbraucherschlichtungsstelle teil und sind dazu auch nicht verpflichtet.<br><br>\n\n<h2>Datenschutzerkl\u00e4rung<\/h2>\nUnter dem folgenden Link finden Sie unsere Datenschutzerkl\u00e4rung.<br><br>\n\n<h2>Haftungsausschluss<\/h2>\n\n<h3>Haftung f\u00fcr Inhalte<\/h3>\nDie Inhalte unserer Seiten wurden mit gr\u00f6\u00dfter Sorgfalt erstellt. F\u00fcr die Richtigkeit, Vollst\u00e4ndigkeit und Aktualit\u00e4t der Inhalte k\u00f6nnen wir jedoch keine Gew\u00e4hr \u00fcbernehmen. Als Diensteanbieter sind wir gem\u00e4\u00df \u00a7 7 Abs.1 DDG f\u00fcr eigene Inhalte auf diesen Seiten nach den allgemeinen Gesetzen verantwortlich. Nach \u00a7\u00a7 8 bis 10 DDG sind wir als Diensteanbieter jedoch nicht verpflichtet, \u00fcbermittelte oder gespeicherte fremde Informationen zu \u00fcberwachen oder nach Umst\u00e4nden zu forschen, die auf eine rechtswidrige T\u00e4tigkeit hinweisen. Verpflichtungen zur Entfernung oder Sperrung der Nutzung von Informationen nach den allgemeinen Gesetzen bleiben hiervon unber\u00fchrt. Eine diesbez\u00fcgliche Haftung ist jedoch erst ab dem Zeitpunkt der Kenntnis einer konkreten Rechtsverletzung m\u00f6glich. Bei Bekanntwerden von entsprechenden Rechtsverletzungen werden wir diese Inhalte umgehend entfernen.\n\n<h3>Haftung f\u00fcr Links<\/h3>\nUnser Angebot enth\u00e4lt Links zu externen Webseiten Dritter, auf deren Inhalte wir keinen Einfluss haben. Deshalb k\u00f6nnen wir f\u00fcr diese fremden Inhalte auch keine Gew\u00e4hr \u00fcbernehmen. F\u00fcr die Inhalte der verlinkten Seiten ist stets der jeweilige Anbieter oder Betreiber der Seiten verantwortlich. Die verlinkten Seiten wurden zum Zeitpunkt der Verlinkung auf m\u00f6gliche Rechtsverst\u00f6\u00dfe \u00fcberpr\u00fcft. Rechtswidrige Inhalte waren zum Zeitpunkt der Verlinkung nicht erkennbar. Eine permanente inhaltliche Kontrolle der verlinkten Seiten ist jedoch ohne konkrete Anhaltspunkte einer Rechtsverletzung nicht zumutbar. Bei Bekanntwerden von Rechtsverletzungen werden wir derartige Links umgehend entfernen.\n\n<h3>Urheberrecht<\/h3>\nDie durch die Seitenbetreiber erstellten Inhalte und Werke auf diesen Seiten unterliegen dem deutschen Urheberrecht. Die Vervielf\u00e4ltigung, Bearbeitung, Verbreitung und jede Art der Verwertung au\u00dferhalb der Grenzen des Urheberrechtes bed\u00fcrfen der schriftlichen Zustimmung des jeweiligen Autors bzw. Erstellers. Downloads und Kopien dieser Seite sind nur f\u00fcr den privaten, nicht kommerziellen Gebrauch gestattet. Soweit die Inhalte auf dieser Seite nicht vom Betreiber erstellt wurden, werden die Urheberrechte Dritter beachtet. Insbesondere werden Inhalte Dritter als solche gekennzeichnet. Sollten Sie trotzdem auf eine Urheberrechtsverletzung aufmerksam werden, bitten wir um einen entsprechenden Hinweis. Bei Bekanntwerden von Rechtsverletzungen werden wir derartige Inhalte umgehend entfernen.\n\n<p style=\"margin-top:30px;\">\nImpressum von WebsiteWissen.com, dem Ratgeber f\u00fcr WordPress-Websites, WordPress-Hosting und Website-Kosten nach einem Muster von Kanzlei Hasselbach Rechtsanw\u00e4lte.\n<\/p>\n\n<\/div>\n\n<style>\n.expo-legal {\n  max-width: 900px;\n  margin: 40px auto;\n  padding: 0 20px;\n  font-family: Arial, sans-serif;\n  font-size: 15px;\n  line-height: 1.7;\n  color: #000 !important;\n}\n\n.expo-legal * {\n  color: #000 !important;\n}\n\n.expo-legal h2 {\n  font-size: 22px;\n  margin: 40px 0 15px;\n  font-weight: 700;\n}\n\n.expo-legal h3 {\n  font-size: 18px;\n  margin: 30px 0 10px;\n  font-weight: 700;\n}\n\n.expo-legal p {\n  margin-bottom: 14px;\n}\n\n.expo-legal a {\n  color: #000 !important;\n  text-decoration: none;\n}\n\n@media (max-width: 767px) {\n  .expo-legal {\n    font-size: 14px;\n  }\n}\n<\/style>\t\t\t\t\t\t\t\t<\/div>\n\t\t\t\t<\/div>\n\t\t\t\t\t<\/div>\n\t\t\t\t<\/div>\n\t\t\t\t<\/div>","protected":false},"excerpt":{"rendered":"<p>Impressum Angaben gem\u00e4\u00df \u00a7 5 DDG expovero GmbH Hans B\u00f6ckler Strasse 20 47877 Willich Vertreten durch: Anna Juric Registereintrag: Eintragung im Handelsregister. Registergericht: Krefeld Registernummer: TBA Umsatzsteuer-ID: Umsatzsteuer-Identifikationsnummer gem\u00e4\u00df \u00a727a Umsatzsteuergesetz: beantragt Wirtschafts-ID: &#8211; Verbraucherstreitbeilegung \/ Universalschlichtungsstelle Wir nehmen nicht an Streitbeilegungsverfahren vor einer Verbraucherschlichtungsstelle teil und sind dazu auch nicht verpflichtet. Datenschutzerkl\u00e4rung Unter dem [&hellip;]<\/p>\n","protected":false},"author":1,"featured_media":0,"parent":0,"menu_order":0,"comment_status":"closed","ping_status":"closed","template":"","meta":{"content-type":"","footnotes":""},"class_list":["post-8972","page","type-page","status-publish","hentry"],"_links":{"self":[{"href":"https:\/\/expovero.com\/en\/wp-json\/wp\/v2\/pages\/8972","targetHints":{"allow":["GET"]}}],"collection":[{"href":"https:\/\/expovero.com\/en\/wp-json\/wp\/v2\/pages"}],"about":[{"href":"https:\/\/expovero.com\/en\/wp-json\/wp\/v2\/types\/page"}],"author":[{"embeddable":true,"href":"https:\/\/expovero.com\/en\/wp-json\/wp\/v2\/users\/1"}],"replies":[{"embeddable":true,"href":"https:\/\/expovero.com\/en\/wp-json\/wp\/v2\/comments?post=8972"}],"version-history":[{"count":7,"href":"https:\/\/expovero.com\/en\/wp-json\/wp\/v2\/pages\/8972\/revisions"}],"predecessor-version":[{"id":10289,"href":"https:\/\/expovero.com\/en\/wp-json\/wp\/v2\/pages\/8972\/revisions\/10289"}],"wp:attachment":[{"href":"https:\/\/expovero.com\/en\/wp-json\/wp\/v2\/media?parent=8972"}],"curies":[{"name":"wp","href":"https:\/\/api.w.org\/{rel}","templated":true}]}}