{"id":8955,"date":"2026-03-28T13:35:15","date_gmt":"2026-03-28T13:35:15","guid":{"rendered":"https:\/\/expovero.com\/?page_id=8955"},"modified":"2026-04-07T11:18:23","modified_gmt":"2026-04-07T11:18:23","slug":"widerruf","status":"publish","type":"page","link":"https:\/\/expovero.com\/en\/widerruf\/","title":{"rendered":"Cancellation"},"content":{"rendered":"<div data-elementor-type=\"wp-page\" data-elementor-id=\"8955\" class=\"elementor elementor-8955\">\n\t\t\t\t<div class=\"porto_stretch_css stretch_row_css elementor-element elementor-element-fd05f73 e-con-full e-flex e-con e-parent\" data-id=\"fd05f73\" data-element_type=\"container\" data-e-type=\"container\" data-settings=\"{&quot;background_background&quot;:&quot;classic&quot;}\">\r\n\t\t\t\t<div class=\"elementor-element elementor-element-c238ffa elementor-invisible elementor-widget elementor-widget-heading\" data-id=\"c238ffa\" data-element_type=\"widget\" data-e-type=\"widget\" data-settings=\"{&quot;_animation&quot;:&quot;fadeInUp&quot;,&quot;_animation_delay&quot;:200}\" data-widget_type=\"heading.default\">\n\t\t\t\t\t<h2 class=\"elementor-heading-title elementor-size-default\">Cancellation<\/h2>\t\t\t\t<\/div>\n\t\t\t\t<\/div>\n\t\t<div class=\"elementor-element elementor-element-61f5b4b e-flex e-con-boxed e-con e-parent\" data-id=\"61f5b4b\" data-element_type=\"container\" data-e-type=\"container\">\r\n\t\t\t\t\t<div class=\"e-con-inner\">\r\n\t\t<div class=\"elementor-element elementor-element-12a272c e-con-full e-flex e-con e-child\" data-id=\"12a272c\" data-element_type=\"container\" data-e-type=\"container\">\r\n\t\t\t\t<div class=\"elementor-element elementor-element-b2b7a1f elementor-widget elementor-widget-text-editor\" data-id=\"b2b7a1f\" data-element_type=\"widget\" data-e-type=\"widget\" data-widget_type=\"text-editor.default\">\n\t\t\t\t\t\t\t\t\t<div class=\"expo-withdrawal-policy\">\n  <h2>Widerrufsbelehrung f\u00fcr Verbraucher f\u00fcr einen Vertrag \u00fcber mehrere Waren, die der Verbraucher im Rahmen einer einheitlichen Bestellung bestellt hat und die getrennt geliefert werden<\/h2>\n\n  <h3>Widerrufsbelehrung<\/h3>\n  <p>Verbraucher ist jede nat\u00fcrliche Person, die ein Rechtsgesch\u00e4ft zu Zwecken abschlie\u00dft, die \u00fcberwiegend weder ihrer gewerblichen noch ihrer selbst\u00e4ndigen beruflichen T\u00e4tigkeit zugerechnet werden k\u00f6nnen.<\/p>\n\n  <h3>Widerrufsrecht<\/h3>\n  <p>Sie haben das Recht, binnen vierzehn Tagen ohne Angabe von Gr\u00fcnden diesen Vertrag zu widerrufen. Die Widerrufsfrist betr\u00e4gt vierzehn Tage ab dem Tag, an dem Sie oder ein von Ihnen benannter Dritter, der nicht der Bef\u00f6rderer ist, die letzte Ware in Besitz genommen haben bzw. hat. Um Ihr Widerrufsrecht auszu\u00fcben, m\u00fcssen Sie uns Expovero GmbH, Hans B\u00f6ckler Strasse 20, 47877 Willich, E-Mail: catering@expovero.com \u00fcber Ihren Entschluss, diesen Vertrag zu widerrufen, informieren. Sie k\u00f6nnen daf\u00fcr das beigef\u00fcgte Muster-Widerrufsformular verwenden, das jedoch nicht vorgeschrieben ist. Zur Wahrung der Widerrufsfrist reicht es aus, dass Sie die Mitteilung \u00fcber die Aus\u00fcbung des Widerrufsrechts vor Ablauf der Widerrufsfrist absenden.<\/p>\n\n  <h3>Folgen des Widerrufs<\/h3>\n  <p>Wenn Sie diesen Vertrag widerrufen, haben wir Ihnen alle Zahlungen, die wir von Ihnen erhalten haben, einschlie\u00dflich der Lieferkosten (mit Ausnahme der zus\u00e4tzlichen Kosten, die sich daraus ergeben, dass Sie eine andere Art der Lieferung als die von uns angebotene, g\u00fcnstigste Standardlieferung gew\u00e4hlt haben), unverz\u00fcglich und sp\u00e4testens binnen vierzehn Tagen ab dem Tag zur\u00fcckzuzahlen, an dem die Mitteilung \u00fcber Ihren Widerruf dieses Vertrags bei uns eingegangen ist. F\u00fcr diese R\u00fcckzahlung verwenden wir dasselbe Zahlungsmittel, das Sie bei der urspr\u00fcnglichen Transaktion eingesetzt haben, es sei denn, mit Ihnen wurde ausdr\u00fccklich etwas anderes vereinbart; in keinem Fall werden Ihnen wegen dieser R\u00fcckzahlung Entgelte berechnet. Wir k\u00f6nnen die R\u00fcckzahlung verweigern, bis wir die Waren wieder zur\u00fcckerhalten haben oder bis Sie den Nachweis erbracht haben, dass Sie die Waren zur\u00fcckgesandt haben, je nachdem, welches der fr\u00fchere Zeitpunkt ist. Sie haben die Waren unverz\u00fcglich und in jedem Fall sp\u00e4testens binnen vierzehn Tagen ab dem Tag, an dem Sie uns \u00fcber den Widerruf dieses Vertrags unterrichten, an uns zur\u00fcckzusenden oder zu \u00fcbergeben. Die Frist ist gewahrt, wenn Sie die Waren vor Ablauf der Frist von vierzehn Tagen absenden.<\/p>\n\n  <p>Sie tragen die unmittelbaren Kosten der R\u00fccksendung der Waren.<\/p>\n\n  <p>Sie m\u00fcssen f\u00fcr einen etwaigen Wertverlust der Waren nur aufkommen, wenn dieser Wertverlust auf einen zur Pr\u00fcfung der Beschaffenheit, Eigenschaften und Funktionsweise der Waren nicht notwendigen Umgang mit ihnen zur\u00fcckzuf\u00fchren ist.<\/p>\n\n  <h3>Muster-Widerrufsformular<\/h3>\n  <p>(Wenn Sie den Vertrag widerrufen wollen, dann f\u00fcllen Sie bitte dieses Formular aus und senden Sie es zur\u00fcck.)<\/p>\n\n  <p>\u2013 An<\/p>\n  <p>Expovero GmbH<br>Hans B\u00f6ckler Strasse 20, 47877 Willich<br>E-Mail: catering@expovero.com<\/p>\n\n  <p>\u2013 Hiermit widerrufe(n) ich\/wir (*) den von mir\/uns (*) abgeschlossenen Vertrag \u00fcber den Kauf der folgenden Waren (*) \/ die Erbringung der folgenden Dienstleistung (*)<\/p>\n  <p>\u2013 Bestellt am (*) \/ erhalten am (*)<\/p>\n  <p>\u2013 Name des\/der Verbraucher(s)<\/p>\n  <p>\u2013 Anschrift des\/der Verbraucher(s)<\/p>\n  <p>\u2013 Unterschrift des\/der Verbraucher(s) (nur bei Mitteilung auf Papier)<\/p>\n  <p>\u2013 Datum<\/p>\n  <p>\u2014\u2014\u2014\u2014\u2014\u2014\u2014\u2014\u2014\u2014\u2014\u2014\u2014<\/p>\n  <p>(*) Unzutreffendes streichen.<\/p>\n\n  <h3>Ausschluss bzw. vorzeitiges Erl\u00f6schen des Widerrufsrechts<\/h3>\n  <p>Das Widerrufsrecht besteht nicht bei Vertr\u00e4gen<\/p>\n\n  <p>zur Lieferung von Waren, die nicht vorgefertigt sind und f\u00fcr deren Herstellung eine individuelle Auswahl oder Bestimmung durch den Verbraucher ma\u00dfgeblich ist oder die eindeutig auf die pers\u00f6nlichen Bed\u00fcrfnisse des Verbrauchers zugeschnitten sind;<\/p>\n\n  <p>zur Lieferung von Waren, die schnell verderben k\u00f6nnen oder deren Verfallsdatum schnell \u00fcberschritten w\u00fcrde;<\/p>\n\n  <p>zur Lieferung alkoholischer Getr\u00e4nke, deren Preis bei Vertragsschluss vereinbart wurde, die aber fr\u00fchestens 30 Tage nach Vertragsschluss geliefert werden k\u00f6nnen und deren aktueller Wert von Schwankungen auf dem Markt abh\u00e4ngt, auf die der Unternehmer keinen Einfluss hat;<\/p>\n\n  <p>zur Lieferung von Zeitungen, Zeitschriften oder Illustrierten mit Ausnahme von Abonnement-Vertr\u00e4gen.<\/p>\n\n  <p>Das Widerrufsrecht erlischt vorzeitig bei Vertr\u00e4gen<\/p>\n\n  <p>zur Lieferung versiegelter Waren, die aus Gr\u00fcnden des Gesundheitsschutzes oder der Hygiene nicht zur R\u00fcckgabe geeignet sind, wenn ihre Versiegelung nach der Lieferung entfernt wurde;<\/p>\n\n  <p>zur Lieferung von Waren, wenn diese nach der Lieferung auf Grund ihrer Beschaffenheit untrennbar mit anderen G\u00fctern vermischt wurden;<\/p>\n\n  <p>zur Lieferung von Ton- oder Videoaufnahmen oder Computersoftware in einer versiegelten Packung, wenn die Versiegelung nach der Lieferung entfernt wurde.<\/p>\n<\/div>\n\n<style>\n.expo-withdrawal-policy {\n  font-family: Arial, sans-serif;\n  color: #1f224d;\n  font-size: 16px;\n  line-height: 1.7;\n}\n\n.expo-withdrawal-policy h2 {\n  font-size: 28px;\n  line-height: 1.3;\n  margin: 32px 0 16px;\n}\n\n.expo-withdrawal-policy h3 {\n  font-size: 22px;\n  line-height: 1.4;\n  margin: 28px 0 12px;\n}\n\n.expo-withdrawal-policy p {\n  font-size: 16px;\n  line-height: 1.7;\n  margin: 0 0 16px;\n}\n\n@media (max-width: 767px) {\n  .expo-withdrawal-policy {\n    font-size: 15px;\n  }\n\n  .expo-withdrawal-policy h2 {\n    font-size: 24px;\n  }\n\n  .expo-withdrawal-policy h3 {\n    font-size: 20px;\n  }\n\n  .expo-withdrawal-policy p {\n    font-size: 15px;\n  }\n}\n<\/style>\t\t\t\t\t\t\t\t<\/div>\n\t\t\t\t<\/div>\n\t\t<div class=\"elementor-element elementor-element-852a06a e-con-full e-flex e-con e-child\" data-id=\"852a06a\" data-element_type=\"container\" data-e-type=\"container\">\r\n\t\t\t\t<div class=\"elementor-element elementor-element-dcaebc0 elementor-widget elementor-widget-text-editor\" data-id=\"dcaebc0\" data-element_type=\"widget\" data-e-type=\"widget\" data-widget_type=\"text-editor.default\">\n\t\t\t\t\t\t\t\t\t<div class=\"expo-cancellation-policy\">\n  <h2>Cancellation policy for consumers for a contract for several goods that the consumer has ordered as part of a single order and that are delivered separately.<\/h2>\n\n  <h3>Cancellation policy<\/h3>\n  <p>A consumer is any natural person who concludes a legal transaction for purposes that can predominantly be attributed neither to their commercial nor their independent professional activity.<\/p>\n\n  <h3>Right of withdrawal<\/h3>\n  <p>You have the right to withdraw from this contract within fourteen days without giving any reason. The withdrawal period is fourteen days from the day on which you or a third party named by you, who is not the carrier, took possession of the last goods. To exercise the right to cancel, you must inform us (expovero GmbH, Hans B\u00f6ckler Strasse 20, 47877 Willich, catering@expovero.com) of your decision to cancel this contract by a clear statement (e.g. a letter sent by post or e-mail). You can use the attached sample withdrawal form, but this is not mandatory. To comply with the withdrawal period, it is sufficient that you send the notification of the exercise of the right of withdrawal before the expiry of the withdrawal period.<\/p>\n\n  <h3>Consequences of withdrawal<\/h3>\n  <p>If you withdraw from this contract, we shall reimburse to you all payments received from you, including the costs of delivery (with the exception of the supplementary costs resulting from your choice of a type of delivery other than the least expensive type of standard delivery offered by us), without undue delay and in any event not later than 14 days from the day on which we are informed about your decision to withdraw from this contract. For this repayment, we will use the same means of payment that you used for the original transaction, unless expressly agreed otherwise with you; under no circumstances will you be charged any fees for this repayment. We may refuse to refund you until we have received the goods back or until you have provided proof that you have returned the goods, whichever is the earliest. You must return or hand over the goods to us immediately and in any case within fourteen days at the latest from the day on which you inform us of the revocation of this contract. The deadline is met if you send the goods before the period of fourteen days has expired.<\/p>\n\n  <p>You bear the direct costs of returning the goods.<\/p>\n\n  <p>You only have to pay for any loss in value of the goods if this loss in value is due to handling of the goods that is not necessary for checking their condition, properties and functionality.<\/p>\n\n  <h3>Sample withdrawal form<\/h3>\n  <p>(If you wish to cancel the contract, please complete this form and return it to us).<\/p>\n\n  <p>\u2013 To<\/p>\n  <p>expovero GmbH, Hans B\u00f6ckler Strasse 20, 47877 Willich, catering@expovero.com<\/p>\n\n  <p>\u2013 I\/we (*) hereby cancel the contract concluded by me\/us (*) for the purchase of the following goods (*)\/the provision of the following service (*)<\/p>\n  <p>\u2013 Ordered on (*)\/received on (*)<\/p>\n  <p>\u2013 Name of consumer(s)<\/p>\n  <p>\u2013 Address of consumer(s)<\/p>\n  <p>\u2013 Signature of consumer(s) (only for notification on paper)<\/p>\n  <p>\u2013 Date<\/p>\n  <p>\u2014\u2014\u2014\u2014-<\/p>\n  <p>(*) Delete as appropriate.<\/p>\n\n  <h3>Exclusion or premature expiry of the right of withdrawal<\/h3>\n  <p>The right of withdrawal does not apply to contracts for the supply of goods which are not prefabricated and for the manufacture of which an individual selection or determination by the consumer is decisive or which are clearly tailored to the personal needs of the consumer; for the supply of goods which can spoil quickly or whose expiry date would be quickly exceeded; for the supply of alcoholic beverages, the price of which was agreed upon conclusion of the contract, but which can be delivered at the earliest 30 days after conclusion of the contract and whose current value depends on fluctuations in the market over which the entrepreneur has no influence; for the supply of newspapers, periodicals or magazines with the exception of subscription contracts.<\/p>\n\n  <p>The right of withdrawal expires prematurely in the case of contracts for the delivery of sealed goods which are not suitable for return for reasons of health protection or hygiene if their seal has been removed after delivery; for the delivery of goods if they have been inseparably mixed with other goods after delivery due to their nature; for the delivery of sound or video recordings or computer software in a sealed package if the seal has been removed after delivery.<\/p>\n<\/div>\n\n<style>\n.expo-cancellation-policy {\n  font-family: Arial, sans-serif;\n  color: #1f224d;\n  font-size: 16px;\n  line-height: 1.7;\n}\n\n.expo-cancellation-policy h2 {\n  font-size: 28px;\n  line-height: 1.3;\n  margin: 32px 0 16px;\n}\n\n.expo-cancellation-policy h3 {\n  font-size: 22px;\n  line-height: 1.4;\n  margin: 28px 0 12px;\n}\n\n.expo-cancellation-policy p {\n  font-size: 16px;\n  line-height: 1.7;\n  margin: 0 0 16px;\n}\n\n@media (max-width: 767px) {\n  .expo-cancellation-policy {\n    font-size: 15px;\n  }\n\n  .expo-cancellation-policy h2 {\n    font-size: 24px;\n  }\n\n  .expo-cancellation-policy h3 {\n    font-size: 20px;\n  }\n\n  .expo-cancellation-policy p {\n    font-size: 15px;\n  }\n}\n<\/style>\t\t\t\t\t\t\t\t<\/div>\n\t\t\t\t<\/div>\n\t\t\t\t\t<\/div>\n\t\t\t\t<\/div>\n\t\t\t\t<\/div>","protected":false},"excerpt":{"rendered":"<p>Widerruf Widerrufsbelehrung f\u00fcr Verbraucher f\u00fcr einen Vertrag \u00fcber mehrere Waren, die der Verbraucher im Rahmen einer einheitlichen Bestellung bestellt hat und die getrennt geliefert werden Widerrufsbelehrung Verbraucher ist jede nat\u00fcrliche Person, die ein Rechtsgesch\u00e4ft zu Zwecken abschlie\u00dft, die \u00fcberwiegend weder ihrer gewerblichen noch ihrer selbst\u00e4ndigen beruflichen T\u00e4tigkeit zugerechnet werden k\u00f6nnen. Widerrufsrecht Sie haben das Recht, [&hellip;]<\/p>\n","protected":false},"author":1,"featured_media":0,"parent":0,"menu_order":0,"comment_status":"closed","ping_status":"closed","template":"","meta":{"content-type":"","footnotes":""},"class_list":["post-8955","page","type-page","status-publish","hentry"],"_links":{"self":[{"href":"https:\/\/expovero.com\/en\/wp-json\/wp\/v2\/pages\/8955","targetHints":{"allow":["GET"]}}],"collection":[{"href":"https:\/\/expovero.com\/en\/wp-json\/wp\/v2\/pages"}],"about":[{"href":"https:\/\/expovero.com\/en\/wp-json\/wp\/v2\/types\/page"}],"author":[{"embeddable":true,"href":"https:\/\/expovero.com\/en\/wp-json\/wp\/v2\/users\/1"}],"replies":[{"embeddable":true,"href":"https:\/\/expovero.com\/en\/wp-json\/wp\/v2\/comments?post=8955"}],"version-history":[{"count":10,"href":"https:\/\/expovero.com\/en\/wp-json\/wp\/v2\/pages\/8955\/revisions"}],"predecessor-version":[{"id":10129,"href":"https:\/\/expovero.com\/en\/wp-json\/wp\/v2\/pages\/8955\/revisions\/10129"}],"wp:attachment":[{"href":"https:\/\/expovero.com\/en\/wp-json\/wp\/v2\/media?parent=8955"}],"curies":[{"name":"wp","href":"https:\/\/api.w.org\/{rel}","templated":true}]}}