{"id":8935,"date":"2026-03-28T13:19:09","date_gmt":"2026-03-28T13:19:09","guid":{"rendered":"https:\/\/expovero.com\/?page_id=8935"},"modified":"2026-04-07T09:35:54","modified_gmt":"2026-04-07T09:35:54","slug":"lieferung","status":"publish","type":"page","link":"https:\/\/expovero.com\/en\/lieferung\/","title":{"rendered":"Delivery"},"content":{"rendered":"<div data-elementor-type=\"wp-page\" data-elementor-id=\"8935\" class=\"elementor elementor-8935\">\n\t\t\t\t<div class=\"porto_stretch_css stretch_row_css elementor-element elementor-element-8b703e1 e-con-full e-flex e-con e-parent\" data-id=\"8b703e1\" data-element_type=\"container\" data-e-type=\"container\" data-settings=\"{&quot;background_background&quot;:&quot;classic&quot;}\">\r\n\t\t\t\t<div class=\"elementor-element elementor-element-4ca5e09 elementor-invisible elementor-widget elementor-widget-heading\" data-id=\"4ca5e09\" data-element_type=\"widget\" data-e-type=\"widget\" data-settings=\"{&quot;_animation&quot;:&quot;fadeInUp&quot;,&quot;_animation_delay&quot;:200}\" data-widget_type=\"heading.default\">\n\t\t\t\t\t<h2 class=\"elementor-heading-title elementor-size-default\">Delivery<\/h2>\t\t\t\t<\/div>\n\t\t\t\t<\/div>\n\t\t<div class=\"elementor-element elementor-element-9acdc77 e-flex e-con-boxed e-con e-parent\" data-id=\"9acdc77\" data-element_type=\"container\" data-e-type=\"container\">\r\n\t\t\t\t\t<div class=\"e-con-inner\">\r\n\t\t\t\t<div class=\"elementor-element elementor-element-78cd2b0 elementor-widget elementor-widget-text-editor\" data-id=\"78cd2b0\" data-element_type=\"widget\" data-e-type=\"widget\" data-widget_type=\"text-editor.default\">\n\t\t\t\t\t\t\t\t\t<div class=\"expo-delivery-section\">\n  <p>Nachbestellungen m\u00fcssen bis 15:00 Uhr schriftlich bestellt werden, damit sie am n\u00e4chsten Tag geliefert werden k\u00f6nnen.<\/p>\n\n  <p><strong>Expressgeb\u00fchr 75,00 \u20ac<\/strong> \u2013 wird erhoben f\u00fcr Nachbestellungen von Getr\u00e4nken und Produkten, die innerhalb von 1\u20133 Stunden geliefert werden m\u00fcssen. Das gilt nur bedingt f\u00fcr Nachbestellungen von Speisen, da viele Produkte zeitaufwendiger in der Vorbereitung sind.<\/p>\n\n  <p>Sollte eine Bestellung sp\u00e4ter als 15:00 Uhr eingereicht werden, wird diese erst am folgenden Tag bearbeitet. Daraus verschiebt sich die Nachbestellung auf den darauf folgenden Tag.<\/p>\n\n  <p>Getr\u00e4nke werden in der Zeit zwischen 12:00 \u2013 17:00 Uhr geliefert.<\/p>\n\n  <table class=\"expo-delivery-table\">\n    <thead>\n      <tr>\n        <th>Beschreibung<\/th>\n        <th>Preis<\/th>\n      <\/tr>\n    <\/thead>\n    <tbody>\n      <tr>\n        <td>Pro Messetag 8:00 &#8211; 9:00 Uhr<\/td>\n        <td>25 Euro<\/td>\n      <\/tr>\n      <tr>\n        <td>Pro Messetag 13:00 &#8211; 14:00 Uhr<\/td>\n        <td>25 Euro<\/td>\n      <\/tr>\n      <tr>\n        <td>Pro Messetag 17:00 &#8211; 18:00 Uhr<\/td>\n        <td>25 Euro<\/td>\n      <\/tr>\n      <tr>\n        <td>An Feiertagen und Sonntagen extra Geb\u00fchr<\/td>\n        <td>100 Euro pro Anfahrt<\/td>\n      <\/tr>\n      <tr>\n        <td>Anlieferung von Equipment und Leihprodukten (Vortag vor Messestart) ab<\/td>\n        <td>65 Euro<\/td>\n      <\/tr>\n      <tr>\n        <td>Abholung von Equipment \/ Leihprodukten \/ Getr\u00e4nkekisten (Messeende) ab<\/td>\n        <td>65 Euro<\/td>\n      <\/tr>\n      <tr>\n        <td>Anlieferung von Getr\u00e4nken pro Messetag<\/td>\n        <td>25 Euro<\/td>\n      <\/tr>\n    <\/tbody>\n  <\/table>\n<\/div>\n\n<style>\n.expo-delivery-section {\n    color: #1f224d;\n    font-family: Arial, sans-serif;\n    font-size: 16px;\n    line-height: 1.7;\n    max-width: 100%;\n}\n\n.expo-delivery-section p {\n    margin: 0 0 18px;\n}\n\n.expo-delivery-table {\n    width: 100%;\n    border-collapse: collapse;\n    margin-top: 16px;\n    background: #fff;\n}\n\n.expo-delivery-table th,\n.expo-delivery-table td {\n    border: 1px solid #cfcfcf;\n    padding: 14px 16px;\n    text-align: left;\n    vertical-align: middle;\n    color: #1f224d;\n    font-size: 16px;\n}\n\n.expo-delivery-table th {\n    font-weight: 700;\n    text-align: center;\n}\n\n.expo-delivery-table th:first-child,\n.expo-delivery-table td:first-child {\n    width: 75%;\n}\n\n.expo-delivery-table th:last-child,\n.expo-delivery-table td:last-child {\n    width: 25%;\n}\n\n@media (max-width: 767px) {\n    .expo-delivery-section {\n        font-size: 15px;\n    }\n\n    .expo-delivery-table th,\n    .expo-delivery-table td {\n        font-size: 15px;\n        padding: 12px;\n    }\n}\n<\/style>\t\t\t\t\t\t\t\t<\/div>\n\t\t\t\t\t<\/div>\n\t\t\t\t<\/div>\n\t\t\t\t<\/div>","protected":false},"excerpt":{"rendered":"<p>Lieferung Nachbestellungen m\u00fcssen bis 15:00 Uhr schriftlich bestellt werden, damit sie am n\u00e4chsten Tag geliefert werden k\u00f6nnen. Expressgeb\u00fchr 75,00 \u20ac \u2013 wird erhoben f\u00fcr Nachbestellungen von Getr\u00e4nken und Produkten, die innerhalb von 1\u20133 Stunden geliefert werden m\u00fcssen. Das gilt nur bedingt f\u00fcr Nachbestellungen von Speisen, da viele Produkte zeitaufwendiger in der Vorbereitung sind. Sollte eine [&hellip;]<\/p>\n","protected":false},"author":1,"featured_media":0,"parent":0,"menu_order":0,"comment_status":"closed","ping_status":"closed","template":"","meta":{"content-type":"","footnotes":""},"class_list":["post-8935","page","type-page","status-publish","hentry"],"_links":{"self":[{"href":"https:\/\/expovero.com\/en\/wp-json\/wp\/v2\/pages\/8935","targetHints":{"allow":["GET"]}}],"collection":[{"href":"https:\/\/expovero.com\/en\/wp-json\/wp\/v2\/pages"}],"about":[{"href":"https:\/\/expovero.com\/en\/wp-json\/wp\/v2\/types\/page"}],"author":[{"embeddable":true,"href":"https:\/\/expovero.com\/en\/wp-json\/wp\/v2\/users\/1"}],"replies":[{"embeddable":true,"href":"https:\/\/expovero.com\/en\/wp-json\/wp\/v2\/comments?post=8935"}],"version-history":[{"count":10,"href":"https:\/\/expovero.com\/en\/wp-json\/wp\/v2\/pages\/8935\/revisions"}],"predecessor-version":[{"id":10100,"href":"https:\/\/expovero.com\/en\/wp-json\/wp\/v2\/pages\/8935\/revisions\/10100"}],"wp:attachment":[{"href":"https:\/\/expovero.com\/en\/wp-json\/wp\/v2\/media?parent=8935"}],"curies":[{"name":"wp","href":"https:\/\/api.w.org\/{rel}","templated":true}]}}