{"id":8374,"date":"2026-03-24T21:02:10","date_gmt":"2026-03-24T21:02:10","guid":{"rendered":"https:\/\/expovero.com\/?page_id=8374"},"modified":"2026-04-07T09:23:20","modified_gmt":"2026-04-07T09:23:20","slug":"bewerbung-fur-servicekrafte-und-hostessen","status":"publish","type":"page","link":"https:\/\/expovero.com\/en\/bewerbung-fur-servicekrafte-und-hostessen\/","title":{"rendered":"Application for Service Staff and Hostesses"},"content":{"rendered":"<div data-elementor-type=\"wp-page\" data-elementor-id=\"8374\" class=\"elementor elementor-8374\">\n\t\t\t\t<div class=\"porto_stretch_css stretch_row_css elementor-element elementor-element-1c23bd1 e-con-full e-flex e-con e-parent\" data-id=\"1c23bd1\" data-element_type=\"container\" data-e-type=\"container\" data-settings=\"{&quot;background_background&quot;:&quot;classic&quot;}\">\r\n\t\t\t\t<div class=\"elementor-element elementor-element-c0ee33e elementor-invisible elementor-widget elementor-widget-heading\" data-id=\"c0ee33e\" data-element_type=\"widget\" data-e-type=\"widget\" data-settings=\"{&quot;_animation&quot;:&quot;fadeInUp&quot;,&quot;_animation_delay&quot;:200}\" data-widget_type=\"heading.default\">\n\t\t\t\t\t<h2 class=\"elementor-heading-title elementor-size-default\">Bewerbung fu\u0308r Servicekr\u00e4fte und Hostessen<\/h2>\t\t\t\t<\/div>\n\t\t\t\t<\/div>\n\t\t<div class=\"elementor-element elementor-element-878c8f4 e-flex e-con-boxed e-con e-parent\" data-id=\"878c8f4\" data-element_type=\"container\" data-e-type=\"container\" data-settings=\"{&quot;background_background&quot;:&quot;classic&quot;}\">\r\n\t\t\t\t\t<div class=\"e-con-inner\">\r\n\t\t\t\t<div class=\"elementor-element elementor-element-bda3493 elementor-widget elementor-widget-porto_contact_form\" data-id=\"bda3493\" data-element_type=\"widget\" data-e-type=\"widget\" data-widget_type=\"porto_contact_form.default\">\n\t\t\t\t\t\n<div class=\"wpcf7 no-js\" id=\"wpcf7-f8377-o1\" lang=\"en-US\" dir=\"ltr\" data-wpcf7-id=\"8377\">\n<div class=\"screen-reader-response\"><p role=\"status\" aria-live=\"polite\" aria-atomic=\"true\"><\/p> <ul><\/ul><\/div>\n<form action=\"\/en\/wp-json\/wp\/v2\/pages\/8374#wpcf7-f8377-o1\" method=\"post\" class=\"wpcf7-form init\" aria-label=\"Contact form\" enctype=\"multipart\/form-data\" novalidate=\"novalidate\" data-status=\"init\" data-trp-original-action=\"\/en\/wp-json\/wp\/v2\/pages\/8374#wpcf7-f8377-o1\">\n<fieldset class=\"hidden-fields-container\"><input type=\"hidden\" name=\"_wpcf7\" value=\"8377\" \/><input type=\"hidden\" name=\"_wpcf7_version\" value=\"6.1.5\" \/><input type=\"hidden\" name=\"_wpcf7_locale\" value=\"en_US\" \/><input type=\"hidden\" name=\"_wpcf7_unit_tag\" value=\"wpcf7-f8377-o1\" \/><input type=\"hidden\" name=\"_wpcf7_container_post\" value=\"0\" \/><input type=\"hidden\" name=\"_wpcf7_posted_data_hash\" value=\"\" \/>\n<\/fieldset>\n<div class=\"expo-form expo-hostess-form\">\n\n  <div class=\"expo-intro\">\n    <h3>Sie interessieren sich f\u00fcr einen Job im Bereich Messepersonal bei Expovero?<\/h3>\n    <p>Registrieren Sie sich jetzt online f\u00fcr unsere offenen Jobs - Ihre pers\u00f6nlichen Daten werden selbstverst\u00e4ndlich vertraulich behandelt.<\/p>\n  <\/div>\n\n  <h4>Your Details<\/h4>\n\n  <div class=\"expo-row expo-3\">\n    <div class=\"expo-field\">\n      <label>Title*<\/label>\n      <span class=\"wpcf7-form-control-wrap\" data-name=\"anrede\"><select class=\"wpcf7-form-control wpcf7-select wpcf7-validates-as-required\" aria-required=\"true\" aria-invalid=\"false\" name=\"anrede\"><option value=\"\">Bitte w\u00e4hlen<\/option><option value=\"Herr\">Herr<\/option><option value=\"Frau\">Frau<\/option><option value=\"Divers\">Divers<\/option><\/select><\/span>\n    <\/div>\n    <div class=\"expo-field\">\n      <label>First name*<\/label>\n      <span class=\"wpcf7-form-control-wrap\" data-name=\"vorname\"><input size=\"40\" maxlength=\"400\" class=\"wpcf7-form-control wpcf7-text wpcf7-validates-as-required\" aria-required=\"true\" aria-invalid=\"false\" value=\"\" type=\"text\" name=\"vorname\" \/><\/span>\n    <\/div>\n    <div class=\"expo-field\">\n      <label>Last name*<\/label>\n      <span class=\"wpcf7-form-control-wrap\" data-name=\"nachname\"><input size=\"40\" maxlength=\"400\" class=\"wpcf7-form-control wpcf7-text wpcf7-validates-as-required\" aria-required=\"true\" aria-invalid=\"false\" value=\"\" type=\"text\" name=\"nachname\" \/><\/span>\n    <\/div>\n  <\/div>\n\n  <div class=\"expo-row expo-3\">\n    <div class=\"expo-field\">\n      <label>Street and house number*<\/label>\n      <span class=\"wpcf7-form-control-wrap\" data-name=\"strasse\"><input size=\"40\" maxlength=\"400\" class=\"wpcf7-form-control wpcf7-text wpcf7-validates-as-required\" aria-required=\"true\" aria-invalid=\"false\" value=\"\" type=\"text\" name=\"strasse\" \/><\/span>\n    <\/div>\n    <div class=\"expo-field\">\n      <label>Postal code and city*<\/label>\n      <span class=\"wpcf7-form-control-wrap\" data-name=\"plz_ort\"><input size=\"40\" maxlength=\"400\" class=\"wpcf7-form-control wpcf7-text wpcf7-validates-as-required\" aria-required=\"true\" aria-invalid=\"false\" value=\"\" type=\"text\" name=\"plz_ort\" \/><\/span>\n    <\/div>\n    <div class=\"expo-field\">\n      <label>Telefon*<\/label>\n      <span class=\"wpcf7-form-control-wrap\" data-name=\"telefon\"><input size=\"40\" maxlength=\"400\" class=\"wpcf7-form-control wpcf7-tel wpcf7-validates-as-required wpcf7-text wpcf7-validates-as-tel\" aria-required=\"true\" aria-invalid=\"false\" value=\"\" type=\"tel\" name=\"telefon\" \/><\/span>\n    <\/div>\n  <\/div>\n\n  <div class=\"expo-row expo-2\">\n    <div class=\"expo-field\">\n      <label>Whatsapp<\/label>\n      <span class=\"wpcf7-form-control-wrap\" data-name=\"whatsapp\"><input size=\"40\" maxlength=\"400\" class=\"wpcf7-form-control wpcf7-tel wpcf7-text wpcf7-validates-as-tel\" aria-invalid=\"false\" value=\"\" type=\"tel\" name=\"whatsapp\" \/><\/span>\n    <\/div>\n    <div class=\"expo-field\">\n      <label>Postal code and city*<\/label>\n      <span class=\"wpcf7-form-control-wrap\" data-name=\"email\"><input size=\"40\" maxlength=\"400\" class=\"wpcf7-form-control wpcf7-email wpcf7-validates-as-required wpcf7-text wpcf7-validates-as-email\" aria-required=\"true\" aria-invalid=\"false\" value=\"\" type=\"email\" name=\"email\" \/><\/span>\n    <\/div>\n  <\/div>\n\n  <div class=\"expo-row expo-3\">\n    <div class=\"expo-field\">\n      <label>Messe<\/label>\n      <span class=\"wpcf7-form-control-wrap\" data-name=\"messe\"><input size=\"40\" maxlength=\"400\" class=\"wpcf7-form-control wpcf7-text\" aria-invalid=\"false\" value=\"\" type=\"text\" name=\"messe\" \/><\/span>\n    <\/div>\n    <div class=\"expo-field\">\n      <label>Stadt<\/label>\n      <span class=\"wpcf7-form-control-wrap\" data-name=\"stadt\"><input size=\"40\" maxlength=\"400\" class=\"wpcf7-form-control wpcf7-text\" aria-invalid=\"false\" value=\"\" type=\"text\" name=\"stadt\" \/><\/span>\n    <\/div>\n    <div class=\"expo-field\">\n      <label>Datum<\/label>\n      <span class=\"wpcf7-form-control-wrap\" data-name=\"datum\"><input class=\"wpcf7-form-control wpcf7-date wpcf7-validates-as-date\" aria-invalid=\"false\" value=\"\" type=\"date\" name=\"datum\" \/><\/span>\n    <\/div>\n  <\/div>\n\n  <div class=\"expo-row expo-2\">\n    <div class=\"expo-field\">\n      <label>Erfahrungen<\/label>\n      <span class=\"wpcf7-form-control-wrap\" data-name=\"erfahrungen\"><select class=\"wpcf7-form-control wpcf7-select\" aria-invalid=\"false\" name=\"erfahrungen\"><option value=\"\">Bitte w\u00e4hlen<\/option><option value=\"Promotion\">Promotion<\/option><option value=\"Service\">Service<\/option><option value=\"Hostess\">Hostess<\/option><option value=\"Messebau\">Messebau<\/option><option value=\"Keine\">Keine<\/option><\/select><\/span>\n    <\/div>\n    <div class=\"expo-field\">\n      <label>Sprachen<\/label>\n      <span class=\"wpcf7-form-control-wrap\" data-name=\"sprachen\"><select class=\"wpcf7-form-control wpcf7-select\" aria-invalid=\"false\" name=\"sprachen\"><option value=\"\">Bitte w\u00e4hlen<\/option><option value=\"Deutsch\">Deutsch<\/option><option value=\"Englisch\">Englisch<\/option><option value=\"Deutsch &amp; Englisch\">Deutsch &amp; Englisch<\/option><option value=\"Weitere\">Weitere<\/option><\/select><\/span>\n    <\/div>\n  <\/div>\n\n  <div class=\"expo-row expo-2\">\n    <div class=\"expo-field\">\n      <label>Andere Erfahrungen<\/label>\n      <span class=\"wpcf7-form-control-wrap\" data-name=\"andere_erfahrungen\"><input size=\"40\" maxlength=\"400\" class=\"wpcf7-form-control wpcf7-text\" aria-invalid=\"false\" value=\"\" type=\"text\" name=\"andere_erfahrungen\" \/><\/span>\n    <\/div>\n    <div class=\"expo-field\">\n      <label>Andere Sprachen<\/label>\n      <span class=\"wpcf7-form-control-wrap\" data-name=\"andere_sprachen\"><input size=\"40\" maxlength=\"400\" class=\"wpcf7-form-control wpcf7-text\" aria-invalid=\"false\" value=\"\" type=\"text\" name=\"andere_sprachen\" \/><\/span>\n    <\/div>\n  <\/div>\n\n  <div class=\"expo-row expo-1\">\n    <div class=\"expo-field\">\n      <label>Berufserfahrung auf Messen<\/label>\n      <span class=\"wpcf7-form-control-wrap\" data-name=\"berufserfahrung_messen\"><textarea cols=\"40\" rows=\"10\" maxlength=\"2000\" class=\"wpcf7-form-control wpcf7-textarea\" aria-invalid=\"false\" name=\"berufserfahrung_messen\"><\/textarea><\/span>\n    <\/div>\n  <\/div>\n\n  <h4>Referenzen<\/h4>\n\n  <div class=\"expo-ref-grid\">\n    <div class=\"expo-ref-col\">\n      <label>Kunde<\/label>\n      <span class=\"wpcf7-form-control-wrap\" data-name=\"kunde_1\"><input size=\"40\" maxlength=\"400\" class=\"wpcf7-form-control wpcf7-text\" aria-invalid=\"false\" value=\"\" type=\"text\" name=\"kunde_1\" \/><\/span>\n      <label>Messe<\/label>\n      <span class=\"wpcf7-form-control-wrap\" data-name=\"messe_1\"><input size=\"40\" maxlength=\"400\" class=\"wpcf7-form-control wpcf7-text\" aria-invalid=\"false\" value=\"\" type=\"text\" name=\"messe_1\" \/><\/span>\n      <label>Jahr<\/label>\n      <span class=\"wpcf7-form-control-wrap\" data-name=\"jahr_1\"><input size=\"40\" maxlength=\"400\" class=\"wpcf7-form-control wpcf7-text\" aria-invalid=\"false\" value=\"\" type=\"text\" name=\"jahr_1\" \/><\/span>\n      <label>T\u00e4tigkeit<\/label>\n      <span class=\"wpcf7-form-control-wrap\" data-name=\"taetigkeit_1\"><input size=\"40\" maxlength=\"400\" class=\"wpcf7-form-control wpcf7-text\" aria-invalid=\"false\" value=\"\" type=\"text\" name=\"taetigkeit_1\" \/><\/span>\n      <label>Kundenzufriedenheit<\/label>\n      <span class=\"wpcf7-form-control-wrap\" data-name=\"kundenzufriedenheit_1\"><input size=\"40\" maxlength=\"400\" class=\"wpcf7-form-control wpcf7-text\" aria-invalid=\"false\" value=\"\" type=\"text\" name=\"kundenzufriedenheit_1\" \/><\/span>\n    <\/div>\n\n    <div class=\"expo-ref-col\">\n      <label>Kunde<\/label>\n      <span class=\"wpcf7-form-control-wrap\" data-name=\"kunde_2\"><input size=\"40\" maxlength=\"400\" class=\"wpcf7-form-control wpcf7-text\" aria-invalid=\"false\" value=\"\" type=\"text\" name=\"kunde_2\" \/><\/span>\n      <label>Messe<\/label>\n      <span class=\"wpcf7-form-control-wrap\" data-name=\"messe_2\"><input size=\"40\" maxlength=\"400\" class=\"wpcf7-form-control wpcf7-text\" aria-invalid=\"false\" value=\"\" type=\"text\" name=\"messe_2\" \/><\/span>\n      <label>Jahr<\/label>\n      <span class=\"wpcf7-form-control-wrap\" data-name=\"jahr_2\"><input size=\"40\" maxlength=\"400\" class=\"wpcf7-form-control wpcf7-text\" aria-invalid=\"false\" value=\"\" type=\"text\" name=\"jahr_2\" \/><\/span>\n      <label>T\u00e4tigkeit<\/label>\n      <span class=\"wpcf7-form-control-wrap\" data-name=\"taetigkeit_2\"><input size=\"40\" maxlength=\"400\" class=\"wpcf7-form-control wpcf7-text\" aria-invalid=\"false\" value=\"\" type=\"text\" name=\"taetigkeit_2\" \/><\/span>\n      <label>Kundenzufriedenheit<\/label>\n      <span class=\"wpcf7-form-control-wrap\" data-name=\"kundenzufriedenheit_2\"><input size=\"40\" maxlength=\"400\" class=\"wpcf7-form-control wpcf7-text\" aria-invalid=\"false\" value=\"\" type=\"text\" name=\"kundenzufriedenheit_2\" \/><\/span>\n    <\/div>\n\n    <div class=\"expo-ref-col\">\n      <label>Kunde<\/label>\n      <span class=\"wpcf7-form-control-wrap\" data-name=\"kunde_3\"><input size=\"40\" maxlength=\"400\" class=\"wpcf7-form-control wpcf7-text\" aria-invalid=\"false\" value=\"\" type=\"text\" name=\"kunde_3\" \/><\/span>\n      <label>Messe<\/label>\n      <span class=\"wpcf7-form-control-wrap\" data-name=\"messe_3\"><input size=\"40\" maxlength=\"400\" class=\"wpcf7-form-control wpcf7-text\" aria-invalid=\"false\" value=\"\" type=\"text\" name=\"messe_3\" \/><\/span>\n      <label>Jahr<\/label>\n      <span class=\"wpcf7-form-control-wrap\" data-name=\"jahr_3\"><input size=\"40\" maxlength=\"400\" class=\"wpcf7-form-control wpcf7-text\" aria-invalid=\"false\" value=\"\" type=\"text\" name=\"jahr_3\" \/><\/span>\n      <label>T\u00e4tigkeit<\/label>\n      <span class=\"wpcf7-form-control-wrap\" data-name=\"taetigkeit_3\"><input size=\"40\" maxlength=\"400\" class=\"wpcf7-form-control wpcf7-text\" aria-invalid=\"false\" value=\"\" type=\"text\" name=\"taetigkeit_3\" \/><\/span>\n      <label>Kundenzufriedenheit<\/label>\n      <span class=\"wpcf7-form-control-wrap\" data-name=\"kundenzufriedenheit_3\"><input size=\"40\" maxlength=\"400\" class=\"wpcf7-form-control wpcf7-text\" aria-invalid=\"false\" value=\"\" type=\"text\" name=\"kundenzufriedenheit_3\" \/><\/span>\n    <\/div>\n\n    <div class=\"expo-ref-col\">\n      <label>Kunde<\/label>\n      <span class=\"wpcf7-form-control-wrap\" data-name=\"kunde_4\"><input size=\"40\" maxlength=\"400\" class=\"wpcf7-form-control wpcf7-text\" aria-invalid=\"false\" value=\"\" type=\"text\" name=\"kunde_4\" \/><\/span>\n      <label>Messe<\/label>\n      <span class=\"wpcf7-form-control-wrap\" data-name=\"messe_4\"><input size=\"40\" maxlength=\"400\" class=\"wpcf7-form-control wpcf7-text\" aria-invalid=\"false\" value=\"\" type=\"text\" name=\"messe_4\" \/><\/span>\n      <label>Jahr<\/label>\n      <span class=\"wpcf7-form-control-wrap\" data-name=\"jahr_4\"><input size=\"40\" maxlength=\"400\" class=\"wpcf7-form-control wpcf7-text\" aria-invalid=\"false\" value=\"\" type=\"text\" name=\"jahr_4\" \/><\/span>\n      <label>T\u00e4tigkeit<\/label>\n      <span class=\"wpcf7-form-control-wrap\" data-name=\"taetigkeit_4\"><input size=\"40\" maxlength=\"400\" class=\"wpcf7-form-control wpcf7-text\" aria-invalid=\"false\" value=\"\" type=\"text\" name=\"taetigkeit_4\" \/><\/span>\n      <label>Kundenzufriedenheit<\/label>\n      <span class=\"wpcf7-form-control-wrap\" data-name=\"kundenzufriedenheit_4\"><input size=\"40\" maxlength=\"400\" class=\"wpcf7-form-control wpcf7-text\" aria-invalid=\"false\" value=\"\" type=\"text\" name=\"kundenzufriedenheit_4\" \/><\/span>\n    <\/div>\n\n    <div class=\"expo-ref-col\">\n      <label>Kunde<\/label>\n      <span class=\"wpcf7-form-control-wrap\" data-name=\"kunde_5\"><input size=\"40\" maxlength=\"400\" class=\"wpcf7-form-control wpcf7-text\" aria-invalid=\"false\" value=\"\" type=\"text\" name=\"kunde_5\" \/><\/span>\n      <label>Messe<\/label>\n      <span class=\"wpcf7-form-control-wrap\" data-name=\"messe_5\"><input size=\"40\" maxlength=\"400\" class=\"wpcf7-form-control wpcf7-text\" aria-invalid=\"false\" value=\"\" type=\"text\" name=\"messe_5\" \/><\/span>\n      <label>Jahr<\/label>\n      <span class=\"wpcf7-form-control-wrap\" data-name=\"jahr_5\"><input size=\"40\" maxlength=\"400\" class=\"wpcf7-form-control wpcf7-text\" aria-invalid=\"false\" value=\"\" type=\"text\" name=\"jahr_5\" \/><\/span>\n      <label>T\u00e4tigkeit<\/label>\n      <span class=\"wpcf7-form-control-wrap\" data-name=\"taetigkeit_5\"><input size=\"40\" maxlength=\"400\" class=\"wpcf7-form-control wpcf7-text\" aria-invalid=\"false\" value=\"\" type=\"text\" name=\"taetigkeit_5\" \/><\/span>\n      <label>Kundenzufriedenheit<\/label>\n      <span class=\"wpcf7-form-control-wrap\" data-name=\"kundenzufriedenheit_5\"><input size=\"40\" maxlength=\"400\" class=\"wpcf7-form-control wpcf7-text\" aria-invalid=\"false\" value=\"\" type=\"text\" name=\"kundenzufriedenheit_5\" \/><\/span>\n    <\/div>\n  <\/div>\n\n  <div class=\"expo-row expo-1\">\n    <div class=\"expo-field\">\n      <label>Bilder (max. 5)<\/label>\n      <span class=\"wpcf7-form-control-wrap\" data-name=\"bilder\"><input size=\"40\" class=\"wpcf7-form-control wpcf7-file\" accept=\".jpg,.jpeg,.png,.pdf\" aria-invalid=\"false\" type=\"file\" name=\"bilder\" \/><\/span>\n    <\/div>\n  <\/div>\n\n  <div class=\"expo-row expo-1\">\n    <div class=\"expo-field expo-check\">\n      <label>Email address*<\/label>\n      <span class=\"wpcf7-form-control-wrap\" data-name=\"datenschutz\"><span class=\"wpcf7-form-control wpcf7-acceptance\"><span class=\"wpcf7-list-item\"><label><input type=\"checkbox\" name=\"datenschutz\" value=\"1\" aria-invalid=\"false\" \/><span class=\"wpcf7-list-item-label\">Ja, ich habe die Datenschutzbestimmungen der Webseite gelesen und bin damit einverstanden, dass meine \u00fcbermittelten Daten zum Zwecke der Beantwortung und Bearbeitung meiner Anfrage entsprechend der Datenschutzerkl\u00e4rung dieser Webseite gespeichert werden.<\/span><\/label><\/span><\/span><\/span>\n    <\/div>\n  <\/div>\n\n  <div class=\"expo-row expo-1\">\n    <div class=\"expo-field\">\n      <input class=\"wpcf7-form-control wpcf7-submit has-spinner\" type=\"submit\" value=\"Senden\" \/>\n    <\/div>\n  <\/div>\n\n<\/div><div class=\"wpcf7-response-output\" aria-hidden=\"true\"><\/div>\n<input type=\"hidden\" name=\"trp-form-language\" value=\"en\"\/><\/form>\n<\/div>\n\t\t\t\t<\/div>\n\t\t\t\t\t<\/div>\n\t\t\t\t<\/div>\n\t\t\t\t<\/div>","protected":false},"excerpt":{"rendered":"<p>Bewerbung fu\u0308r Servicekr\u00e4fte und Hostessen Sie interessieren sich f\u00fcr einen Job im Bereich Messepersonal bei Expovero? Registrieren Sie sich jetzt online f\u00fcr unsere offenen Jobs &#8211; Ihre pers\u00f6nlichen Daten werden selbstverst\u00e4ndlich vertraulich behandelt. Ihre Daten Anrede* Bitte w\u00e4hlenHerrFrauDivers Vorname* Nachname* Stra\u00dfe und Hausnummer* PLZ und Ort* Telefon* Whatsapp E-Mail-Adresse* Messe Stadt Datum Erfahrungen Bitte w\u00e4hlenPromotionServiceHostessMessebauKeine [&hellip;]<\/p>\n","protected":false},"author":1,"featured_media":0,"parent":0,"menu_order":0,"comment_status":"closed","ping_status":"closed","template":"","meta":{"content-type":"","footnotes":""},"class_list":["post-8374","page","type-page","status-publish","hentry"],"_links":{"self":[{"href":"https:\/\/expovero.com\/en\/wp-json\/wp\/v2\/pages\/8374","targetHints":{"allow":["GET"]}}],"collection":[{"href":"https:\/\/expovero.com\/en\/wp-json\/wp\/v2\/pages"}],"about":[{"href":"https:\/\/expovero.com\/en\/wp-json\/wp\/v2\/types\/page"}],"author":[{"embeddable":true,"href":"https:\/\/expovero.com\/en\/wp-json\/wp\/v2\/users\/1"}],"replies":[{"embeddable":true,"href":"https:\/\/expovero.com\/en\/wp-json\/wp\/v2\/comments?post=8374"}],"version-history":[{"count":13,"href":"https:\/\/expovero.com\/en\/wp-json\/wp\/v2\/pages\/8374\/revisions"}],"predecessor-version":[{"id":10094,"href":"https:\/\/expovero.com\/en\/wp-json\/wp\/v2\/pages\/8374\/revisions\/10094"}],"wp:attachment":[{"href":"https:\/\/expovero.com\/en\/wp-json\/wp\/v2\/media?parent=8374"}],"curies":[{"name":"wp","href":"https:\/\/api.w.org\/{rel}","templated":true}]}}