{"id":8355,"date":"2026-03-24T20:30:53","date_gmt":"2026-03-24T20:30:53","guid":{"rendered":"https:\/\/expovero.com\/?page_id=8355"},"modified":"2026-03-24T21:00:43","modified_gmt":"2026-03-24T21:00:43","slug":"anmeldeunterlagen","status":"publish","type":"page","link":"https:\/\/expovero.com\/en\/anmeldeunterlagen\/","title":{"rendered":"Registration documents"},"content":{"rendered":"<div data-elementor-type=\"wp-page\" data-elementor-id=\"8355\" class=\"elementor elementor-8355\">\n\t\t\t\t<div class=\"porto_stretch_css stretch_row_css elementor-element elementor-element-4305e9a e-con-full e-flex e-con e-parent\" data-id=\"4305e9a\" data-element_type=\"container\" data-e-type=\"container\" data-settings=\"{&quot;background_background&quot;:&quot;classic&quot;}\">\r\n\t\t\t\t<div class=\"elementor-element elementor-element-a01e468 elementor-invisible elementor-widget elementor-widget-heading\" data-id=\"a01e468\" data-element_type=\"widget\" data-e-type=\"widget\" data-settings=\"{&quot;_animation&quot;:&quot;fadeInUp&quot;,&quot;_animation_delay&quot;:200}\" data-widget_type=\"heading.default\">\n\t\t\t\t\t<h2 class=\"elementor-heading-title elementor-size-default\">Registration documents<\/h2>\t\t\t\t<\/div>\n\t\t\t\t<\/div>\n\t\t<div class=\"elementor-element elementor-element-448e5e3 e-flex e-con-boxed e-con e-parent\" data-id=\"448e5e3\" data-element_type=\"container\" data-e-type=\"container\" data-settings=\"{&quot;background_background&quot;:&quot;classic&quot;}\">\r\n\t\t\t\t\t<div class=\"e-con-inner\">\r\n\t\t\t\t<div class=\"elementor-element elementor-element-a53fcf3 elementor-widget elementor-widget-porto_contact_form\" data-id=\"a53fcf3\" data-element_type=\"widget\" data-e-type=\"widget\" data-widget_type=\"porto_contact_form.default\">\n\t\t\t\t\t\n<div class=\"wpcf7 no-js\" id=\"wpcf7-f8368-o1\" lang=\"en-US\" dir=\"ltr\" data-wpcf7-id=\"8368\">\n<div class=\"screen-reader-response\"><p role=\"status\" aria-live=\"polite\" aria-atomic=\"true\"><\/p> <ul><\/ul><\/div>\n<form action=\"\/en\/wp-json\/wp\/v2\/pages\/8355#wpcf7-f8368-o1\" method=\"post\" class=\"wpcf7-form init\" aria-label=\"Contact form\" enctype=\"multipart\/form-data\" novalidate=\"novalidate\" data-status=\"init\" data-trp-original-action=\"\/en\/wp-json\/wp\/v2\/pages\/8355#wpcf7-f8368-o1\">\n<fieldset class=\"hidden-fields-container\"><input type=\"hidden\" name=\"_wpcf7\" value=\"8368\" \/><input type=\"hidden\" name=\"_wpcf7_version\" value=\"6.1.5\" \/><input type=\"hidden\" name=\"_wpcf7_locale\" value=\"en_US\" \/><input type=\"hidden\" name=\"_wpcf7_unit_tag\" value=\"wpcf7-f8368-o1\" \/><input type=\"hidden\" name=\"_wpcf7_container_post\" value=\"0\" \/><input type=\"hidden\" name=\"_wpcf7_posted_data_hash\" value=\"\" \/>\n<\/fieldset>\n<div class=\"expo-form expo-application-form\">\n\n  <div class=\"form-section-title\">Einstellung<\/div>\n\n  <div class=\"expo-row expo-2-3\">\n    <div class=\"expo-field field-wide\">\n      <label>Stadt*<\/label>\n      <span class=\"wpcf7-form-control-wrap\" data-name=\"stadt\"><input size=\"40\" maxlength=\"400\" class=\"wpcf7-form-control wpcf7-text wpcf7-validates-as-required\" aria-required=\"true\" aria-invalid=\"false\" value=\"\" type=\"text\" name=\"stadt\" \/><\/span>\n    <\/div>\n\n    <div class=\"expo-field field-wide\">\n      <label>Besch\u00e4ftigung*<\/label>\n      <span class=\"inline-checks\">\n        <span class=\"wpcf7-form-control-wrap\" data-name=\"beschaeftigung\"><span class=\"wpcf7-form-control wpcf7-checkbox wpcf7-validates-as-required\"><span class=\"wpcf7-list-item first\"><label><input type=\"checkbox\" name=\"beschaeftigung[]\" value=\"Minijob\" \/><span class=\"wpcf7-list-item-label\">Minijob<\/span><\/label><\/span><span class=\"wpcf7-list-item\"><label><input type=\"checkbox\" name=\"beschaeftigung[]\" value=\"Teilzeit\" \/><span class=\"wpcf7-list-item-label\">Teilzeit<\/span><\/label><\/span><span class=\"wpcf7-list-item last\"><label><input type=\"checkbox\" name=\"beschaeftigung[]\" value=\"Vollzeit\" \/><span class=\"wpcf7-list-item-label\">Vollzeit<\/span><\/label><\/span><\/span><\/span>\n      <\/span>\n    <\/div>\n  <\/div>\n\n  <div class=\"form-section-title\">Basisdaten<\/div>\n\n  <div class=\"expo-row expo-2\">\n    <div class=\"expo-field\">\n      <label>Title*<\/label>\n      <span class=\"wpcf7-form-control-wrap\" data-name=\"anrede\"><select class=\"wpcf7-form-control wpcf7-select wpcf7-validates-as-required\" aria-required=\"true\" aria-invalid=\"false\" name=\"anrede\"><option value=\"Bitte w\u00e4hlen\">Bitte w\u00e4hlen<\/option><option value=\"Herr\">Herr<\/option><option value=\"Frau\">Frau<\/option><option value=\"Divers\">Divers<\/option><\/select><\/span>\n    <\/div>\n    <div class=\"expo-field\">\n      <label>Titel<\/label>\n      <span class=\"wpcf7-form-control-wrap\" data-name=\"titel\"><input size=\"40\" maxlength=\"400\" class=\"wpcf7-form-control wpcf7-text\" aria-invalid=\"false\" value=\"\" type=\"text\" name=\"titel\" \/><\/span>\n    <\/div>\n  <\/div>\n\n  <div class=\"expo-row expo-2\">\n    <div class=\"expo-field\">\n      <label>First name*<\/label>\n      <span class=\"wpcf7-form-control-wrap\" data-name=\"vorname\"><input size=\"40\" maxlength=\"400\" class=\"wpcf7-form-control wpcf7-text wpcf7-validates-as-required\" aria-required=\"true\" aria-invalid=\"false\" value=\"\" type=\"text\" name=\"vorname\" \/><\/span>\n    <\/div>\n    <div class=\"expo-field\">\n      <label>Last name*<\/label>\n      <span class=\"wpcf7-form-control-wrap\" data-name=\"nachname\"><input size=\"40\" maxlength=\"400\" class=\"wpcf7-form-control wpcf7-text wpcf7-validates-as-required\" aria-required=\"true\" aria-invalid=\"false\" value=\"\" type=\"text\" name=\"nachname\" \/><\/span>\n    <\/div>\n  <\/div>\n\n  <div class=\"expo-row expo-3\">\n    <div class=\"expo-field\">\n      <label>Street and house number*<\/label>\n      <span class=\"wpcf7-form-control-wrap\" data-name=\"strasse\"><input size=\"40\" maxlength=\"400\" class=\"wpcf7-form-control wpcf7-text wpcf7-validates-as-required\" aria-required=\"true\" aria-invalid=\"false\" value=\"\" type=\"text\" name=\"strasse\" \/><\/span>\n    <\/div>\n    <div class=\"expo-field\">\n      <label>Adresszusatz<\/label>\n      <span class=\"wpcf7-form-control-wrap\" data-name=\"adresszusatz\"><input size=\"40\" maxlength=\"400\" class=\"wpcf7-form-control wpcf7-text\" aria-invalid=\"false\" value=\"\" type=\"text\" name=\"adresszusatz\" \/><\/span>\n    <\/div>\n    <div class=\"expo-field\">\n      <label>Postal code and city*<\/label>\n      <span class=\"wpcf7-form-control-wrap\" data-name=\"plz_ort\"><input size=\"40\" maxlength=\"400\" class=\"wpcf7-form-control wpcf7-text wpcf7-validates-as-required\" aria-required=\"true\" aria-invalid=\"false\" value=\"\" type=\"text\" name=\"plz_ort\" \/><\/span>\n    <\/div>\n  <\/div>\n\n  <div class=\"expo-row expo-3\">\n    <div class=\"expo-field\">\n      <label>Land<\/label>\n      <span class=\"wpcf7-form-control-wrap\" data-name=\"land\"><select class=\"wpcf7-form-control wpcf7-select\" aria-invalid=\"false\" name=\"land\"><option value=\"Bitte w\u00e4hlen\">Bitte w\u00e4hlen<\/option><option value=\"Deutschland\">Deutschland<\/option><option value=\"\u00d6sterreich\">\u00d6sterreich<\/option><option value=\"Schweiz\">Schweiz<\/option><option value=\"Andere\">Andere<\/option><\/select><\/span>\n    <\/div>\n    <div class=\"expo-field\">\n      <label>Telefon*<\/label>\n      <span class=\"wpcf7-form-control-wrap\" data-name=\"telefon\"><input size=\"40\" maxlength=\"400\" class=\"wpcf7-form-control wpcf7-tel wpcf7-validates-as-required wpcf7-text wpcf7-validates-as-tel\" aria-required=\"true\" aria-invalid=\"false\" value=\"\" type=\"tel\" name=\"telefon\" \/><\/span>\n    <\/div>\n    <div class=\"expo-field\">\n      <label>Postal code and city*<\/label>\n      <span class=\"wpcf7-form-control-wrap\" data-name=\"email\"><input size=\"40\" maxlength=\"400\" class=\"wpcf7-form-control wpcf7-email wpcf7-validates-as-required wpcf7-text wpcf7-validates-as-email\" aria-required=\"true\" aria-invalid=\"false\" value=\"\" type=\"email\" name=\"email\" \/><\/span>\n    <\/div>\n  <\/div>\n\n  <div class=\"form-section-title\">Pers\u00f6nliche Daten<\/div>\n\n  <div class=\"expo-row expo-3\">\n    <div class=\"expo-field\">\n      <label>Geburtsdatum*<\/label>\n      <span class=\"wpcf7-form-control-wrap\" data-name=\"geburtsdatum\"><input class=\"wpcf7-form-control wpcf7-date wpcf7-validates-as-required wpcf7-validates-as-date\" aria-required=\"true\" aria-invalid=\"false\" value=\"\" type=\"date\" name=\"geburtsdatum\" \/><\/span>\n    <\/div>\n    <div class=\"expo-field\">\n      <label>Geburtsort*<\/label>\n      <span class=\"wpcf7-form-control-wrap\" data-name=\"geburtsort\"><input size=\"40\" maxlength=\"400\" class=\"wpcf7-form-control wpcf7-text wpcf7-validates-as-required\" aria-required=\"true\" aria-invalid=\"false\" value=\"\" type=\"text\" name=\"geburtsort\" \/><\/span>\n    <\/div>\n    <div class=\"expo-field\">\n      <label>Staatsangeh\u00f6rigkeit*<\/label>\n      <span class=\"wpcf7-form-control-wrap\" data-name=\"staatsangehoerigkeit\"><input size=\"40\" maxlength=\"400\" class=\"wpcf7-form-control wpcf7-text wpcf7-validates-as-required\" aria-required=\"true\" aria-invalid=\"false\" value=\"\" type=\"text\" name=\"staatsangehoerigkeit\" \/><\/span>\n    <\/div>\n  <\/div>\n\n  <div class=\"expo-row expo-2\">\n    <div class=\"expo-field\">\n      <label>Upload Ausweis Seite 1*<\/label>\n      <span class=\"wpcf7-form-control-wrap\" data-name=\"ausweis_seite_1\"><input size=\"40\" class=\"wpcf7-form-control wpcf7-file wpcf7-validates-as-required\" accept=\".jpg,.jpeg,.png,.pdf\" aria-required=\"true\" aria-invalid=\"false\" type=\"file\" name=\"ausweis_seite_1\" \/><\/span>\n    <\/div>\n    <div class=\"expo-field\">\n      <label>Upload Ausweis Seite 2*<\/label>\n      <span class=\"wpcf7-form-control-wrap\" data-name=\"ausweis_seite_2\"><input size=\"40\" class=\"wpcf7-form-control wpcf7-file wpcf7-validates-as-required\" accept=\".jpg,.jpeg,.png,.pdf\" aria-required=\"true\" aria-invalid=\"false\" type=\"file\" name=\"ausweis_seite_2\" \/><\/span>\n    <\/div>\n  <\/div>\n\n  <div class=\"form-section-title\">Steuerdaten<\/div>\n\n  <div class=\"expo-row expo-3\">\n    <div class=\"expo-field\">\n      <label>Steuer ID<\/label>\n      <span class=\"wpcf7-form-control-wrap\" data-name=\"steuer_id\"><input size=\"40\" maxlength=\"400\" class=\"wpcf7-form-control wpcf7-text\" aria-invalid=\"false\" value=\"\" type=\"text\" name=\"steuer_id\" \/><\/span>\n    <\/div>\n    <div class=\"expo-field\">\n      <label>Steuerklasse*<\/label>\n      <span class=\"wpcf7-form-control-wrap\" data-name=\"steuerklasse\"><input size=\"40\" maxlength=\"400\" class=\"wpcf7-form-control wpcf7-text wpcf7-validates-as-required\" aria-required=\"true\" aria-invalid=\"false\" value=\"\" type=\"text\" name=\"steuerklasse\" \/><\/span>\n    <\/div>\n    <div class=\"expo-field\">\n      <label>Grad der Behinderung*<\/label>\n      <span class=\"wpcf7-form-control-wrap\" data-name=\"grad_behinderung\"><input size=\"40\" maxlength=\"400\" class=\"wpcf7-form-control wpcf7-text wpcf7-validates-as-required\" aria-required=\"true\" aria-invalid=\"false\" value=\"\" type=\"text\" name=\"grad_behinderung\" \/><\/span>\n    <\/div>\n  <\/div>\n\n  <div class=\"expo-row expo-3\">\n    <div class=\"expo-field\">\n      <label>Familienstand*<\/label>\n      <span class=\"wpcf7-form-control-wrap\" data-name=\"familienstand\"><input size=\"40\" maxlength=\"400\" class=\"wpcf7-form-control wpcf7-text wpcf7-validates-as-required\" aria-required=\"true\" aria-invalid=\"false\" value=\"\" type=\"text\" name=\"familienstand\" \/><\/span>\n    <\/div>\n    <div class=\"expo-field\">\n      <label>Kinderfreibetrag*<\/label>\n      <span class=\"wpcf7-form-control-wrap\" data-name=\"kinderfreibetrag\"><input size=\"40\" maxlength=\"400\" class=\"wpcf7-form-control wpcf7-text wpcf7-validates-as-required\" aria-required=\"true\" aria-invalid=\"false\" value=\"\" type=\"text\" name=\"kinderfreibetrag\" \/><\/span>\n    <\/div>\n    <div class=\"expo-field\">\n      <label>Kirchenzugeh\u00f6rigkeit*<\/label>\n      <span class=\"wpcf7-form-control-wrap\" data-name=\"kirchenzugehoerigkeit\"><input size=\"40\" maxlength=\"400\" class=\"wpcf7-form-control wpcf7-text wpcf7-validates-as-required\" aria-required=\"true\" aria-invalid=\"false\" value=\"\" type=\"text\" name=\"kirchenzugehoerigkeit\" \/><\/span>\n    <\/div>\n  <\/div>\n\n  <div class=\"form-section-title\">Versicherungen<\/div>\n\n  <div class=\"expo-row expo-2\">\n    <div class=\"expo-field\">\n      <label>Sozialversicherungsnummer<\/label>\n      <span class=\"wpcf7-form-control-wrap\" data-name=\"sozialversicherungsnummer\"><input size=\"40\" maxlength=\"400\" class=\"wpcf7-form-control wpcf7-text\" aria-invalid=\"false\" value=\"\" type=\"text\" name=\"sozialversicherungsnummer\" \/><\/span>\n    <\/div>\n    <div class=\"expo-field\">\n      <label>Krankenversicherung*<\/label>\n      <span class=\"wpcf7-form-control-wrap\" data-name=\"krankenversicherung_select\"><select class=\"wpcf7-form-control wpcf7-select wpcf7-validates-as-required\" aria-required=\"true\" aria-invalid=\"false\" name=\"krankenversicherung_select\"><option value=\"Bitte w\u00e4hlen\">Bitte w\u00e4hlen<\/option><option value=\"Gesetzlich\">Gesetzlich<\/option><option value=\"Privat\">Privat<\/option><\/select><\/span>\n    <\/div>\n  <\/div>\n\n  <div class=\"expo-row expo-2\">\n    <div class=\"expo-field\">\n      <label>Krankenversicherung*<\/label>\n      <span class=\"wpcf7-form-control-wrap\" data-name=\"krankenversicherung_name\"><input size=\"40\" maxlength=\"400\" class=\"wpcf7-form-control wpcf7-text wpcf7-validates-as-required\" aria-required=\"true\" aria-invalid=\"false\" value=\"\" type=\"text\" name=\"krankenversicherung_name\" \/><\/span>\n    <\/div>\n    <div class=\"expo-field\">\n      <label>Kinder<\/label>\n      <span class=\"wpcf7-form-control-wrap\" data-name=\"kinder\"><input size=\"40\" maxlength=\"400\" class=\"wpcf7-form-control wpcf7-text\" aria-invalid=\"false\" value=\"\" type=\"text\" name=\"kinder\" \/><\/span>\n    <\/div>\n  <\/div>\n\n  <div class=\"form-section-title\">Bankdaten<\/div>\n\n  <div class=\"expo-row expo-3\">\n    <div class=\"expo-field\">\n      <label>Kontoinhaber*<\/label>\n      <span class=\"wpcf7-form-control-wrap\" data-name=\"kontoinhaber\"><input size=\"40\" maxlength=\"400\" class=\"wpcf7-form-control wpcf7-text wpcf7-validates-as-required\" aria-required=\"true\" aria-invalid=\"false\" value=\"\" type=\"text\" name=\"kontoinhaber\" \/><\/span>\n    <\/div>\n    <div class=\"expo-field\">\n      <label>IBAN*<\/label>\n      <span class=\"wpcf7-form-control-wrap\" data-name=\"iban\"><input size=\"40\" maxlength=\"400\" class=\"wpcf7-form-control wpcf7-text wpcf7-validates-as-required\" aria-required=\"true\" aria-invalid=\"false\" value=\"\" type=\"text\" name=\"iban\" \/><\/span>\n    <\/div>\n    <div class=\"expo-field\">\n      <label>BIC*<\/label>\n      <span class=\"wpcf7-form-control-wrap\" data-name=\"bic\"><input size=\"40\" maxlength=\"400\" class=\"wpcf7-form-control wpcf7-text wpcf7-validates-as-required\" aria-required=\"true\" aria-invalid=\"false\" value=\"\" type=\"text\" name=\"bic\" \/><\/span>\n    <\/div>\n  <\/div>\n\n  <div class=\"form-section-title\">Besch\u00e4ftigung<\/div>\n\n  <div class=\"expo-row expo-1\">\n    <div class=\"expo-field\">\n      <label>Gew\u00fcnschte Anstellung bei ExpoAffair Catering + Services*<\/label>\n      <span class=\"wpcf7-form-control-wrap\" data-name=\"gewuenschte_anstellung\"><select class=\"wpcf7-form-control wpcf7-select wpcf7-validates-as-required\" aria-required=\"true\" aria-invalid=\"false\" name=\"gewuenschte_anstellung\"><option value=\"Bitte w\u00e4hlen\">Bitte w\u00e4hlen<\/option><option value=\"Minijob\">Minijob<\/option><option value=\"Teilzeit\">Teilzeit<\/option><option value=\"Vollzeit\">Vollzeit<\/option><\/select><\/span>\n    <\/div>\n  <\/div>\n\n  <div class=\"expo-row expo-1\">\n    <div class=\"expo-field\">\n      <label>Weitere T\u00e4tigkeiten bei anderen Unternehmen*<\/label>\n      <span class=\"wpcf7-form-control-wrap\" data-name=\"weitere_taetigkeiten\"><select class=\"wpcf7-form-control wpcf7-select wpcf7-validates-as-required\" aria-required=\"true\" aria-invalid=\"false\" name=\"weitere_taetigkeiten\"><option value=\"Bitte w\u00e4hlen\">Bitte w\u00e4hlen<\/option><option value=\"Nein\">Nein<\/option><option value=\"Ja\">Ja<\/option><\/select><\/span>\n    <\/div>\n  <\/div>\n\n  <div class=\"expo-row expo-2\">\n    <div class=\"expo-field expo-check\">\n      <label>Arbeitserlaubnis<\/label>\n      <span class=\"wpcf7-form-control-wrap\" data-name=\"arbeitserlaubnis\"><span class=\"wpcf7-form-control wpcf7-checkbox wpcf7-exclusive-checkbox\"><span class=\"wpcf7-list-item first\"><label><input type=\"checkbox\" name=\"arbeitserlaubnis\" value=\"Ja\" \/><span class=\"wpcf7-list-item-label\">Ja<\/span><\/label><\/span><span class=\"wpcf7-list-item\"><label><input type=\"checkbox\" name=\"arbeitserlaubnis\" value=\"Nein\" \/><span class=\"wpcf7-list-item-label\">Nein<\/span><\/label><\/span><span class=\"wpcf7-list-item last\"><label><input type=\"checkbox\" name=\"arbeitserlaubnis\" value=\"Ich bin freiz\u00fcgig als deutscher Staatsb\u00fcrger oder B\u00fcrger der EU\" \/><span class=\"wpcf7-list-item-label\">Ich bin freiz\u00fcgig als deutscher Staatsb\u00fcrger oder B\u00fcrger der EU<\/span><\/label><\/span><\/span><\/span>\n    <\/div>\n    <div class=\"expo-field\">\n      <label>Bis wann ist Ihre Arbeitserlaubnis befristet?<\/label>\n      <span class=\"wpcf7-form-control-wrap\" data-name=\"arbeitserlaubnis_bis\"><input class=\"wpcf7-form-control wpcf7-date wpcf7-validates-as-date\" aria-invalid=\"false\" value=\"\" type=\"date\" name=\"arbeitserlaubnis_bis\" \/><\/span>\n    <\/div>\n  <\/div>\n\n  <div class=\"expo-row expo-1\">\n    <div class=\"expo-field expo-check\">\n      <label>Erkl\u00e4rung des Arbeitnehmers*<\/label>\n      <span class=\"wpcf7-form-control-wrap\" data-name=\"erklaerung_arbeitnehmer\"><span class=\"wpcf7-form-control wpcf7-acceptance\"><span class=\"wpcf7-list-item\"><label><input type=\"checkbox\" name=\"erklaerung_arbeitnehmer\" value=\"1\" aria-invalid=\"false\" \/><span class=\"wpcf7-list-item-label\">Ich versichere, dass die vorstehenden Angaben der Wahrheit entsprechen. Ich verpflichte mich, meinem Arbeitgeber alle \u00c4nderungen, insbesondere in Bezug auf weitere Besch\u00e4ftigungen (in Bezug auf Art, Dauer und Entgelt) unverz\u00fcglich mitzuteilen. Ein Umzug wird dem Arbeitgeber innerhalb von einer Woche schriftlich bekanntgegeben.<\/span><\/label><\/span><\/span><\/span>\n    <\/div>\n  <\/div>\n\n  <div class=\"expo-row expo-1\">\n    <div class=\"expo-field expo-check\">\n      <label>&nbsp;<\/label>\n      <span class=\"wpcf7-form-control-wrap\" data-name=\"minijob_erklaerung\"><span class=\"wpcf7-form-control wpcf7-acceptance\"><span class=\"wpcf7-list-item\"><label><input type=\"checkbox\" name=\"minijob_erklaerung\" value=\"1\" aria-invalid=\"false\" \/><span class=\"wpcf7-list-item-label\">Ja, ich versichere dass ich keinen weiteren Minijob aus\u00fcbe.<\/span><\/label><\/span><\/span><\/span>\n    <\/div>\n  <\/div>\n\n  <div class=\"expo-row expo-1\">\n    <div class=\"expo-field expo-check\">\n      <label>Email address*<\/label>\n      <span class=\"wpcf7-form-control-wrap\" data-name=\"datenschutz\"><span class=\"wpcf7-form-control wpcf7-acceptance\"><span class=\"wpcf7-list-item\"><label><input type=\"checkbox\" name=\"datenschutz\" value=\"1\" aria-invalid=\"false\" \/><span class=\"wpcf7-list-item-label\">Ja, ich habe die Datenschutzbestimmungen der Website gelesen und bin damit einverstanden, dass meine \u00fcbermittelten Daten zum Zwecke der Beantwortung und Bearbeitung meiner Anfrage entsprechend der Datenschutzerkl\u00e4rung dieser Website gespeichert werden.<\/span><\/label><\/span><\/span><\/span>\n    <\/div>\n  <\/div>\n\n  <div class=\"expo-row expo-1\">\n    <div class=\"expo-field\">\n      <label>Upload<\/label>\n      <span class=\"wpcf7-form-control-wrap\" data-name=\"upload_allgemein\"><input size=\"40\" class=\"wpcf7-form-control wpcf7-file\" accept=\".jpg,.jpeg,.png,.pdf,.doc,.docx\" aria-invalid=\"false\" type=\"file\" name=\"upload_allgemein\" \/><\/span>\n    <\/div>\n  <\/div>\n\n  <div class=\"expo-row expo-1\">\n    <div class=\"expo-field\">\n      <input class=\"wpcf7-form-control wpcf7-submit has-spinner\" type=\"submit\" value=\"Senden\" \/>\n    <\/div>\n  <\/div>\n\n<\/div><div class=\"wpcf7-response-output\" aria-hidden=\"true\"><\/div>\n<input type=\"hidden\" name=\"trp-form-language\" value=\"en\"\/><\/form>\n<\/div>\n\t\t\t\t<\/div>\n\t\t\t\t\t<\/div>\n\t\t\t\t<\/div>\n\t\t\t\t<\/div>","protected":false},"excerpt":{"rendered":"<p>Anmeldeunterlagen Einstellung Stadt* Besch\u00e4ftigung* MinijobTeilzeitVollzeit Basisdaten Anrede* Bitte w\u00e4hlenHerrFrauDivers Titel Vorname* Nachname* Stra\u00dfe und Hausnummer* Adresszusatz PLZ und Ort* Land Bitte w\u00e4hlenDeutschland\u00d6sterreichSchweizAndere Telefon* E-Mail-Adresse* Pers\u00f6nliche Daten Geburtsdatum* Geburtsort* Staatsangeh\u00f6rigkeit* Upload Ausweis Seite 1* Upload Ausweis Seite 2* Steuerdaten Steuer ID Steuerklasse* Grad der Behinderung* Familienstand* Kinderfreibetrag* Kirchenzugeh\u00f6rigkeit* Versicherungen Sozialversicherungsnummer Krankenversicherung* Bitte w\u00e4hlenGesetzlichPrivat Krankenversicherung* Kinder Bankdaten [&hellip;]<\/p>\n","protected":false},"author":1,"featured_media":0,"parent":0,"menu_order":0,"comment_status":"closed","ping_status":"closed","template":"","meta":{"content-type":"","footnotes":""},"class_list":["post-8355","page","type-page","status-publish","hentry"],"_links":{"self":[{"href":"https:\/\/expovero.com\/en\/wp-json\/wp\/v2\/pages\/8355","targetHints":{"allow":["GET"]}}],"collection":[{"href":"https:\/\/expovero.com\/en\/wp-json\/wp\/v2\/pages"}],"about":[{"href":"https:\/\/expovero.com\/en\/wp-json\/wp\/v2\/types\/page"}],"author":[{"embeddable":true,"href":"https:\/\/expovero.com\/en\/wp-json\/wp\/v2\/users\/1"}],"replies":[{"embeddable":true,"href":"https:\/\/expovero.com\/en\/wp-json\/wp\/v2\/comments?post=8355"}],"version-history":[{"count":4,"href":"https:\/\/expovero.com\/en\/wp-json\/wp\/v2\/pages\/8355\/revisions"}],"predecessor-version":[{"id":8373,"href":"https:\/\/expovero.com\/en\/wp-json\/wp\/v2\/pages\/8355\/revisions\/8373"}],"wp:attachment":[{"href":"https:\/\/expovero.com\/en\/wp-json\/wp\/v2\/media?parent=8355"}],"curies":[{"name":"wp","href":"https:\/\/api.w.org\/{rel}","templated":true}]}}