{"id":8321,"date":"2026-03-24T19:47:15","date_gmt":"2026-03-24T19:47:15","guid":{"rendered":"https:\/\/expovero.com\/?page_id=8321"},"modified":"2026-03-24T20:03:10","modified_gmt":"2026-03-24T20:03:10","slug":"dokumente","status":"publish","type":"page","link":"https:\/\/expovero.com\/en\/dokumente\/","title":{"rendered":"documents"},"content":{"rendered":"<div data-elementor-type=\"wp-page\" data-elementor-id=\"8321\" class=\"elementor elementor-8321\">\n\t\t\t\t<div class=\"porto_stretch_css stretch_row_css elementor-element elementor-element-790bae3 e-con-full e-flex e-con e-parent\" data-id=\"790bae3\" data-element_type=\"container\" data-e-type=\"container\" data-settings=\"{&quot;background_background&quot;:&quot;classic&quot;}\">\r\n\t\t\t\t<div class=\"elementor-element elementor-element-0f19e09 elementor-invisible elementor-widget elementor-widget-heading\" data-id=\"0f19e09\" data-element_type=\"widget\" data-e-type=\"widget\" data-settings=\"{&quot;_animation&quot;:&quot;fadeInUp&quot;,&quot;_animation_delay&quot;:200}\" data-widget_type=\"heading.default\">\n\t\t\t\t\t<h2 class=\"elementor-heading-title elementor-size-default\">Documents<\/h2>\t\t\t\t<\/div>\n\t\t\t\t<\/div>\n\t\t<div class=\"elementor-element elementor-element-adb2265 e-flex e-con-boxed e-con e-parent\" data-id=\"adb2265\" data-element_type=\"container\" data-e-type=\"container\" data-settings=\"{&quot;background_background&quot;:&quot;classic&quot;}\">\r\n\t\t\t\t\t<div class=\"e-con-inner\">\r\n\t\t\t\t<div class=\"elementor-element elementor-element-df7f277 elementor-widget elementor-widget-porto_contact_form\" data-id=\"df7f277\" data-element_type=\"widget\" data-e-type=\"widget\" data-widget_type=\"porto_contact_form.default\">\n\t\t\t\t\t\n<div class=\"wpcf7 no-js\" id=\"wpcf7-f8327-o1\" lang=\"en-US\" dir=\"ltr\" data-wpcf7-id=\"8327\">\n<div class=\"screen-reader-response\"><p role=\"status\" aria-live=\"polite\" aria-atomic=\"true\"><\/p> <ul><\/ul><\/div>\n<form action=\"\/en\/wp-json\/wp\/v2\/pages\/8321#wpcf7-f8327-o1\" method=\"post\" class=\"wpcf7-form init\" aria-label=\"Contact form\" enctype=\"multipart\/form-data\" novalidate=\"novalidate\" data-status=\"init\" data-trp-original-action=\"\/en\/wp-json\/wp\/v2\/pages\/8321#wpcf7-f8327-o1\">\n<fieldset class=\"hidden-fields-container\"><input type=\"hidden\" name=\"_wpcf7\" value=\"8327\" \/><input type=\"hidden\" name=\"_wpcf7_version\" value=\"6.1.5\" \/><input type=\"hidden\" name=\"_wpcf7_locale\" value=\"en_US\" \/><input type=\"hidden\" name=\"_wpcf7_unit_tag\" value=\"wpcf7-f8327-o1\" \/><input type=\"hidden\" name=\"_wpcf7_container_post\" value=\"0\" \/><input type=\"hidden\" name=\"_wpcf7_posted_data_hash\" value=\"\" \/>\n<\/fieldset>\n<div class=\"expo-form\">\n  <div class=\"expo-row expo-3\">\n    <div class=\"expo-field\">\n      <label>Name<\/label>\n      <span class=\"wpcf7-form-control-wrap\" data-name=\"your-name\"><input size=\"40\" maxlength=\"400\" class=\"wpcf7-form-control wpcf7-text wpcf7-validates-as-required\" aria-required=\"true\" aria-invalid=\"false\" value=\"\" type=\"text\" name=\"your-name\" \/><\/span>\n    <\/div>\n\n    <div class=\"expo-field\">\n      <label>&nbsp;<\/label>\n      <span class=\"wpcf7-form-control-wrap\" data-name=\"your-firstname\"><input size=\"40\" maxlength=\"400\" class=\"wpcf7-form-control wpcf7-text\" aria-invalid=\"false\" value=\"\" type=\"text\" name=\"your-firstname\" \/><\/span>\n    <\/div>\n\n    <div class=\"expo-field\">\n      <label>Location*<\/label>\n      <span class=\"wpcf7-form-control-wrap\" data-name=\"your-ort\"><input size=\"40\" maxlength=\"400\" class=\"wpcf7-form-control wpcf7-text wpcf7-validates-as-required\" aria-required=\"true\" aria-invalid=\"false\" value=\"\" type=\"text\" name=\"your-ort\" \/><\/span>\n    <\/div>\n  <\/div>\n\n  <div class=\"expo-row expo-2\">\n    <div class=\"expo-field\">\n      <label>Date*<\/label>\n      <span class=\"wpcf7-form-control-wrap\" data-name=\"your-datum\"><input class=\"wpcf7-form-control wpcf7-date wpcf7-validates-as-required wpcf7-validates-as-date\" aria-required=\"true\" aria-invalid=\"false\" value=\"\" type=\"date\" name=\"your-datum\" \/><\/span>\n    <\/div>\n\n    <div class=\"expo-field\">\n      <label>Objekt*<\/label>\n      <span class=\"wpcf7-form-control-wrap\" data-name=\"your-objekt\"><input size=\"40\" maxlength=\"400\" class=\"wpcf7-form-control wpcf7-text wpcf7-validates-as-required\" aria-required=\"true\" aria-invalid=\"false\" value=\"\" type=\"text\" name=\"your-objekt\" \/><\/span>\n    <\/div>\n  <\/div>\n\n  <div class=\"expo-row expo-1\">\n    <div class=\"expo-field\">\n      <label>Datei hochladen*<\/label>\n      <span class=\"wpcf7-form-control-wrap\" data-name=\"your-file\"><input size=\"40\" class=\"wpcf7-form-control wpcf7-file wpcf7-validates-as-required\" accept=\".pdf,.jpg,.jpeg,.png,.doc,.docx\" aria-required=\"true\" aria-invalid=\"false\" type=\"file\" name=\"your-file\" \/><\/span>\n    <\/div>\n  <\/div>\n\n  <div class=\"expo-row expo-2\">\n    <div class=\"expo-field\">\n      <label>Voraussichtlich arbeitsunf\u00e4hig bis:*<\/label>\n      <span class=\"wpcf7-form-control-wrap\" data-name=\"your-bis\"><input class=\"wpcf7-form-control wpcf7-date wpcf7-validates-as-required wpcf7-validates-as-date\" aria-required=\"true\" aria-invalid=\"false\" value=\"\" type=\"date\" name=\"your-bis\" \/><\/span>\n    <\/div>\n\n    <div class=\"expo-field\">\n      <label>Festgestellt am:*<\/label>\n      <span class=\"wpcf7-form-control-wrap\" data-name=\"your-festgestellt\"><input class=\"wpcf7-form-control wpcf7-date wpcf7-validates-as-required wpcf7-validates-as-date\" aria-required=\"true\" aria-invalid=\"false\" value=\"\" type=\"date\" name=\"your-festgestellt\" \/><\/span>\n    <\/div>\n  <\/div>\n\n  <div class=\"expo-row expo-1\">\n  <div class=\"expo-field expo-check\">\n    <label>Email address*<\/label>\n    <span class=\"wpcf7-form-control-wrap\" data-name=\"datenschutz\"><span class=\"wpcf7-form-control wpcf7-acceptance\"><span class=\"wpcf7-list-item\"><label><input type=\"checkbox\" name=\"datenschutz\" value=\"1\" aria-invalid=\"false\" \/><span class=\"wpcf7-list-item-label\">I hereby confirm that I have read and understood the privacy policy. My data will be stored in relation to this briefing.<\/span><\/label><\/span><\/span><\/span>\n  <\/div>\n<\/div>\n\n<div class=\"expo-row expo-1\">\n  <div class=\"expo-field expo-check\">\n    <label>Acknowledgement*<\/label>\n    <span class=\"wpcf7-form-control-wrap\" data-name=\"belehrung\"><span class=\"wpcf7-form-control wpcf7-acceptance\"><span class=\"wpcf7-list-item\"><label><input type=\"checkbox\" name=\"belehrung\" value=\"1\" aria-invalid=\"false\" \/><span class=\"wpcf7-list-item-label\">Hiermit best\u00e4tige ich die Belehrung verstanden zu haben und werde mich, den Vorgaben der ExpoAffair Cleaning GmbH entsprechend, danach richten.<\/span><\/label><\/span><\/span><\/span>\n  <\/div>\n<\/div>\n\n  <div class=\"expo-row expo-1\">\n    <div class=\"expo-field\">\n      <input class=\"wpcf7-form-control wpcf7-submit has-spinner\" type=\"submit\" value=\"SENDEN\" \/>\n    <\/div>\n  <\/div>\n<\/div><div class=\"wpcf7-response-output\" aria-hidden=\"true\"><\/div>\n<input type=\"hidden\" name=\"trp-form-language\" value=\"en\"\/><\/form>\n<\/div>\n\t\t\t\t<\/div>\n\t\t\t\t\t<\/div>\n\t\t\t\t<\/div>\n\t\t\t\t<\/div>","protected":false},"excerpt":{"rendered":"<p>Dokumente Name &nbsp; Ort* Datum* Objekt* Datei hochladen* Voraussichtlich arbeitsunf\u00e4hig bis:* Festgestellt am:* Datenschutz* Hiermit best\u00e4tige ich, dass ich die Datenschutzerkl\u00e4rung gelesen und verstanden habe. Meine Daten werden bez\u00fcglich der Belehrung gespeichert. Belehrung* Hiermit best\u00e4tige ich die Belehrung verstanden zu haben und werde mich, den Vorgaben der ExpoAffair Cleaning GmbH entsprechend, danach richten.<\/p>","protected":false},"author":1,"featured_media":0,"parent":0,"menu_order":0,"comment_status":"closed","ping_status":"closed","template":"","meta":{"content-type":"","footnotes":""},"class_list":["post-8321","page","type-page","status-publish","hentry"],"_links":{"self":[{"href":"https:\/\/expovero.com\/en\/wp-json\/wp\/v2\/pages\/8321","targetHints":{"allow":["GET"]}}],"collection":[{"href":"https:\/\/expovero.com\/en\/wp-json\/wp\/v2\/pages"}],"about":[{"href":"https:\/\/expovero.com\/en\/wp-json\/wp\/v2\/types\/page"}],"author":[{"embeddable":true,"href":"https:\/\/expovero.com\/en\/wp-json\/wp\/v2\/users\/1"}],"replies":[{"embeddable":true,"href":"https:\/\/expovero.com\/en\/wp-json\/wp\/v2\/comments?post=8321"}],"version-history":[{"count":13,"href":"https:\/\/expovero.com\/en\/wp-json\/wp\/v2\/pages\/8321\/revisions"}],"predecessor-version":[{"id":8344,"href":"https:\/\/expovero.com\/en\/wp-json\/wp\/v2\/pages\/8321\/revisions\/8344"}],"wp:attachment":[{"href":"https:\/\/expovero.com\/en\/wp-json\/wp\/v2\/media?parent=8321"}],"curies":[{"name":"wp","href":"https:\/\/api.w.org\/{rel}","templated":true}]}}