{"id":8269,"date":"2026-03-24T19:01:41","date_gmt":"2026-03-24T19:01:41","guid":{"rendered":"https:\/\/expovero.com\/?page_id=8269"},"modified":"2026-03-24T19:37:16","modified_gmt":"2026-03-24T19:37:16","slug":"mitarbeiter","status":"publish","type":"page","link":"https:\/\/expovero.com\/en\/mitarbeiter\/","title":{"rendered":"Employees"},"content":{"rendered":"<div data-elementor-type=\"wp-page\" data-elementor-id=\"8269\" class=\"elementor elementor-8269\">\n\t\t\t\t<div class=\"porto_stretch_css stretch_row_css elementor-element elementor-element-2274892 e-con-full e-flex e-con e-parent\" data-id=\"2274892\" data-element_type=\"container\" data-e-type=\"container\" data-settings=\"{&quot;background_background&quot;:&quot;classic&quot;}\">\r\n\t\t\t\t<div class=\"elementor-element elementor-element-ca841af elementor-invisible elementor-widget elementor-widget-heading\" data-id=\"ca841af\" data-element_type=\"widget\" data-e-type=\"widget\" data-settings=\"{&quot;_animation&quot;:&quot;fadeInUp&quot;,&quot;_animation_delay&quot;:200}\" data-widget_type=\"heading.default\">\n\t\t\t\t\t<h2 class=\"elementor-heading-title elementor-size-default\">Employees<\/h2>\t\t\t\t<\/div>\n\t\t\t\t<\/div>\n\t\t<div class=\"elementor-element elementor-element-535890d e-flex e-con-boxed e-con e-parent\" data-id=\"535890d\" data-element_type=\"container\" data-e-type=\"container\">\r\n\t\t\t\t\t<div class=\"e-con-inner\">\r\n\t\t<div class=\"elementor-element elementor-element-45105fb e-con-full e-flex e-con e-child\" data-id=\"45105fb\" data-element_type=\"container\" data-e-type=\"container\">\r\n\t\t\t\t<div class=\"elementor-element elementor-element-af040ac elementor-widget elementor-widget-porto_ultimate_heading\" data-id=\"af040ac\" data-element_type=\"widget\" data-e-type=\"widget\" data-widget_type=\"porto_ultimate_heading.default\">\n\t\t\t\t\t<div class=\"porto-u-heading  porto-u-ad87e2eaf3f9c495180fe0156ddf3eb0\"><div class=\"porto-u-main-heading\"><h2   >Ihr Experte f\u00fcr Messe- und Eventcatering auf h\u00f6chstem Niveau<\/h2><\/div><style>.porto-u-ad87e2eaf3f9c495180fe0156ddf3eb0.porto-u-heading{text-align:left}<\/style><\/div>\t\t\t\t<\/div>\n\t\t\t\t<div class=\"elementor-element elementor-element-ba91911 elementor-widget elementor-widget-text-editor\" data-id=\"ba91911\" data-element_type=\"widget\" data-e-type=\"widget\" data-widget_type=\"text-editor.default\">\n\t\t\t\t\t\t\t\t\t<p>Herzlich willkommen bei ExpoAffair, Ihren Profis f\u00fcr Messe- und Eventcatering auf h\u00f6chstem Niveau mit Anspruch, Kreativit\u00e4t und der besonderen Prise Leidenschaft, die sich abhebt.<\/p><p>Machen Sie sich auf unseren Seiten selbst ein Bild von unserem starken Leistungsspektrum \u2013 von Event- und Messecatering mit verf\u00fchrerischen Foodkonzepten bis hin zu Messepersonal und -equipment.<\/p><div class=\"elementor-element elementor-element-67abd85 elementor-widget elementor-widget-text-editor\" data-id=\"67abd85\" data-element_type=\"widget\" data-widget_type=\"text-editor.default\"><div class=\"elementor-widget-container\"><div class=\"wpb_text_column wpb_content_element\"><div class=\"wpb_wrapper\"><p>Dabei bem\u00fchen wir uns stets, die W\u00fcnsche und Anforderungen unserer Kunden nicht nur zu erf\u00fcllen, sondern nach M\u00f6glichkeit zu \u00fcbertreffen. Daf\u00fcr stehen wir mit unserem Namen.\u00a0<\/p><\/div><\/div><\/div><\/div>\t\t\t\t\t\t\t\t<\/div>\n\t\t\t\t<\/div>\n\t\t<div class=\"elementor-element elementor-element-1406f8c e-con-full e-flex e-con e-child\" data-id=\"1406f8c\" data-element_type=\"container\" data-e-type=\"container\">\r\n\t\t\t\t<div class=\"elementor-element elementor-element-4b2b4a3 elementor-widget elementor-widget-image\" data-id=\"4b2b4a3\" data-element_type=\"widget\" data-e-type=\"widget\" data-widget_type=\"image.default\">\n\t\t\t\t\t\t\t\t\t\t\t\t\t\t\t<img fetchpriority=\"high\" decoding=\"async\" width=\"640\" height=\"437\" src=\"https:\/\/expovero.com\/wp-content\/uploads\/2026\/03\/expo-affair-homeslider-03-768x437-1-640x437.jpg\" class=\"attachment-blog-grid size-blog-grid wp-image-8279\" alt=\"\" \/>\t\t\t\t\t\t\t\t\t\t\t\t\t\t\t<\/div>\n\t\t\t\t<\/div>\n\t\t\t\t\t<\/div>\n\t\t\t\t<\/div>\n\t\t<div class=\"elementor-element elementor-element-5d3d0a4 e-grid e-con-boxed e-con e-parent\" data-id=\"5d3d0a4\" data-element_type=\"container\" data-e-type=\"container\">\r\n\t\t\t\t\t<div class=\"e-con-inner\">\r\n\t\t<div class=\"elementor-element elementor-element-3ec05e1 e-con-full e-flex e-con e-child\" data-id=\"3ec05e1\" data-element_type=\"container\" data-e-type=\"container\" data-settings=\"{&quot;background_background&quot;:&quot;classic&quot;}\">\r\n\t\t\t\t<div class=\"elementor-element elementor-element-ec62864 elementor-widget__width-inherit elementor-widget elementor-widget-heading\" data-id=\"ec62864\" data-element_type=\"widget\" data-e-type=\"widget\" data-widget_type=\"heading.default\">\n\t\t\t\t\t<h2 class=\"elementor-heading-title elementor-size-default\"><a href=\"\/en\/dokumente\/\">Documents<\/a><\/h2>\t\t\t\t<\/div>\n\t\t\t\t<\/div>\n\t\t<div class=\"elementor-element elementor-element-f090854 e-con-full e-flex e-con e-child\" data-id=\"f090854\" data-element_type=\"container\" data-e-type=\"container\" data-settings=\"{&quot;background_background&quot;:&quot;classic&quot;}\">\r\n\t\t\t\t<div class=\"elementor-element elementor-element-7ae4cd8 elementor-widget__width-inherit elementor-widget elementor-widget-heading\" data-id=\"7ae4cd8\" data-element_type=\"widget\" data-e-type=\"widget\" data-widget_type=\"heading.default\">\n\t\t\t\t\t<h2 class=\"elementor-heading-title elementor-size-default\"><a href=\"\/en\/leistungsnachweis\/\">Proof of performance<\/a><\/h2>\t\t\t\t<\/div>\n\t\t\t\t<\/div>\n\t\t<div class=\"elementor-element elementor-element-bdf4d24 e-con-full e-flex e-con e-child\" data-id=\"bdf4d24\" data-element_type=\"container\" data-e-type=\"container\" data-settings=\"{&quot;background_background&quot;:&quot;classic&quot;}\">\r\n\t\t\t\t<div class=\"elementor-element elementor-element-39ba875 elementor-widget__width-inherit elementor-widget elementor-widget-heading\" data-id=\"39ba875\" data-element_type=\"widget\" data-e-type=\"widget\" data-widget_type=\"heading.default\">\n\t\t\t\t\t<h2 class=\"elementor-heading-title elementor-size-default\"><a href=\"\/en\/anmeldeunterlagen\/\">Registration documents<\/a><\/h2>\t\t\t\t<\/div>\n\t\t\t\t<\/div>\n\t\t<div class=\"elementor-element elementor-element-614ca5b e-con-full e-flex e-con e-child\" data-id=\"614ca5b\" data-element_type=\"container\" data-e-type=\"container\" data-settings=\"{&quot;background_background&quot;:&quot;classic&quot;}\">\r\n\t\t\t\t<div class=\"elementor-element elementor-element-b6565ab elementor-widget__width-inherit elementor-widget elementor-widget-heading\" data-id=\"b6565ab\" data-element_type=\"widget\" data-e-type=\"widget\" data-widget_type=\"heading.default\">\n\t\t\t\t\t<h2 class=\"elementor-heading-title elementor-size-default\"><a href=\"\/en\/servicekr\u00e4fte-und-hostessen\/\">Bewerbung fu\u0308r Servicekr\u00e4fte und Hostessen<\/a><\/h2>\t\t\t\t<\/div>\n\t\t\t\t<\/div>\n\t\t<div class=\"elementor-element elementor-element-33c73ba e-con-full e-flex e-con e-child\" data-id=\"33c73ba\" data-element_type=\"container\" data-e-type=\"container\" data-settings=\"{&quot;background_background&quot;:&quot;classic&quot;}\">\r\n\t\t\t\t<div class=\"elementor-element elementor-element-ed4da7f elementor-widget__width-inherit elementor-widget elementor-widget-heading\" data-id=\"ed4da7f\" data-element_type=\"widget\" data-e-type=\"widget\" data-widget_type=\"heading.default\">\n\t\t\t\t\t<h2 class=\"elementor-heading-title elementor-size-default\"><a href=\"\/en\/belehrung\/\">Instruction<\/a><\/h2>\t\t\t\t<\/div>\n\t\t\t\t<\/div>\n\t\t\t\t\t<\/div>\n\t\t\t\t<\/div>\n\t\t\t\t<\/div>","protected":false},"excerpt":{"rendered":"<p>Mitarbeiter Ihr Experte f\u00fcr Messe- und Eventcatering auf h\u00f6chstem Niveau Herzlich willkommen bei ExpoAffair, Ihren Profis f\u00fcr Messe- und Eventcatering auf h\u00f6chstem Niveau mit Anspruch, Kreativit\u00e4t und der besonderen Prise Leidenschaft, die sich abhebt. Machen Sie sich auf unseren Seiten selbst ein Bild von unserem starken Leistungsspektrum \u2013 von Event- und Messecatering mit verf\u00fchrerischen Foodkonzepten [&hellip;]<\/p>\n","protected":false},"author":1,"featured_media":0,"parent":0,"menu_order":0,"comment_status":"closed","ping_status":"closed","template":"","meta":{"content-type":"","footnotes":""},"class_list":["post-8269","page","type-page","status-publish","hentry"],"_links":{"self":[{"href":"https:\/\/expovero.com\/en\/wp-json\/wp\/v2\/pages\/8269","targetHints":{"allow":["GET"]}}],"collection":[{"href":"https:\/\/expovero.com\/en\/wp-json\/wp\/v2\/pages"}],"about":[{"href":"https:\/\/expovero.com\/en\/wp-json\/wp\/v2\/types\/page"}],"author":[{"embeddable":true,"href":"https:\/\/expovero.com\/en\/wp-json\/wp\/v2\/users\/1"}],"replies":[{"embeddable":true,"href":"https:\/\/expovero.com\/en\/wp-json\/wp\/v2\/comments?post=8269"}],"version-history":[{"count":37,"href":"https:\/\/expovero.com\/en\/wp-json\/wp\/v2\/pages\/8269\/revisions"}],"predecessor-version":[{"id":8320,"href":"https:\/\/expovero.com\/en\/wp-json\/wp\/v2\/pages\/8269\/revisions\/8320"}],"wp:attachment":[{"href":"https:\/\/expovero.com\/en\/wp-json\/wp\/v2\/media?parent=8269"}],"curies":[{"name":"wp","href":"https:\/\/api.w.org\/{rel}","templated":true}]}}