{"id":8127,"date":"2026-03-23T20:44:22","date_gmt":"2026-03-23T20:44:22","guid":{"rendered":"https:\/\/expovero.com\/?page_id=8127"},"modified":"2026-04-07T08:27:52","modified_gmt":"2026-04-07T08:27:52","slug":"messeverleih","status":"publish","type":"page","link":"https:\/\/expovero.com\/en\/messeverleih\/","title":{"rendered":"Trade show rental"},"content":{"rendered":"<div data-elementor-type=\"wp-page\" data-elementor-id=\"8127\" class=\"elementor elementor-8127\">\n\t\t\t\t<div class=\"porto_stretch_css stretch_row_css elementor-element elementor-element-69c9523 e-con-full e-flex e-con e-parent\" data-id=\"69c9523\" data-element_type=\"container\" data-e-type=\"container\" data-settings=\"{&quot;background_background&quot;:&quot;classic&quot;}\">\r\n\t\t\t\t<div class=\"elementor-element elementor-element-4a530d1 elementor-invisible elementor-widget elementor-widget-heading\" data-id=\"4a530d1\" data-element_type=\"widget\" data-e-type=\"widget\" data-settings=\"{&quot;_animation&quot;:&quot;fadeInUp&quot;,&quot;_animation_delay&quot;:200}\" data-widget_type=\"heading.default\">\n\t\t\t\t\t<h2 class=\"elementor-heading-title elementor-size-default\">Trade show rental<\/h2>\t\t\t\t<\/div>\n\t\t\t\t<\/div>\n\t\t<div class=\"elementor-element elementor-element-74cb09f e-flex e-con-boxed e-con e-parent\" data-id=\"74cb09f\" data-element_type=\"container\" data-e-type=\"container\">\r\n\t\t\t\t\t<div class=\"e-con-inner\">\r\n\t\t<div class=\"elementor-element elementor-element-a7e4f93 e-con-full e-flex e-con e-child\" data-id=\"a7e4f93\" data-element_type=\"container\" data-e-type=\"container\">\r\n\t\t\t\t<div class=\"elementor-element elementor-element-a21da5a elementor-widget elementor-widget-porto_ultimate_heading\" data-id=\"a21da5a\" data-element_type=\"widget\" data-e-type=\"widget\" data-widget_type=\"porto_ultimate_heading.default\">\n\t\t\t\t\t<div class=\"porto-u-heading  porto-u-7cde7bb859728a21207628191890e260\"><div class=\"porto-u-main-heading\"><h2   >Trade fair equipment and stand rental \u2013 setups that impress<\/h2><\/div><div class=\"porto-u-sub-heading\" style=\"\"><p>We provide high-quality professional equipment for exhibition stands: counters, tables, chairs, accessories such as cutlery and napkins, as well as coffee and beverage systems. For every occasion \u2014 from small business meetings to large congresses or trade fair events \u2014 we deliver the right event equipment in premium quality. Complemented by custom stand decoration, we transform your trade fair presence into an<\/p><\/div><style>.porto-u-7cde7bb859728a21207628191890e260.porto-u-heading{text-align:left}<\/style><\/div>\t\t\t\t<\/div>\n\t\t\t\t<div class=\"elementor-element elementor-element-96e9b2f elementor-widget elementor-widget-porto_button\" data-id=\"96e9b2f\" data-element_type=\"widget\" data-e-type=\"widget\" data-widget_type=\"porto_button.default\">\n\t\t\t\t\t<a class=\"btn btn-md btn-primary\" href=\"\/en\/product-category\/equipment\/\"><span >Our equipment<\/span><\/a>\t\t\t\t<\/div>\n\t\t\t\t<\/div>\n\t\t<div class=\"elementor-element elementor-element-afeb548 e-con-full e-flex e-con e-child\" data-id=\"afeb548\" data-element_type=\"container\" data-e-type=\"container\">\r\n\t\t\t\t<div class=\"elementor-element elementor-element-3127e81 elementor-widget elementor-widget-image\" data-id=\"3127e81\" data-element_type=\"widget\" data-e-type=\"widget\" data-widget_type=\"image.default\">\n\t\t\t\t\t\t\t\t\t\t\t\t\t\t\t<img fetchpriority=\"high\" decoding=\"async\" width=\"1000\" height=\"800\" src=\"https:\/\/expovero.com\/wp-content\/uploads\/2026\/03\/content-messeverleih-1000x800-1.jpg\" class=\"attachment-full size-full wp-image-8130\" alt=\"\" srcset=\"https:\/\/expovero.com\/wp-content\/uploads\/2026\/03\/content-messeverleih-1000x800-1.jpg 1000w, https:\/\/expovero.com\/wp-content\/uploads\/2026\/03\/content-messeverleih-1000x800-1-768x614.jpg 768w, https:\/\/expovero.com\/wp-content\/uploads\/2026\/03\/content-messeverleih-1000x800-1-640x512.jpg 640w, https:\/\/expovero.com\/wp-content\/uploads\/2026\/03\/content-messeverleih-1000x800-1-400x320.jpg 400w, https:\/\/expovero.com\/wp-content\/uploads\/2026\/03\/content-messeverleih-1000x800-1-600x480.jpg 600w\" sizes=\"(max-width: 1000px) 100vw, 1000px\" \/>\t\t\t\t\t\t\t\t\t\t\t\t\t\t\t<\/div>\n\t\t\t\t<\/div>\n\t\t\t\t\t<\/div>\n\t\t\t\t<\/div>\n\t\t\t\t<\/div>","protected":false},"excerpt":{"rendered":"<p>Messeverleih Messeequipment und Standverleih \u2013 Ausstattung, die beeindruckt Wir bieten hochwertiges Profi-Equipment f\u00fcr Messest\u00e4nde: Messetheken, Tische, St\u00fchle, Accessoires wie Besteck und Servietten sowie Kaffee- und Getr\u00e4nkesysteme. F\u00fcr jede Veranstaltung \u2013 vom kleinen Gesch\u00e4ftstermin bis zum gro\u00dfen Kongress oder Messeevent \u2013 liefern wir das passende Veranstaltungsequipment in bester Qualit\u00e4t. Erg\u00e4nzt durch individuelle Standdekoration verwandeln wir Ihren [&hellip;]<\/p>\n","protected":false},"author":1,"featured_media":0,"parent":0,"menu_order":0,"comment_status":"closed","ping_status":"closed","template":"","meta":{"content-type":"","footnotes":""},"class_list":["post-8127","page","type-page","status-publish","hentry"],"_links":{"self":[{"href":"https:\/\/expovero.com\/en\/wp-json\/wp\/v2\/pages\/8127","targetHints":{"allow":["GET"]}}],"collection":[{"href":"https:\/\/expovero.com\/en\/wp-json\/wp\/v2\/pages"}],"about":[{"href":"https:\/\/expovero.com\/en\/wp-json\/wp\/v2\/types\/page"}],"author":[{"embeddable":true,"href":"https:\/\/expovero.com\/en\/wp-json\/wp\/v2\/users\/1"}],"replies":[{"embeddable":true,"href":"https:\/\/expovero.com\/en\/wp-json\/wp\/v2\/comments?post=8127"}],"version-history":[{"count":10,"href":"https:\/\/expovero.com\/en\/wp-json\/wp\/v2\/pages\/8127\/revisions"}],"predecessor-version":[{"id":10073,"href":"https:\/\/expovero.com\/en\/wp-json\/wp\/v2\/pages\/8127\/revisions\/10073"}],"wp:attachment":[{"href":"https:\/\/expovero.com\/en\/wp-json\/wp\/v2\/media?parent=8127"}],"curies":[{"name":"wp","href":"https:\/\/api.w.org\/{rel}","templated":true}]}}