{"id":8120,"date":"2026-03-23T20:39:38","date_gmt":"2026-03-23T20:39:38","guid":{"rendered":"https:\/\/expovero.com\/?page_id=8120"},"modified":"2026-04-07T11:26:45","modified_gmt":"2026-04-07T11:26:45","slug":"messepersonal","status":"publish","type":"page","link":"https:\/\/expovero.com\/en\/messepersonal\/","title":{"rendered":"Exhibition staff"},"content":{"rendered":"<div data-elementor-type=\"wp-page\" data-elementor-id=\"8120\" class=\"elementor elementor-8120\">\n\t\t\t\t<div class=\"porto_stretch_css stretch_row_css elementor-element elementor-element-d3d5ba7 e-con-full e-flex e-con e-parent\" data-id=\"d3d5ba7\" data-element_type=\"container\" data-e-type=\"container\" data-settings=\"{&quot;background_background&quot;:&quot;classic&quot;}\">\r\n\t\t\t\t<div class=\"elementor-element elementor-element-29c96cb elementor-invisible elementor-widget elementor-widget-heading\" data-id=\"29c96cb\" data-element_type=\"widget\" data-e-type=\"widget\" data-settings=\"{&quot;_animation&quot;:&quot;fadeInUp&quot;,&quot;_animation_delay&quot;:200}\" data-widget_type=\"heading.default\">\n\t\t\t\t\t<h2 class=\"elementor-heading-title elementor-size-default\">Exhibition staff<\/h2>\t\t\t\t<\/div>\n\t\t\t\t<\/div>\n\t\t<div class=\"elementor-element elementor-element-8743273 e-flex e-con-boxed e-con e-parent\" data-id=\"8743273\" data-element_type=\"container\" data-e-type=\"container\">\r\n\t\t\t\t\t<div class=\"e-con-inner\">\r\n\t\t<div class=\"elementor-element elementor-element-406a358 e-con-full e-flex e-con e-child\" data-id=\"406a358\" data-element_type=\"container\" data-e-type=\"container\">\r\n\t\t\t\t<div class=\"elementor-element elementor-element-9621e64 elementor-widget elementor-widget-porto_ultimate_heading\" data-id=\"9621e64\" data-element_type=\"widget\" data-e-type=\"widget\" data-widget_type=\"porto_ultimate_heading.default\">\n\t\t\t\t\t<div class=\"porto-u-heading  porto-u-ad87e2eaf3f9c495180fe0156ddf3eb0\"><div class=\"porto-u-main-heading\"><h2   >Expertise meets charisma \u2013 professional staff for your trade fair success<\/h2><\/div><div class=\"porto-u-sub-heading\" style=\"\"><p data-start=\"144\" data-end=\"611\">With us, you can welcome and receive your trade fair and event visitors, ensuring that your guests feel well looked after and comfortable at your stand or event. Providing professional, highly trained, multilingual trade fair staff is another core strength of <strong>Expovero<\/strong>ensuring the smooth execution of your events and functions.<\/p>\n\n<ul data-start=\"613\" data-end=\"748\">\n \t<li data-start=\"613\" data-end=\"641\">Trade fair hostesses and hosts<\/li>\n \t<li data-start=\"642\" data-end=\"665\">Trade fair stand support<\/li>\n \t<li data-start=\"666\" data-end=\"686\">Cloakroom service<\/li>\n \t<li data-start=\"687\" data-end=\"709\">VIP guest services<\/li>\n \t<li data-start=\"710\" data-end=\"727\">Service staff<\/li>\n \t<li data-start=\"728\" data-end=\"748\">Entrance management<\/li>\n<\/ul>\n<p data-start=\"750\" data-end=\"983\">Our staff impress not only with their polished, professional appearance and friendly manner, but also through regular training and the highest standards of qualification and professionalism.<\/p><\/div><style>.porto-u-ad87e2eaf3f9c495180fe0156ddf3eb0.porto-u-heading{text-align:left}<\/style><\/div>\t\t\t\t<\/div>\n\t\t\t\t<div class=\"elementor-element elementor-element-fa84075 elementor-widget elementor-widget-porto_button\" data-id=\"fa84075\" data-element_type=\"widget\" data-e-type=\"widget\" data-widget_type=\"porto_button.default\">\n\t\t\t\t\t<a class=\"btn btn-md btn-primary\" href=\"\/en\/product-category\/personal\/\"><span >Our staff<\/span><\/a>\t\t\t\t<\/div>\n\t\t\t\t<\/div>\n\t\t<div class=\"elementor-element elementor-element-39c2b84 e-con-full e-flex e-con e-child\" data-id=\"39c2b84\" data-element_type=\"container\" data-e-type=\"container\">\r\n\t\t\t\t<div class=\"elementor-element elementor-element-f605ef8 elementor-widget elementor-widget-image\" data-id=\"f605ef8\" data-element_type=\"widget\" data-e-type=\"widget\" data-widget_type=\"image.default\">\n\t\t\t\t\t\t\t\t\t\t\t\t\t\t\t<img fetchpriority=\"high\" decoding=\"async\" width=\"1717\" height=\"2560\" src=\"https:\/\/expovero.com\/wp-content\/uploads\/2026\/04\/New-Project-5-1-scaled.png\" class=\"attachment-full size-full wp-image-9930\" alt=\"\" srcset=\"https:\/\/expovero.com\/wp-content\/uploads\/2026\/04\/New-Project-5-1-scaled.png 1717w, https:\/\/expovero.com\/wp-content\/uploads\/2026\/04\/New-Project-5-1-687x1024.png 687w, https:\/\/expovero.com\/wp-content\/uploads\/2026\/04\/New-Project-5-1-768x1145.png 768w, https:\/\/expovero.com\/wp-content\/uploads\/2026\/04\/New-Project-5-1-1030x1536.png 1030w, https:\/\/expovero.com\/wp-content\/uploads\/2026\/04\/New-Project-5-1-1374x2048.png 1374w, https:\/\/expovero.com\/wp-content\/uploads\/2026\/04\/New-Project-5-1-640x954.png 640w, https:\/\/expovero.com\/wp-content\/uploads\/2026\/04\/New-Project-5-1-400x596.png 400w, https:\/\/expovero.com\/wp-content\/uploads\/2026\/04\/New-Project-5-1-600x895.png 600w\" sizes=\"(max-width: 1717px) 100vw, 1717px\" \/>\t\t\t\t\t\t\t\t\t\t\t\t\t\t\t<\/div>\n\t\t\t\t<\/div>\n\t\t\t\t\t<\/div>\n\t\t\t\t<\/div>\n\t\t\t\t<\/div>","protected":false},"excerpt":{"rendered":"<p>Messepersonal Kompetenz trifft Charisma \u2013 Professionelles Personal f\u00fcr Ihren Messeerfolg Mit uns begr\u00fc\u00dfen und empfangen Sie Ihre Messe- und Veranstaltungsbesucher und sorgen daf\u00fcr, dass sich Ihre G\u00e4ste am Messestand oder auf Ihrem Event gut betreut und wohlf\u00fchlen. Das Bereitstellen von professionellem und bestens geschultem, mehrsprachigem Messepersonal ist eine weitere Kernkompetenz von Expovero, um den reibungslosen [&hellip;]<\/p>\n","protected":false},"author":1,"featured_media":0,"parent":0,"menu_order":0,"comment_status":"closed","ping_status":"closed","template":"","meta":{"content-type":"","footnotes":""},"class_list":["post-8120","page","type-page","status-publish","hentry"],"_links":{"self":[{"href":"https:\/\/expovero.com\/en\/wp-json\/wp\/v2\/pages\/8120","targetHints":{"allow":["GET"]}}],"collection":[{"href":"https:\/\/expovero.com\/en\/wp-json\/wp\/v2\/pages"}],"about":[{"href":"https:\/\/expovero.com\/en\/wp-json\/wp\/v2\/types\/page"}],"author":[{"embeddable":true,"href":"https:\/\/expovero.com\/en\/wp-json\/wp\/v2\/users\/1"}],"replies":[{"embeddable":true,"href":"https:\/\/expovero.com\/en\/wp-json\/wp\/v2\/comments?post=8120"}],"version-history":[{"count":19,"href":"https:\/\/expovero.com\/en\/wp-json\/wp\/v2\/pages\/8120\/revisions"}],"predecessor-version":[{"id":10142,"href":"https:\/\/expovero.com\/en\/wp-json\/wp\/v2\/pages\/8120\/revisions\/10142"}],"wp:attachment":[{"href":"https:\/\/expovero.com\/en\/wp-json\/wp\/v2\/media?parent=8120"}],"curies":[{"name":"wp","href":"https:\/\/api.w.org\/{rel}","templated":true}]}}