{"id":8110,"date":"2026-03-23T20:34:24","date_gmt":"2026-03-23T20:34:24","guid":{"rendered":"https:\/\/expovero.com\/?page_id=8110"},"modified":"2026-04-06T09:56:08","modified_gmt":"2026-04-06T09:56:08","slug":"food-konzepte","status":"publish","type":"page","link":"https:\/\/expovero.com\/en\/food-konzepte\/","title":{"rendered":"Food Concepts"},"content":{"rendered":"<div data-elementor-type=\"wp-page\" data-elementor-id=\"8110\" class=\"elementor elementor-8110\">\n\t\t\t\t<div class=\"porto_stretch_css stretch_row_css elementor-element elementor-element-2637fb9 e-con-full e-flex e-con e-parent\" data-id=\"2637fb9\" data-element_type=\"container\" data-e-type=\"container\" data-settings=\"{&quot;background_background&quot;:&quot;classic&quot;}\">\r\n\t\t\t\t<div class=\"elementor-element elementor-element-1d8bd03 elementor-invisible elementor-widget elementor-widget-heading\" data-id=\"1d8bd03\" data-element_type=\"widget\" data-e-type=\"widget\" data-settings=\"{&quot;_animation&quot;:&quot;fadeInUp&quot;,&quot;_animation_delay&quot;:200}\" data-widget_type=\"heading.default\">\n\t\t\t\t\t<h2 class=\"elementor-heading-title elementor-size-default\">Food Concepts<\/h2>\t\t\t\t<\/div>\n\t\t\t\t<\/div>\n\t\t<div class=\"elementor-element elementor-element-b883699 e-flex e-con-boxed e-con e-parent\" data-id=\"b883699\" data-element_type=\"container\" data-e-type=\"container\">\r\n\t\t\t\t\t<div class=\"e-con-inner\">\r\n\t\t<div class=\"elementor-element elementor-element-0a1c3df e-con-full e-flex e-con e-child\" data-id=\"0a1c3df\" data-element_type=\"container\" data-e-type=\"container\">\r\n\t\t\t\t<div class=\"elementor-element elementor-element-7bd5f15 elementor-widget elementor-widget-porto_ultimate_heading\" data-id=\"7bd5f15\" data-element_type=\"widget\" data-e-type=\"widget\" data-widget_type=\"porto_ultimate_heading.default\">\n\t\t\t\t\t<div class=\"porto-u-heading  porto-u-ad87e2eaf3f9c495180fe0156ddf3eb0\"><div class=\"porto-u-main-heading\"><h2   >Creativity you can taste \u2013 food concepts that inspire<\/h2><\/div><div class=\"porto-u-sub-heading\" style=\"\"><p>We create innovative food concepts for your trade fair appearances and events, tailor-made to your individual ideas and requirements. We always stay up to date with the latest catering and food trends. Beyond classic finger food and canap\u00e9 selections, we offer you a comprehensive portfolio of international cuisine, diverse specialties, as well as matching beverages, snacks, and accessories. Fresh, seasonal ingredients form the foundation of our professional kitchen, ensuring not only variety and refreshing options.<\/p><\/div><style>.porto-u-ad87e2eaf3f9c495180fe0156ddf3eb0.porto-u-heading{text-align:left}<\/style><\/div>\t\t\t\t<\/div>\n\t\t\t\t<\/div>\n\t\t<div class=\"elementor-element elementor-element-5cd1b41 e-con-full e-flex e-con e-child\" data-id=\"5cd1b41\" data-element_type=\"container\" data-e-type=\"container\">\r\n\t\t<div class=\"elementor-element elementor-element-f561c79 e-con-full e-flex e-con e-child\" data-id=\"f561c79\" data-element_type=\"container\" data-e-type=\"container\">\r\n\t\t\t\t<div class=\"elementor-element elementor-element-2201e4d elementor-widget elementor-widget-image\" data-id=\"2201e4d\" data-element_type=\"widget\" data-e-type=\"widget\" data-widget_type=\"image.default\">\n\t\t\t\t\t\t\t\t\t\t\t\t\t\t\t<img fetchpriority=\"high\" decoding=\"async\" width=\"320\" height=\"213\" src=\"https:\/\/expovero.com\/wp-content\/uploads\/2026\/04\/ee66dbb5-7691-44e6-a4ca-579efe915554.png\" class=\"attachment-full size-full wp-image-9934\" alt=\"\" \/>\t\t\t\t\t\t\t\t\t\t\t\t\t\t\t<\/div>\n\t\t\t\t<\/div>\n\t\t<div class=\"elementor-element elementor-element-f8d3048 e-con-full e-flex e-con e-child\" data-id=\"f8d3048\" data-element_type=\"container\" data-e-type=\"container\">\r\n\t\t\t\t<div class=\"elementor-element elementor-element-d65a05e elementor-widget elementor-widget-image\" data-id=\"d65a05e\" data-element_type=\"widget\" data-e-type=\"widget\" data-widget_type=\"image.default\">\n\t\t\t\t\t\t\t\t\t\t\t\t\t\t\t<img decoding=\"async\" width=\"320\" height=\"213\" src=\"https:\/\/expovero.com\/wp-content\/uploads\/2026\/04\/089fbb86-0b40-47ba-8f16-9f68356cb0d2.png\" class=\"attachment-large size-large wp-image-9935\" alt=\"\" \/>\t\t\t\t\t\t\t\t\t\t\t\t\t\t\t<\/div>\n\t\t\t\t<div class=\"elementor-element elementor-element-83294db elementor-widget elementor-widget-image\" data-id=\"83294db\" data-element_type=\"widget\" data-e-type=\"widget\" data-widget_type=\"image.default\">\n\t\t\t\t\t\t\t\t\t\t\t\t\t\t\t<img decoding=\"async\" width=\"320\" height=\"213\" src=\"https:\/\/expovero.com\/wp-content\/uploads\/2026\/04\/32295dd8-8651-41fb-8c5a-c9ef1706420f.png\" class=\"attachment-large size-large wp-image-9936\" alt=\"\" \/>\t\t\t\t\t\t\t\t\t\t\t\t\t\t\t<\/div>\n\t\t\t\t<\/div>\n\t\t\t\t<\/div>\n\t\t\t\t\t<\/div>\n\t\t\t\t<\/div>\n\t\t\t\t<\/div>","protected":false},"excerpt":{"rendered":"<p>Food-Konzepte Kreativit\u00e4t, die man schmecken kann \u2013 Food-Konzepte, die begeistern Wir entwickeln innovative Food-Konzepte f\u00fcr Ihre Messeauftritte und Events, ma\u00dfgeschneidert nach Ihren individuellen Vorstellungen und Anforderungen. Dabei sind wir stets auf dem neuesten Stand aktueller Catering- und Food-Trends. \u00dcber klassische Fingerfood- und Canap\u00e9-Variationen hinaus bieten wir Ihnen ein umfassendes Portfolio internationaler Speisen, vielf\u00e4ltiger Spezialit\u00e4ten sowie [&hellip;]<\/p>\n","protected":false},"author":1,"featured_media":0,"parent":0,"menu_order":0,"comment_status":"closed","ping_status":"closed","template":"","meta":{"content-type":"","footnotes":""},"class_list":["post-8110","page","type-page","status-publish","hentry"],"_links":{"self":[{"href":"https:\/\/expovero.com\/en\/wp-json\/wp\/v2\/pages\/8110","targetHints":{"allow":["GET"]}}],"collection":[{"href":"https:\/\/expovero.com\/en\/wp-json\/wp\/v2\/pages"}],"about":[{"href":"https:\/\/expovero.com\/en\/wp-json\/wp\/v2\/types\/page"}],"author":[{"embeddable":true,"href":"https:\/\/expovero.com\/en\/wp-json\/wp\/v2\/users\/1"}],"replies":[{"embeddable":true,"href":"https:\/\/expovero.com\/en\/wp-json\/wp\/v2\/comments?post=8110"}],"version-history":[{"count":14,"href":"https:\/\/expovero.com\/en\/wp-json\/wp\/v2\/pages\/8110\/revisions"}],"predecessor-version":[{"id":10204,"href":"https:\/\/expovero.com\/en\/wp-json\/wp\/v2\/pages\/8110\/revisions\/10204"}],"wp:attachment":[{"href":"https:\/\/expovero.com\/en\/wp-json\/wp\/v2\/media?parent=8110"}],"curies":[{"name":"wp","href":"https:\/\/api.w.org\/{rel}","templated":true}]}}