{"id":8100,"date":"2026-03-23T20:29:47","date_gmt":"2026-03-23T20:29:47","guid":{"rendered":"https:\/\/expovero.com\/?page_id=8100"},"modified":"2026-04-07T11:23:09","modified_gmt":"2026-04-07T11:23:09","slug":"eventcatering","status":"publish","type":"page","link":"https:\/\/expovero.com\/en\/eventcatering\/","title":{"rendered":"Event Catering"},"content":{"rendered":"<div data-elementor-type=\"wp-page\" data-elementor-id=\"8100\" class=\"elementor elementor-8100\">\n\t\t\t\t<div class=\"porto_stretch_css stretch_row_css elementor-element elementor-element-fb0b45f e-con-full e-flex e-con e-parent\" data-id=\"fb0b45f\" data-element_type=\"container\" data-e-type=\"container\" data-settings=\"{&quot;background_background&quot;:&quot;classic&quot;}\">\r\n\t\t\t\t<div class=\"elementor-element elementor-element-f06d7d8 elementor-invisible elementor-widget elementor-widget-heading\" data-id=\"f06d7d8\" data-element_type=\"widget\" data-e-type=\"widget\" data-settings=\"{&quot;_animation&quot;:&quot;fadeInUp&quot;,&quot;_animation_delay&quot;:200}\" data-widget_type=\"heading.default\">\n\t\t\t\t\t<h2 class=\"elementor-heading-title elementor-size-default\">Event Catering<\/h2>\t\t\t\t<\/div>\n\t\t\t\t<\/div>\n\t\t<div class=\"elementor-element elementor-element-52d4c7f e-flex e-con-boxed e-con e-parent\" data-id=\"52d4c7f\" data-element_type=\"container\" data-e-type=\"container\">\r\n\t\t\t\t\t<div class=\"e-con-inner\">\r\n\t\t<div class=\"elementor-element elementor-element-77361d0 e-con-full e-flex e-con e-child\" data-id=\"77361d0\" data-element_type=\"container\" data-e-type=\"container\">\r\n\t\t\t\t<div class=\"elementor-element elementor-element-f53e26a elementor-widget elementor-widget-porto_ultimate_heading\" data-id=\"f53e26a\" data-element_type=\"widget\" data-e-type=\"widget\" data-widget_type=\"porto_ultimate_heading.default\">\n\t\t\t\t\t<div class=\"porto-u-heading  porto-u-ad87e2eaf3f9c495180fe0156ddf3eb0\"><div class=\"porto-u-main-heading\"><h2   >Experiences that delight the palate \u2013 your event catering for unforgettable moments<\/h2><\/div><div class=\"porto-u-sub-heading\" style=\"\"><p>With Expovero, your event becomes a lasting experience \u2014 with outstanding, diverse food concepts, flawless coordination of delivery, staff, and equipment, as well as professional support throughout your entire event. Whether it\u2019s private or family celebrations such as weddings, birthdays, or anniversaries, or large corporate events, we create not only the culinary concept but also inspiring ideas that turn your occasion into an unforgettable experience. Alongside our team\u2019s many years of experience and expertise, our highest standards of product quality and visual presentation are at the heart of everything we do, ensuring we exceed every expectation of our clients.<\/p><\/div><style>.porto-u-ad87e2eaf3f9c495180fe0156ddf3eb0.porto-u-heading{text-align:left}<\/style><\/div>\t\t\t\t<\/div>\n\t\t\t\t<\/div>\n\t\t<div class=\"elementor-element elementor-element-f4c7cec e-con-full e-flex e-con e-child\" data-id=\"f4c7cec\" data-element_type=\"container\" data-e-type=\"container\">\r\n\t\t\t\t<div class=\"elementor-element elementor-element-c26e252 elementor-widget elementor-widget-image\" data-id=\"c26e252\" data-element_type=\"widget\" data-e-type=\"widget\" data-widget_type=\"image.default\">\n\t\t\t\t\t\t\t\t\t\t\t\t\t\t\t<img fetchpriority=\"high\" decoding=\"async\" width=\"1024\" height=\"683\" src=\"https:\/\/expovero.com\/wp-content\/uploads\/2026\/03\/expo-affair-messe-catering-v1-1024x683-1.jpg\" class=\"attachment-full size-full wp-image-8106\" alt=\"\" srcset=\"https:\/\/expovero.com\/wp-content\/uploads\/2026\/03\/expo-affair-messe-catering-v1-1024x683-1.jpg 1024w, https:\/\/expovero.com\/wp-content\/uploads\/2026\/03\/expo-affair-messe-catering-v1-1024x683-1-768x512.jpg 768w, https:\/\/expovero.com\/wp-content\/uploads\/2026\/03\/expo-affair-messe-catering-v1-1024x683-1-640x427.jpg 640w, https:\/\/expovero.com\/wp-content\/uploads\/2026\/03\/expo-affair-messe-catering-v1-1024x683-1-400x267.jpg 400w, https:\/\/expovero.com\/wp-content\/uploads\/2026\/03\/expo-affair-messe-catering-v1-1024x683-1-600x400.jpg 600w\" sizes=\"(max-width: 1024px) 100vw, 1024px\" \/>\t\t\t\t\t\t\t\t\t\t\t\t\t\t\t<\/div>\n\t\t\t\t<\/div>\n\t\t\t\t\t<\/div>\n\t\t\t\t<\/div>\n\t\t\t\t<\/div>","protected":false},"excerpt":{"rendered":"<p>Eventcatering Erlebnisse, die schmecken \u2013 Ihr Eventcatering f\u00fcr unvergessliche Momente Mit Expovero wird Ihre Veranstaltung zu einem nachhaltigen Erlebnis \u2013 mit exzellenten, vielf\u00e4ltigen Foodkonzepten, perfekter Organisation von Lieferung, Personal und Equipment sowie der professionellen Betreuung Ihrer gesamten Veranstaltung. Ob private oder famili\u00e4re Feierlichkeiten wie Hochzeiten, Geburtstage oder Jubil\u00e4en oder gro\u00dfe gesch\u00e4ftliche Events \u2013 wir entwickeln [&hellip;]<\/p>\n","protected":false},"author":1,"featured_media":0,"parent":0,"menu_order":0,"comment_status":"closed","ping_status":"closed","template":"","meta":{"content-type":"","footnotes":""},"class_list":["post-8100","page","type-page","status-publish","hentry"],"_links":{"self":[{"href":"https:\/\/expovero.com\/en\/wp-json\/wp\/v2\/pages\/8100","targetHints":{"allow":["GET"]}}],"collection":[{"href":"https:\/\/expovero.com\/en\/wp-json\/wp\/v2\/pages"}],"about":[{"href":"https:\/\/expovero.com\/en\/wp-json\/wp\/v2\/types\/page"}],"author":[{"embeddable":true,"href":"https:\/\/expovero.com\/en\/wp-json\/wp\/v2\/users\/1"}],"replies":[{"embeddable":true,"href":"https:\/\/expovero.com\/en\/wp-json\/wp\/v2\/comments?post=8100"}],"version-history":[{"count":16,"href":"https:\/\/expovero.com\/en\/wp-json\/wp\/v2\/pages\/8100\/revisions"}],"predecessor-version":[{"id":10139,"href":"https:\/\/expovero.com\/en\/wp-json\/wp\/v2\/pages\/8100\/revisions\/10139"}],"wp:attachment":[{"href":"https:\/\/expovero.com\/en\/wp-json\/wp\/v2\/media?parent=8100"}],"curies":[{"name":"wp","href":"https:\/\/api.w.org\/{rel}","templated":true}]}}