{"id":2349,"date":"2025-02-27T16:31:08","date_gmt":"2025-02-27T16:31:08","guid":{"rendered":"http:\/\/sw-themes.com\/porto_dummy\/?page_id=2349"},"modified":"2026-04-10T09:18:33","modified_gmt":"2026-04-10T09:18:33","slug":"contact-us","status":"publish","type":"page","link":"https:\/\/expovero.com\/en\/contact-us\/","title":{"rendered":"Contact Us"},"content":{"rendered":"<div data-elementor-type=\"wp-page\" data-elementor-id=\"2349\" class=\"elementor elementor-2349\">\n\t\t\t\t<div class=\"elementor-element elementor-element-0549b08 e-flex e-con-boxed e-con e-parent\" data-id=\"0549b08\" data-element_type=\"container\" data-e-type=\"container\" data-settings=\"{&quot;background_background&quot;:&quot;classic&quot;}\">\r\n\t\t\t\t\t<div class=\"e-con-inner\">\r\n\t\t\t\t<div class=\"elementor-element elementor-element-b71a378 elementor-invisible elementor-widget elementor-widget-heading\" data-id=\"b71a378\" data-element_type=\"widget\" data-e-type=\"widget\" data-settings=\"{&quot;_animation&quot;:&quot;fadeInUp&quot;,&quot;_animation_delay&quot;:200}\" data-widget_type=\"heading.default\">\n\t\t\t\t\t<h2 class=\"elementor-heading-title elementor-size-default\">Contact Us<\/h2>\t\t\t\t<\/div>\n\t\t\t\t\t<\/div>\n\t\t\t\t<\/div>\n\t\t<div class=\"elementor-element elementor-element-637862a e-flex e-con-boxed e-con e-parent\" data-id=\"637862a\" data-element_type=\"container\" data-e-type=\"container\">\r\n\t\t\t\t\t<div class=\"e-con-inner\">\r\n\t\t<div class=\"elementor-element elementor-element-be01a78 e-con-full e-flex e-con e-child\" data-id=\"be01a78\" data-element_type=\"container\" data-e-type=\"container\" data-settings=\"{&quot;background_background&quot;:&quot;classic&quot;}\">\r\n\t\t<div class=\"elementor-element elementor-element-e5feb93 e-con-full e-flex e-con e-child\" data-id=\"e5feb93\" data-element_type=\"container\" data-e-type=\"container\">\r\n\t\t\t\t<div class=\"elementor-element elementor-element-15adc97 elementor-invisible elementor-widget elementor-widget-heading\" data-id=\"15adc97\" data-element_type=\"widget\" data-e-type=\"widget\" data-settings=\"{&quot;_animation&quot;:&quot;fadeInUp&quot;,&quot;_animation_delay&quot;:400}\" data-widget_type=\"heading.default\">\n\t\t\t\t\t<h2 class=\"elementor-heading-title elementor-size-default\">Your Contact Team <br> Directly on site<\/h2>\t\t\t\t<\/div>\n\t\t\t\t<div class=\"elementor-element elementor-element-dd733e3 elementor-widget elementor-widget-heading\" data-id=\"dd733e3\" data-element_type=\"widget\" data-e-type=\"widget\" data-widget_type=\"heading.default\">\n\t\t\t\t\t<p class=\"elementor-heading-title elementor-size-default\"><label style=\"color: #262626;font-weight: 700\">\n  <i class=\"fas fa-envelope\" style=\"margin-right: 6px\"><\/i>\n  <a href=\"mailto:messehannover@expovero.com\" style=\"text-decoration: underline\">\n    D\u00fcsseldorf Trade Fair\n  <\/a>\n<\/label><\/p>\t\t\t\t<\/div>\n\t\t\t\t<div class=\"elementor-element elementor-element-41f3dc7 elementor-widget elementor-widget-heading\" data-id=\"41f3dc7\" data-element_type=\"widget\" data-e-type=\"widget\" data-widget_type=\"heading.default\">\n\t\t\t\t\t<p class=\"elementor-heading-title elementor-size-default\"><label style=\"color: #262626;font-weight: 700\">\n  <i class=\"fas fa-envelope\" style=\"margin-right: 6px\"><\/i>\n  <a href=\"mailto:messekoeln@expovero.com\" style=\"text-decoration: underline\">\n    K\u00f6ln Trade Fair\n  <\/a>\n<\/label><\/p>\t\t\t\t<\/div>\n\t\t\t\t<div class=\"elementor-element elementor-element-c80f392 elementor-widget elementor-widget-heading\" data-id=\"c80f392\" data-element_type=\"widget\" data-e-type=\"widget\" data-widget_type=\"heading.default\">\n\t\t\t\t\t<p class=\"elementor-heading-title elementor-size-default\"><label style=\"color: #262626;font-weight: 700\">\n  <i class=\"fas fa-envelope\" style=\"margin-right: 6px\"><\/i>\n  <a href=\"mailto:messedortmund@expovero.com\" style=\"text-decoration: underline\">\n    Dortmund Trade Fair\n  <\/a>\n<\/label><\/p>\t\t\t\t<\/div>\n\t\t\t\t<div class=\"elementor-element elementor-element-90a8885 elementor-widget elementor-widget-heading\" data-id=\"90a8885\" data-element_type=\"widget\" data-e-type=\"widget\" data-widget_type=\"heading.default\">\n\t\t\t\t\t<p class=\"elementor-heading-title elementor-size-default\"><label style=\"color: #262626;font-weight: 700\">\n  <i class=\"fas fa-envelope\" style=\"margin-right: 6px\"><\/i>\n  <a href=\"mailto:messeessen@expovero.com\" style=\"text-decoration: underline\">\n    Essen Trade Fair\n  <\/a>\n<\/label><\/p>\t\t\t\t<\/div>\n\t\t\t\t<div class=\"elementor-element elementor-element-9edbe0d elementor-widget elementor-widget-heading\" data-id=\"9edbe0d\" data-element_type=\"widget\" data-e-type=\"widget\" data-widget_type=\"heading.default\">\n\t\t\t\t\t<p class=\"elementor-heading-title elementor-size-default\"><label style=\"color: #262626;font-weight: 700\">\n  <i class=\"fas fa-envelope\" style=\"margin-right: 6px\"><\/i>\n  <a href=\"mailto:messehannover@expovero.com\" style=\"text-decoration: underline\">\n    Hannover Trade Fair\n  <\/a>\n<\/label><\/p>\t\t\t\t<\/div>\n\t\t\t\t<div class=\"elementor-element elementor-element-55cbc4f elementor-widget elementor-widget-heading\" data-id=\"55cbc4f\" data-element_type=\"widget\" data-e-type=\"widget\" data-widget_type=\"heading.default\">\n\t\t\t\t\t<p class=\"elementor-heading-title elementor-size-default\"><label style=\"color: #262626;font-weight: 700\">\n  <i class=\"fas fa-envelope\" style=\"margin-right: 6px\"><\/i>\n  <a href=\"mailto:messefrankfurt@expovero.com\" style=\"text-decoration: underline\">\n    Frankfurt Trade Fair\n  <\/a>\n<\/label><\/p>\t\t\t\t<\/div>\n\t\t\t\t<div class=\"elementor-element elementor-element-648911b elementor-widget elementor-widget-heading\" data-id=\"648911b\" data-element_type=\"widget\" data-e-type=\"widget\" data-widget_type=\"heading.default\">\n\t\t\t\t\t<p class=\"elementor-heading-title elementor-size-default\"><label style=\"color: #262626;font-weight: 700\">\n  <i class=\"fas fa-envelope\" style=\"margin-right: 6px\"><\/i>\n  <a href=\"mailto:messemuenchen@expovero.com\" style=\"text-decoration: underline\">\n    M\u00fcnchen Trade Fair\n  <\/a>\n<\/label><\/p>\t\t\t\t<\/div>\n\t\t\t\t<div class=\"elementor-element elementor-element-82637fb elementor-widget elementor-widget-heading\" data-id=\"82637fb\" data-element_type=\"widget\" data-e-type=\"widget\" data-widget_type=\"heading.default\">\n\t\t\t\t\t<p class=\"elementor-heading-title elementor-size-default\"><label style=\"color: #262626;font-weight: 700\">\n  <i class=\"fas fa-envelope\" style=\"margin-right: 6px\"><\/i>\n  <a href=\"mailto:messestuttgart@expovero.com\" style=\"text-decoration: underline\">\n    Stuttgart Trade Fair\n  <\/a>\n<\/label><\/p>\t\t\t\t<\/div>\n\t\t\t\t<div class=\"elementor-element elementor-element-89b59fc elementor-widget elementor-widget-heading\" data-id=\"89b59fc\" data-element_type=\"widget\" data-e-type=\"widget\" data-widget_type=\"heading.default\">\n\t\t\t\t\t<p class=\"elementor-heading-title elementor-size-default\"><label style=\"color: #262626;font-weight: 700\">\n  <i class=\"fas fa-envelope\" style=\"margin-right: 6px\"><\/i>\n  <a href=\"mailto:messenuernberg@expovero.com\" style=\"text-decoration: underline\">\n    N\u00fcrnberg Trade Fair\n  <\/a>\n<\/label><\/p>\t\t\t\t<\/div>\n\t\t\t\t<div class=\"elementor-element elementor-element-8d01532 elementor-widget elementor-widget-heading\" data-id=\"8d01532\" data-element_type=\"widget\" data-e-type=\"widget\" data-widget_type=\"heading.default\">\n\t\t\t\t\t<p class=\"elementor-heading-title elementor-size-default\"><label style=\"color: #262626;font-weight: 700\">\n  <i class=\"fas fa-envelope\" style=\"margin-right: 6px\"><\/i>\n  <a href=\"mailto:messehamburg@expovero.com\" style=\"text-decoration: underline\">\n    Hamburg Trade Fair\n  <\/a>\n<\/label><\/p>\t\t\t\t<\/div>\n\t\t\t\t<div class=\"elementor-element elementor-element-8cbbdf2 elementor-widget elementor-widget-heading\" data-id=\"8cbbdf2\" data-element_type=\"widget\" data-e-type=\"widget\" data-widget_type=\"heading.default\">\n\t\t\t\t\t<p class=\"elementor-heading-title elementor-size-default\"><label style=\"color: #262626;font-weight: 700\">\n  <i class=\"fas fa-envelope\" style=\"margin-right: 6px\"><\/i>\n  <a href=\"mailto:messeberlin@expovero.com\" style=\"text-decoration: underline\">\n    Berlin Trade Fair\n  <\/a>\n<\/label><\/p>\t\t\t\t<\/div>\n\t\t\t\t<\/div>\n\t\t<div class=\"elementor-element elementor-element-db22e75 e-con-full e-flex e-con e-child\" data-id=\"db22e75\" data-element_type=\"container\" data-e-type=\"container\">\r\n\t\t\t\t<div class=\"elementor-element elementor-element-13dbb70 elementor-invisible elementor-widget elementor-widget-heading\" data-id=\"13dbb70\" data-element_type=\"widget\" data-e-type=\"widget\" data-settings=\"{&quot;_animation&quot;:&quot;fadeInUp&quot;,&quot;_animation_delay&quot;:400}\" data-widget_type=\"heading.default\">\n\t\t\t\t\t<h2 class=\"elementor-heading-title elementor-size-default\">Visit Us<\/h2>\t\t\t\t<\/div>\n\t\t\t\t<div class=\"elementor-element elementor-element-294ced1 elementor-widget elementor-widget-heading\" data-id=\"294ced1\" data-element_type=\"widget\" data-e-type=\"widget\" data-widget_type=\"heading.default\">\n\t\t\t\t\t<p class=\"elementor-heading-title elementor-size-default\"><label style='color: #262626;font-weight: 700'>Address:<\/label> expovero GmbH\n\n<br>Hans B\u00f6ckler Strasse 20 47877 Willich<\/p>\t\t\t\t<\/div>\n\t\t\t\t<div class=\"elementor-element elementor-element-b6f9fd2 elementor-widget elementor-widget-heading\" data-id=\"b6f9fd2\" data-element_type=\"widget\" data-e-type=\"widget\" data-widget_type=\"heading.default\">\n\t\t\t\t\t<p class=\"elementor-heading-title elementor-size-default\"><label style='color: #262626;font-weight: 700'>Phone:<\/label> +49 2154 885 880<\/p>\t\t\t\t<\/div>\n\t\t\t\t<div class=\"elementor-element elementor-element-1d184a2 elementor-widget elementor-widget-heading\" data-id=\"1d184a2\" data-element_type=\"widget\" data-e-type=\"widget\" data-widget_type=\"heading.default\">\n\t\t\t\t\t<p class=\"elementor-heading-title elementor-size-default\"><label style='color: #262626;font-weight: 700'>Fax:<\/label> +49 2154 885 880<\/p>\t\t\t\t<\/div>\n\t\t\t\t<div class=\"elementor-element elementor-element-58b7850 elementor-widget elementor-widget-heading\" data-id=\"58b7850\" data-element_type=\"widget\" data-e-type=\"widget\" data-widget_type=\"heading.default\">\n\t\t\t\t\t<p class=\"elementor-heading-title elementor-size-default\"><label style='color: #262626;font-weight: 700'>Email Inquiries:<\/label> catering@expovero.com<\/p>\t\t\t\t<\/div>\n\t\t\t\t<div class=\"elementor-element elementor-element-e8825aa elementor-widget__width-initial overflow-hidden elementor-widget elementor-widget-porto_google_map\" data-id=\"e8825aa\" data-element_type=\"widget\" data-e-type=\"widget\" data-widget_type=\"porto_google_map.default\">\n\t\t\t\t\t<div id='wrap_map_69e7c6182b835' class='porto-map-wrapper' style='height:222px;'><div id='map_69e7c6182b835' data-map_override='0' class='porto_google_map page_margin_top' style='width:100%;height:222px;'><\/div><\/div><script>\r\n( function() {\r\n\tvar porto_init_map = function() {\r\n\t\t( function( $ ) {\r\n\t\t\t'use strict';\r\n\t\t\tif (typeof google == 'undefined') {\r\n\t\t\t\treturn;\r\n\t\t\t}\r\n\t\t\tvar map_map_69e7c6182b835 = null;\r\n\t\t\tvar coordinate_map_69e7c6182b835;\r\n\t\t\ttry {\r\n\t\t\t\tcoordinate_map_69e7c6182b835=new google.maps.LatLng(40.7528214, -73.9580603);\r\n\t\t\t\tvar isDraggable = $(document).width() > 640 ? true : false;\r\n\t\t\t\tvar mapOptions = {\r\n\t\t\t\t\tzoom: 12,\r\n\t\t\t\t\tcenter: coordinate_map_69e7c6182b835,\r\n\t\t\t\t\tscaleControl: true,\r\n\t\t\t\t\tstreetViewControl: false,\r\n\t\t\t\t\tmapTypeControl: false,\r\n\t\t\t\t\tpanControl: false,\r\n\t\t\t\t\tzoomControl: false,\r\n\t\t\t\t\tscrollwheel: true,\r\n\t\t\t\t\tdraggable: isDraggable,\r\n\t\t\t\t\tzoomControlOptions: {\r\n\t\t\t\t\t\tposition: google.maps.ControlPosition.RIGHT_BOTTOM\r\n\t\t\t\t\t},mapTypeId: google.maps.MapTypeId.ROADMAP,};var map_map_69e7c6182b835 = new google.maps.Map(document.getElementById('map_69e7c6182b835'),mapOptions);\r\n\t\t\t\t\t\tvar x = 'on';\r\n\t\t\t\t\t\tvar marker_map_69e7c6182b835 = new google.maps.Marker({\r\n\t\t\t\t\t\tposition: new google.maps.LatLng(40.7528214, -73.9580603),\r\n\t\t\t\t\t\tanimation:  google.maps.Animation.DROP,\r\n\t\t\t\t\t\tmap: map_map_69e7c6182b835,\r\n\t\t\t\t\t\ticon: ''\r\n\t\t\t\t\t});\r\n\t\t\t\t\tgoogle.maps.event.addListener(marker_map_69e7c6182b835, 'click', toggleBounce);}\r\n\t\t\tcatch(e){};\r\n\t\t\tgoogle.maps.event.trigger(map_map_69e7c6182b835, 'resize');\r\n\t\t\t$(window).on('resize', function(){\r\n\t\t\t\tgoogle.maps.event.trigger(map_map_69e7c6182b835, 'resize');\r\n\t\t\t\tif(map_map_69e7c6182b835!=null) {\r\n\t\t\t\t\tmap_map_69e7c6182b835.setCenter(coordinate_map_69e7c6182b835);\r\n\t\t\t\t}\r\n\t\t\t});\r\n\t\t\t$('.ui-tabs').on('tabsactivate', function(event, ui) {\r\n\t\t\t   if($(this).find('.porto-map-wrapper').length > 0)\r\n\t\t\t\t{\r\n\t\t\t\t\tsetTimeout(function(){\r\n\t\t\t\t\t\t$(window).trigger('resize');\r\n\t\t\t\t\t},200);\r\n\t\t\t\t}\r\n\t\t\t});\r\n\t\t\t$('.ui-accordion').on('accordionactivate', function(event, ui) {\r\n\t\t\t\tif($(this).find('.porto-map-wrapper').length > 0) {\r\n\t\t\t\t\tsetTimeout(function(){\r\n\t\t\t\t\t\t$(window).trigger('resize');\r\n\t\t\t\t\t},200);\r\n\t\t\t\t}\r\n\t\t\t});\r\n\t\t\t$(document).on('onPortoModalPopupOpen', function(){\r\n\t\t\t\tif($(map_map_69e7c6182b835).parents('.porto_modal-content')) {\r\n\t\t\t\t\tsetTimeout(function(){\r\n\t\t\t\t\t\t$(window).trigger('resize');\r\n\t\t\t\t\t},200);\r\n\t\t\t\t}\r\n\t\t\t});\r\n\t\t\tfunction toggleBounce() {\r\n\t\t\t\tif (marker_map_69e7c6182b835.getAnimation() != null) {\r\n\t\t\t\t\tmarker_map_69e7c6182b835.setAnimation(null);\r\n\t\t\t\t} else {\r\n\t\t\t\t\tmarker_map_69e7c6182b835.setAnimation(google.maps.Animation.BOUNCE);\r\n\t\t\t\t}\r\n\t\t\t}\r\n\t\t} )( window.jQuery );\r\n\t};\r\n\r\n\tif ( window.jQuery ) {\r\n\t\tjQuery( document ).ready(function() {\r\n\t\t\tporto_init_map();\r\n\t\t} );\r\n\t} else {\r\n\t\tdocument.addEventListener( 'DOMContentLoaded', porto_init_map );\r\n\t}\r\n\r\n\twindow.addEventListener( 'load', function() {\r\n\t\tsetTimeout( function() {\r\n\t\t\tjQuery( window ).trigger( 'resize' );\r\n\t\t}, 200 );\r\n\t} );\r\n} )();\r\n<\/script>\t\t\t\t<\/div>\n\t\t\t\t<\/div>\n\t\t\t\t<\/div>\n\t\t<div class=\"elementor-element elementor-element-4717079 e-con-full e-flex e-con e-child\" data-id=\"4717079\" data-element_type=\"container\" data-e-type=\"container\" data-settings=\"{&quot;background_background&quot;:&quot;classic&quot;}\">\r\n\t\t<div class=\"elementor-element elementor-element-ab73b31 e-con-full e-flex e-con e-child\" data-id=\"ab73b31\" data-element_type=\"container\" data-e-type=\"container\">\r\n\t\t\t\t<div class=\"elementor-element elementor-element-d79054a elementor-invisible elementor-widget elementor-widget-porto_info_box\" data-id=\"d79054a\" data-element_type=\"widget\" data-e-type=\"widget\" data-settings=\"{&quot;_animation&quot;:&quot;fadeInUp&quot;,&quot;_animation_delay&quot;:200}\" data-widget_type=\"porto_info_box.default\">\n\t\t\t\t\t<div class=\"porto-sicon-box style_1 top-icon text-left\"><div class=\"porto-sicon-top\"><div class=\"porto-just-icon-wrapper porto-sicon-img  porto-icon-d751713988987e9331980363e24189ce\" style=\"\"><img decoding=\"async\" class=\"img-icon\" alt=\"\" src=\"http:\/\/2192\" width=\"\" height=\"\" \/><\/div><\/div><\/div><!-- porto-sicon-box -->\t\t\t\t<\/div>\n\t\t\t\t<div class=\"elementor-element elementor-element-60de67a elementor-invisible elementor-widget elementor-widget-heading\" data-id=\"60de67a\" data-element_type=\"widget\" data-e-type=\"widget\" data-settings=\"{&quot;_animation&quot;:&quot;textEntrance&quot;,&quot;_animation_delay&quot;:400}\" data-widget_type=\"heading.default\">\n\t\t\t\t\t<h2 class=\"elementor-heading-title elementor-size-default\">Contact form<\/h2>\t\t\t\t<\/div>\n\t\t\t\t<div class=\"elementor-element elementor-element-ae46f2c elementor-invisible elementor-widget elementor-widget-porto_info_box\" data-id=\"ae46f2c\" data-element_type=\"widget\" data-e-type=\"widget\" data-settings=\"{&quot;_animation&quot;:&quot;fadeInUp&quot;,&quot;_animation_delay&quot;:600}\" data-widget_type=\"porto_info_box.default\">\n\t\t\t\t\t<div class=\"porto-sicon-box style_1 default-icon\"><div class=\"porto-sicon-default\"><div class=\"porto-just-icon-wrapper porto-sicon-img  porto-icon-d751713988987e9331980363e24189ce\" style=\"\"><img decoding=\"async\" class=\"img-icon\" alt=\"\" src=\"http:\/\/2193\" width=\"\" height=\"\" \/><\/div><\/div><div class=\"porto-sicon-header\"><h3 class=\"porto-sicon-title\" style=\"\">We respond promptly, usually within 24 hours.<\/h3><\/div> <!-- header --><\/div><!-- porto-sicon-box -->\t\t\t\t<\/div>\n\t\t\t\t<\/div>\n\t\t<div class=\"elementor-element elementor-element-61643f4 e-con-full e-flex e-con e-child\" data-id=\"61643f4\" data-element_type=\"container\" data-e-type=\"container\">\r\n\t\t\t\t<div class=\"elementor-element elementor-element-dd6b4c5 custom-contact elementor-widget elementor-widget-porto_contact_form\" data-id=\"dd6b4c5\" data-element_type=\"widget\" data-e-type=\"widget\" data-widget_type=\"porto_contact_form.default\">\n\t\t\t\t\t\n<div class=\"wpcf7 no-js\" id=\"wpcf7-f2870-o1\" lang=\"en-US\" dir=\"ltr\" data-wpcf7-id=\"2870\">\n<div class=\"screen-reader-response\"><p role=\"status\" aria-live=\"polite\" aria-atomic=\"true\"><\/p> <ul><\/ul><\/div>\n<form action=\"\/en\/wp-json\/wp\/v2\/pages\/2349#wpcf7-f2870-o1\" method=\"post\" class=\"wpcf7-form init\" aria-label=\"Contact form\" novalidate=\"novalidate\" data-status=\"init\" data-trp-original-action=\"\/en\/wp-json\/wp\/v2\/pages\/2349#wpcf7-f2870-o1\">\n<fieldset class=\"hidden-fields-container\"><input type=\"hidden\" name=\"_wpcf7\" value=\"2870\" \/><input type=\"hidden\" name=\"_wpcf7_version\" value=\"6.1.5\" \/><input type=\"hidden\" name=\"_wpcf7_locale\" value=\"en_US\" \/><input type=\"hidden\" name=\"_wpcf7_unit_tag\" value=\"wpcf7-f2870-o1\" \/><input type=\"hidden\" name=\"_wpcf7_container_post\" value=\"0\" \/><input type=\"hidden\" name=\"_wpcf7_posted_data_hash\" value=\"\" \/>\n<\/fieldset>\n<p style=\"margin-bottom: 19px;\"><span class=\"wpcf7-form-control-wrap\" data-name=\"your-name\"><input size=\"40\" maxlength=\"400\" class=\"wpcf7-form-control wpcf7-text wpcf7-validates-as-required form-control\" id=\"contact-name\" aria-required=\"true\" aria-invalid=\"false\" placeholder=\"Name *\" value=\"\" type=\"text\" name=\"your-name\" \/><\/span><\/p>\n<p style=\"margin-bottom: 19px;\"><span class=\"wpcf7-form-control-wrap\" data-name=\"your-email\"><input size=\"40\" maxlength=\"400\" class=\"wpcf7-form-control wpcf7-email wpcf7-validates-as-required wpcf7-text wpcf7-validates-as-email form-control\" id=\"contact-email\" aria-required=\"true\" aria-invalid=\"false\" placeholder=\"E-mail *\" value=\"\" type=\"email\" name=\"your-email\" \/><\/span><\/p>\n<p style=\"margin-bottom: 19px;\"><span class=\"wpcf7-form-control-wrap\" data-name=\"your-phone\"><input size=\"40\" maxlength=\"400\" class=\"wpcf7-form-control wpcf7-text wpcf7-validates-as-required form-control\" id=\"contact-phone\" aria-required=\"true\" aria-invalid=\"false\" placeholder=\"Phone *\" value=\"\" type=\"text\" name=\"your-phone\" \/><\/span><\/p>\n<p style=\"margin-bottom: 2.65rem;\"><span class=\"wpcf7-form-control-wrap\" data-name=\"your-message\"><textarea cols=\"40\" rows=\"8\" maxlength=\"2000\" class=\"wpcf7-form-control wpcf7-textarea wpcf7-validates-as-required form-control\" id=\"contact-message\" aria-required=\"true\" aria-invalid=\"false\" placeholder=\"Message *\" name=\"your-message\"><\/textarea><\/span><\/p>\n<p class=\"mb-0\"><input class=\"wpcf7-form-control wpcf7-submit has-spinner\" type=\"submit\" value=\"Contact Us Now\" \/><\/p><div class=\"wpcf7-response-output\" aria-hidden=\"true\"><\/div>\n<input type=\"hidden\" name=\"trp-form-language\" value=\"en\"\/><\/form>\n<\/div>\n\t\t\t\t<\/div>\n\t\t\t\t<\/div>\n\t\t\t\t<\/div>\n\t\t\t\t\t<\/div>\n\t\t\t\t<\/div>\n\t\t\t\t<\/div>","protected":false},"excerpt":{"rendered":"<p>Contact Us Ihre Ansprechpartner direkt vor Ort: Messe D\u00fcsseldorf Messe K\u00f6ln Messe Dortmund Messe Essen Messe Hannover Messe Frankfurt Messe M\u00fcnchen Messe Stuttgart Messe N\u00fcrnberg Messe Hamburg Messe Berlin Besuchen Sie uns Anschrift: expovero GmbH Hans B\u00f6ckler Strasse 20 47877 Willich Telefon: +49 2154 885 880 Fax: +49 2154 885 880 Anfragen an: catering@expovero.com Kontaktformular [&hellip;]<\/p>\n","protected":false},"author":1,"featured_media":0,"parent":0,"menu_order":0,"comment_status":"closed","ping_status":"closed","template":"","meta":{"content-type":"","footnotes":""},"class_list":["post-2349","page","type-page","status-publish","hentry"],"_links":{"self":[{"href":"https:\/\/expovero.com\/en\/wp-json\/wp\/v2\/pages\/2349","targetHints":{"allow":["GET"]}}],"collection":[{"href":"https:\/\/expovero.com\/en\/wp-json\/wp\/v2\/pages"}],"about":[{"href":"https:\/\/expovero.com\/en\/wp-json\/wp\/v2\/types\/page"}],"author":[{"embeddable":true,"href":"https:\/\/expovero.com\/en\/wp-json\/wp\/v2\/users\/1"}],"replies":[{"embeddable":true,"href":"https:\/\/expovero.com\/en\/wp-json\/wp\/v2\/comments?post=2349"}],"version-history":[{"count":61,"href":"https:\/\/expovero.com\/en\/wp-json\/wp\/v2\/pages\/2349\/revisions"}],"predecessor-version":[{"id":10273,"href":"https:\/\/expovero.com\/en\/wp-json\/wp\/v2\/pages\/2349\/revisions\/10273"}],"wp:attachment":[{"href":"https:\/\/expovero.com\/en\/wp-json\/wp\/v2\/media?parent=2349"}],"curies":[{"name":"wp","href":"https:\/\/api.w.org\/{rel}","templated":true}]}}