{"id":10394,"date":"2026-05-14T12:34:53","date_gmt":"2026-05-14T12:34:53","guid":{"rendered":"https:\/\/expovero.com\/?page_id=10394"},"modified":"2026-05-14T13:42:05","modified_gmt":"2026-05-14T13:42:05","slug":"messestandreinigung","status":"publish","type":"page","link":"https:\/\/expovero.com\/en\/messestandreinigung\/","title":{"rendered":"Messestandreinigung\u00a0"},"content":{"rendered":"<div data-elementor-type=\"wp-page\" data-elementor-id=\"10394\" class=\"elementor elementor-10394\">\n\t\t\t\t<div class=\"porto_stretch_css stretch_row_css elementor-element elementor-element-1d12aa9 e-con-full e-flex e-con e-parent\" data-id=\"1d12aa9\" data-element_type=\"container\" data-e-type=\"container\" data-settings=\"{&quot;background_background&quot;:&quot;classic&quot;}\">\r\n\t\t\t\t<div class=\"elementor-element elementor-element-e277c7f elementor-invisible elementor-widget elementor-widget-heading\" data-id=\"e277c7f\" data-element_type=\"widget\" data-e-type=\"widget\" data-settings=\"{&quot;_animation&quot;:&quot;fadeInUp&quot;,&quot;_animation_delay&quot;:200}\" data-widget_type=\"heading.default\">\n\t\t\t\t\t<h2 class=\"elementor-heading-title elementor-size-default\">Messestandreinigung\u00a0<\/h2>\t\t\t\t<\/div>\n\t\t\t\t<\/div>\n\t\t<div class=\"elementor-element elementor-element-aaf6a58 e-con-full e-flex e-con e-parent\" data-id=\"aaf6a58\" data-element_type=\"container\" data-e-type=\"container\">\r\n\t\t<div class=\"elementor-element elementor-element-5f4b418 e-con-full e-flex e-con e-child\" data-id=\"5f4b418\" data-element_type=\"container\" data-e-type=\"container\">\r\n\t\t\t\t<div class=\"elementor-element elementor-element-cd40dfb elementor-widget elementor-widget-porto_ultimate_heading\" data-id=\"cd40dfb\" data-element_type=\"widget\" data-e-type=\"widget\" data-widget_type=\"porto_ultimate_heading.default\">\n\t\t\t\t\t<div class=\"porto-u-heading  porto-u-55ca8359258f9a412be7e73af65d2aac\"><div class=\"porto-u-main-heading\"><h2   >Perfekte Sauberkeit f\u00fcr Ihren erfolgreichen Messeauftritt<\/h2><\/div><style>.porto-u-55ca8359258f9a412be7e73af65d2aac.porto-u-heading{text-align:center}<\/style><\/div>\t\t\t\t<\/div>\n\t\t\t\t<div class=\"elementor-element elementor-element-8751732 elementor-widget elementor-widget-text-editor\" data-id=\"8751732\" data-element_type=\"widget\" data-e-type=\"widget\" data-widget_type=\"text-editor.default\">\n\t\t\t\t\t\t\t\t\t<p><span data-olk-copy-source=\"MessageBody\">Ein sauberer und gepflegter Messestand ist weit mehr als nur Ordnung \u2013 er ist der erste Eindruck, den Ihre G\u00e4ste, Kunden und Gesch\u00e4ftspartner von Ihrem Unternehmen erhalten. Gerade auf Messen entscheidet oft der erste Moment dar\u00fcber, wie professionell und hochwertig Ihre Marke wahrgenommen wird.<br \/><br \/><\/span>Mit dem Reinigungsservice von expovero sorgen Sie daf\u00fcr, dass Ihr Stand jederzeit einen einladenden, repr\u00e4sentativen und makellosen Eindruck hinterl\u00e4sst.<br \/>Wir bieten sowohl eine gr\u00fcndliche Grundreinigung vor Messebeginn als auch t\u00e4gliche Reinigungen w\u00e4hrend der gesamten Veranstaltung an. Dabei k\u00fcmmern wir uns zuverl\u00e4ssig um B\u00f6den, Oberfl\u00e4chen, M\u00f6bel, K\u00fcchenbereiche sowie alle stark frequentierten Fl\u00e4chen. Unser erfahrenes Team arbeitet diskret, effizient und exakt abgestimmt auf Ihre Messezeiten, damit Ihr Auftritt jederzeit perfekt vorbereitet ist.<br \/><br \/>Denn Sauberkeit schafft Vertrauen, steigert das Wohlbefinden Ihrer Besucher und unterstreicht die Qualit\u00e4t Ihres Unternehmens. Mit expovero k\u00f6nnen Sie sich voll und ganz auf Ihre Kunden und Ihren Messeerfolg konzentrieren \u2013 wir k\u00fcmmern uns um den perfekten Zustand Ihres Messestands.<\/p>\t\t\t\t\t\t\t\t<\/div>\n\t\t\t\t<div class=\"elementor-element elementor-element-df6993a elementor-widget elementor-widget-porto_button\" data-id=\"df6993a\" data-element_type=\"widget\" data-e-type=\"widget\" data-settings=\"{&quot;align&quot;:&quot;right&quot;}\" data-widget_type=\"porto_button.default\">\n\t\t\t\t\t<a class=\"btn btn-md btn-primary\" href=\"mailto:catering@expoaffair.com\"><span >Schreiben Sie uns<\/span><\/a>\t\t\t\t<\/div>\n\t\t\t\t<\/div>\n\t\t<div class=\"elementor-element elementor-element-dd0e5d2 e-con-full e-flex e-con e-child\" data-id=\"dd0e5d2\" data-element_type=\"container\" data-e-type=\"container\">\r\n\t\t\t\t<div class=\"elementor-element elementor-element-8b261d2 elementor-widget elementor-widget-image\" data-id=\"8b261d2\" data-element_type=\"widget\" data-e-type=\"widget\" data-widget_type=\"image.default\">\n\t\t\t\t\t\t\t\t\t\t\t\t\t\t\t<img fetchpriority=\"high\" decoding=\"async\" width=\"640\" height=\"427\" src=\"https:\/\/expovero.com\/wp-content\/uploads\/2026\/05\/download-1.png\" class=\"attachment-large size-large wp-image-10398\" alt=\"\" srcset=\"https:\/\/expovero.com\/wp-content\/uploads\/2026\/05\/download-1.png 640w, https:\/\/expovero.com\/wp-content\/uploads\/2026\/05\/download-1-400x267.png 400w, https:\/\/expovero.com\/wp-content\/uploads\/2026\/05\/download-1-600x400.png 600w\" sizes=\"(max-width: 640px) 100vw, 640px\" \/>\t\t\t\t\t\t\t\t\t\t\t\t\t\t\t<\/div>\n\t\t\t\t<\/div>\n\t\t\t\t<\/div>\n\t\t\t\t<\/div>","protected":false},"excerpt":{"rendered":"<p>Messestandreinigung\u00a0 Perfekte Sauberkeit f\u00fcr Ihren erfolgreichen Messeauftritt Ein sauberer und gepflegter Messestand ist weit mehr als nur Ordnung \u2013 er ist der erste Eindruck, den Ihre G\u00e4ste, Kunden und Gesch\u00e4ftspartner von Ihrem Unternehmen erhalten. Gerade auf Messen entscheidet oft der erste Moment dar\u00fcber, wie professionell und hochwertig Ihre Marke wahrgenommen wird. Mit dem Reinigungsservice von [&hellip;]<\/p>\n","protected":false},"author":1,"featured_media":0,"parent":0,"menu_order":0,"comment_status":"closed","ping_status":"closed","template":"","meta":{"content-type":"","footnotes":""},"class_list":["post-10394","page","type-page","status-publish","hentry"],"_links":{"self":[{"href":"https:\/\/expovero.com\/en\/wp-json\/wp\/v2\/pages\/10394","targetHints":{"allow":["GET"]}}],"collection":[{"href":"https:\/\/expovero.com\/en\/wp-json\/wp\/v2\/pages"}],"about":[{"href":"https:\/\/expovero.com\/en\/wp-json\/wp\/v2\/types\/page"}],"author":[{"embeddable":true,"href":"https:\/\/expovero.com\/en\/wp-json\/wp\/v2\/users\/1"}],"replies":[{"embeddable":true,"href":"https:\/\/expovero.com\/en\/wp-json\/wp\/v2\/comments?post=10394"}],"version-history":[{"count":28,"href":"https:\/\/expovero.com\/en\/wp-json\/wp\/v2\/pages\/10394\/revisions"}],"predecessor-version":[{"id":10455,"href":"https:\/\/expovero.com\/en\/wp-json\/wp\/v2\/pages\/10394\/revisions\/10455"}],"wp:attachment":[{"href":"https:\/\/expovero.com\/en\/wp-json\/wp\/v2\/media?parent=10394"}],"curies":[{"name":"wp","href":"https:\/\/api.w.org\/{rel}","templated":true}]}}